{"id":4483,"date":"2017-11-01T14:44:28","date_gmt":"2017-11-01T13:44:28","guid":{"rendered":"http:\/\/cobayesdelazinsel.fr\/?page_id=4483"},"modified":"2020-01-23T21:28:23","modified_gmt":"2020-01-23T20:28:23","slug":"les-chons-demeraude","status":"publish","type":"page","link":"https:\/\/cobayesdelazinsel.fr\/index.php\/reproducteurs\/les-chons-demeraude\/","title":{"rendered":"Les Chons d&#8217;Emeraude"},"content":{"rendered":"<p>C&#8217;est par le biais de notre passion commune que Fabrice et moi nous sommes rencontr\u00e9s et sommes devenus des amis fid\u00e8les.<\/p>\n<p>Nous partageons la m\u00eame \u00e9thique d&#8217;\u00e9levage, c&#8217;est donc tout naturellement que nous s\u00e9lectionnons ensemble nos cobayes. Nous avons quelques vari\u00e9t\u00e9s en commun, o\u00f9 l&#8217;on se pr\u00eate ou s&#8217;\u00e9change des reproducteurs r\u00e9guli\u00e8rement.<br \/>\nCeci nous permet de garder un plus grand panel g\u00e9n\u00e9tique, de travailler plusieurs lign\u00e9es sans se retrouver bloqu\u00e9s.<\/p>\n<p>Au fil des ann\u00e9es j&#8217;ai arr\u00eat\u00e9 certaines vari\u00e9t\u00e9s que Fabrice a poursuivi et inversement. Ainsi j&#8217;ai cess\u00e9 les ardoises mais je peux toujours venir les admirer chez Fabrice et constater l&#8217;avanc\u00e9e dans la s\u00e9lection de ce groupe. Fabrice a arr\u00eat\u00e9 les Quadrio foglio et m&#8217;a donn\u00e9 ses derniers reproducteurs qui ont continu\u00e9 \u00e0 contribuer \u00e0 l&#8217;\u00e9levage ici.<\/p>\n<p>Vari\u00e9t\u00e9s \u00e9lev\u00e9es par Fabrice :<\/p>\n<ul>\n<li>Us-Teddy feu (noir, havane, ardoise, bleu) ainsi que les variantes en cr\u00e8me ou blanc<\/li>\n<li>Us-Teddy unicolore (noir, havane, ardoise, bleu)<\/li>\n<li>Us-Teddy tricolore agouti cr\u00e8me et blanc<\/li>\n<li>Rex unicolore rouge, fauve, cr\u00e8me, blanc<\/li>\n<li>Rex californien<\/li>\n<li>Rex Ecaille de Tortue et Blanc<\/li>\n<li>P\u00e9ruviens unicolore et californiens<\/li>\n<li>Poils lisses Dapple<\/li>\n<\/ul>\n<p>Ses vari\u00e9t\u00e9s et reproducteurs sont visibles sur son site :<\/p>\n<p><a href=\"http:\/\/leschonsdemeraude.fr\/\"><img loading=\"lazy\" decoding=\"async\" class=\"size-full wp-image-6323 alignnone\" src=\"http:\/\/cobayesdelazinsel.fr\/wp-content\/uploads\/2020\/01\/emeraude.jpg\" alt=\"\" width=\"550\" height=\"121\" srcset=\"https:\/\/cobayesdelazinsel.fr\/wp-content\/uploads\/2020\/01\/emeraude.jpg 550w, https:\/\/cobayesdelazinsel.fr\/wp-content\/uploads\/2020\/01\/emeraude-300x66.jpg 300w\" sizes=\"auto, (max-width: 550px) 100vw, 550px\" \/><\/a><\/p>\n<p>&nbsp;<\/p>\n<p><a href=\"http:\/\/cobayesdelazinsel.fr\/index.php\/adoptions\/\">Tous ses animaux disponibles sont visibles sur notre page Adoption.<\/a><\/p>\n<p>&nbsp;<\/p>\n<p>&nbsp;<\/p>\n<p><span style=\"border-radius: 2px; text-indent: 20px; width: auto; padding: 0px 4px 0px 0px; text-align: center; font: bold 11px\/20px 'Helvetica Neue',Helvetica,sans-serif; color: #ffffff; background: #bd081c no-repeat scroll 3px 50% \/ 14px 14px; position: absolute; opacity: 1; z-index: 8675309; display: none; cursor: pointer;\">Enregistrer<\/span><\/p>\n","protected":false},"excerpt":{"rendered":"<p>C&#8217;est par le biais de notre passion commune que Fabrice et moi nous sommes rencontr\u00e9s et sommes devenus des amis fid\u00e8les. Nous partageons la m\u00eame \u00e9thique d&#8217;\u00e9levage, c&#8217;est donc tout naturellement que nous s\u00e9lectionnons ensemble nos cobayes. Nous avons quelques vari\u00e9t\u00e9s en commun, o\u00f9 l&#8217;on se pr\u00eate ou s&#8217;\u00e9change des reproducteurs r\u00e9guli\u00e8rement. Ceci nous permet [&hellip;]<\/p>\n","protected":false},"author":1,"featured_media":0,"parent":49,"menu_order":0,"comment_status":"closed","ping_status":"closed","template":"","meta":{"footnotes":""},"class_list":["post-4483","page","type-page","status-publish","hentry"],"_links":{"self":[{"href":"https:\/\/cobayesdelazinsel.fr\/index.php\/wp-json\/wp\/v2\/pages\/4483","targetHints":{"allow":["GET"]}}],"collection":[{"href":"https:\/\/cobayesdelazinsel.fr\/index.php\/wp-json\/wp\/v2\/pages"}],"about":[{"href":"https:\/\/cobayesdelazinsel.fr\/index.php\/wp-json\/wp\/v2\/types\/page"}],"author":[{"embeddable":true,"href":"https:\/\/cobayesdelazinsel.fr\/index.php\/wp-json\/wp\/v2\/users\/1"}],"replies":[{"embeddable":true,"href":"https:\/\/cobayesdelazinsel.fr\/index.php\/wp-json\/wp\/v2\/comments?post=4483"}],"version-history":[{"count":5,"href":"https:\/\/cobayesdelazinsel.fr\/index.php\/wp-json\/wp\/v2\/pages\/4483\/revisions"}],"predecessor-version":[{"id":6325,"href":"https:\/\/cobayesdelazinsel.fr\/index.php\/wp-json\/wp\/v2\/pages\/4483\/revisions\/6325"}],"up":[{"embeddable":true,"href":"https:\/\/cobayesdelazinsel.fr\/index.php\/wp-json\/wp\/v2\/pages\/49"}],"wp:attachment":[{"href":"https:\/\/cobayesdelazinsel.fr\/index.php\/wp-json\/wp\/v2\/media?parent=4483"}],"curies":[{"name":"wp","href":"https:\/\/api.w.org\/{rel}","templated":true}]}}