{"id":59,"date":"2013-03-01T17:58:23","date_gmt":"2013-03-01T16:58:23","guid":{"rendered":"http:\/\/cobayesdelazinsel.fr\/wordpress\/?page_id=59"},"modified":"2020-01-23T15:41:25","modified_gmt":"2020-01-23T14:41:25","slug":"installations","status":"publish","type":"page","link":"https:\/\/cobayesdelazinsel.fr\/index.php\/elevage-2\/installations\/","title":{"rendered":"Installations"},"content":{"rendered":"<p><a href=\"http:\/\/cobayesdelazinsel.fr\/wp-content\/uploads\/2017\/02\/IMG_1832.jpg\"><img loading=\"lazy\" decoding=\"async\" class=\"aligncenter size-large wp-image-3344\" src=\"http:\/\/cobayesdelazinsel.fr\/wp-content\/uploads\/2017\/02\/IMG_1832-1024x768.jpg\" alt=\"\" width=\"648\" height=\"486\" srcset=\"https:\/\/cobayesdelazinsel.fr\/wp-content\/uploads\/2017\/02\/IMG_1832-1024x768.jpg 1024w, https:\/\/cobayesdelazinsel.fr\/wp-content\/uploads\/2017\/02\/IMG_1832-300x225.jpg 300w, https:\/\/cobayesdelazinsel.fr\/wp-content\/uploads\/2017\/02\/IMG_1832-768x576.jpg 768w, https:\/\/cobayesdelazinsel.fr\/wp-content\/uploads\/2017\/02\/IMG_1832.jpg 1200w\" sizes=\"auto, (max-width: 648px) 100vw, 648px\" \/><\/a><\/p>\n<p>Mes cochons d&#8217;Inde vivent en bacs et parcs au sol dans un b\u00e2timent d\u00e9di\u00e9 tout au long de l&#8217;hiver.<br \/>\nLes m\u00e2les vivent par 2 dans des cases de 80 x 60.<br \/>\nLes jeunes femelles vivent en petits groupes (selon leur \u00e2ge) dans des bacs de 120 x 60.<\/p>\n<p>Les femelles retrait\u00e9es b\u00e9n\u00e9ficient d&#8217;un grand parc de 1m50 x 1m50, et les femelles au repos disposent d&#8217;un grand parc de 1m50 x 3m50.<\/p>\n<p>Il y a \u00e9galement un espace quarantaine et mise bas pour isoler les animaux malades ou les femelles gestantes.<\/p>\n<p>Les femelles ayant mis bas dans la m\u00eame p\u00e9riode sont ensuite regroup\u00e9es dans de grandes cages d&#8217;1m20 (par 2 ou 3 m\u00e8res selon le nombre de petits).<\/p>\n<p>Dans le hangar nous stockons \u00e9galement la nourriture (foin, granul\u00e9s, carottes l&#8217;hiver), la liti\u00e8re (pellets et copeaux), je dispose \u00e9galement d&#8217;un point d&#8217;eau pour nettoyer les mangeoires et biberons et d&#8217;une armoire avec les produits n\u00e9cessaires aux soins.<\/p>\n<p>&nbsp;<\/p>\n<p>Mes cobayes sont sortis \u00e0 partir de d\u00e9but mai dans de grands enclos ext\u00e9rieurs mobiles. L&#8217;espace y est bien plus grand qu&#8217;en hiver et les cobayes en profitent pour gambader et manger de l&#8217;herbe fraiche \u00e0 volont\u00e9 gr\u00e2ce \u00e0 une grande superficie de terrain.<br \/>\nLes parcs sont d\u00e9plac\u00e9s tous les jours afin que les cobayes ne manquent pas de verdure.<\/p>\n<p>Ces parcs vont de 120 x 60cm pour les plus petits (duos), \u00e0 1m20 x 1m20 pour les moyens et 2m x 1m pour les grands enclos. Le nombre de cobayes est restreint afin de garantir assez de nourriture pour tout le monde.<br \/>\nIls ont \u00e9videment de l&#8217;eau fraiche et des granul\u00e9s \u00e0 leur disposition.<br \/>\nEn p\u00e9riode humide, je compl\u00e8te avec du foin. En p\u00e9riode s\u00e8che o\u00f9 l&#8217;herbe peut parfois manquer les cochons d&#8217;Inde re\u00e7oivent des l\u00e9gumes frais de notre potager.<\/p>\n<p>Les m\u00e8res et leurs petits restent dans le hangar et b\u00e9n\u00e9ficient \u00e9galement d&#8217;herbe \u00e0 volont\u00e9 tous les jours (que je fauche \u00e0 la main, \u00e0 l&#8217;ancienne avec une faux).<\/p>\n<p>&nbsp;<\/p>\n<p>Que ce soit en hiver ou en \u00e9t\u00e9 aucun de mes cobayes ne vit seul (sauf quarantaine ou femelle sur le point de mettre bas). Les m\u00e2les sont soit en couple, soit avec de jeunes m\u00e2les qui viennent d&#8217;\u00eatre sevr\u00e9s, soit par 2 (si, si, j&#8217;ai plusieurs duos de m\u00e2les reproducteurs qui vivent sans probl\u00e8me ensemble).<\/p>\n<figure id=\"attachment_6311\" class=\"thumbnail wp-caption aligncenter\" style=\"width: 658px\"><a href=\"http:\/\/cobayesdelazinsel.fr\/wp-content\/uploads\/2020\/01\/IMG_20191005_200110.jpg\"><img loading=\"lazy\" decoding=\"async\" class=\"size-large wp-image-6311\" src=\"http:\/\/cobayesdelazinsel.fr\/wp-content\/uploads\/2020\/01\/IMG_20191005_200110-1024x768.jpg\" alt=\"\" width=\"648\" height=\"486\" srcset=\"https:\/\/cobayesdelazinsel.fr\/wp-content\/uploads\/2020\/01\/IMG_20191005_200110-1024x768.jpg 1024w, https:\/\/cobayesdelazinsel.fr\/wp-content\/uploads\/2020\/01\/IMG_20191005_200110-300x225.jpg 300w, https:\/\/cobayesdelazinsel.fr\/wp-content\/uploads\/2020\/01\/IMG_20191005_200110-768x576.jpg 768w\" sizes=\"auto, (max-width: 648px) 100vw, 648px\" \/><\/a><figcaption class=\"caption wp-caption-text\">Parc de mes femelles<\/figcaption><\/figure>\n<figure id=\"attachment_6312\" class=\"thumbnail wp-caption aligncenter\" style=\"width: 658px\"><a href=\"http:\/\/cobayesdelazinsel.fr\/wp-content\/uploads\/2020\/01\/IMG_20191005_201203.jpg\"><img loading=\"lazy\" decoding=\"async\" class=\"size-large wp-image-6312\" src=\"http:\/\/cobayesdelazinsel.fr\/wp-content\/uploads\/2020\/01\/IMG_20191005_201203-1024x768.jpg\" alt=\"\" width=\"648\" height=\"486\" srcset=\"https:\/\/cobayesdelazinsel.fr\/wp-content\/uploads\/2020\/01\/IMG_20191005_201203-1024x768.jpg 1024w, https:\/\/cobayesdelazinsel.fr\/wp-content\/uploads\/2020\/01\/IMG_20191005_201203-300x225.jpg 300w, https:\/\/cobayesdelazinsel.fr\/wp-content\/uploads\/2020\/01\/IMG_20191005_201203-768x576.jpg 768w\" sizes=\"auto, (max-width: 648px) 100vw, 648px\" \/><\/a><figcaption class=\"caption wp-caption-text\">L&#8217;espace parc peut \u00eatre divis\u00e9 en 3 parties, ici divis\u00e9 en 2<\/figcaption><\/figure>\n<figure id=\"attachment_6313\" class=\"thumbnail wp-caption aligncenter\" style=\"width: 658px\"><a href=\"http:\/\/cobayesdelazinsel.fr\/wp-content\/uploads\/2020\/01\/IMG_20191005_201206.jpg\"><img loading=\"lazy\" decoding=\"async\" class=\"size-large wp-image-6313\" src=\"http:\/\/cobayesdelazinsel.fr\/wp-content\/uploads\/2020\/01\/IMG_20191005_201206-1024x768.jpg\" alt=\"\" width=\"648\" height=\"486\" srcset=\"https:\/\/cobayesdelazinsel.fr\/wp-content\/uploads\/2020\/01\/IMG_20191005_201206-1024x768.jpg 1024w, https:\/\/cobayesdelazinsel.fr\/wp-content\/uploads\/2020\/01\/IMG_20191005_201206-300x225.jpg 300w, https:\/\/cobayesdelazinsel.fr\/wp-content\/uploads\/2020\/01\/IMG_20191005_201206-768x576.jpg 768w\" sizes=\"auto, (max-width: 648px) 100vw, 648px\" \/><\/a><figcaption class=\"caption wp-caption-text\">Parc des femelles retrait\u00e9es ou &#8220;compagnies&#8221; (certaines n&#8217;ont jamais eu de petits)<\/figcaption><\/figure>\n<figure id=\"attachment_6314\" class=\"thumbnail wp-caption aligncenter\" style=\"width: 658px\"><a href=\"http:\/\/cobayesdelazinsel.fr\/wp-content\/uploads\/2020\/01\/IMG_20191005_201212.jpg\"><img loading=\"lazy\" decoding=\"async\" class=\"size-large wp-image-6314\" src=\"http:\/\/cobayesdelazinsel.fr\/wp-content\/uploads\/2020\/01\/IMG_20191005_201212-768x1024.jpg\" alt=\"\" width=\"648\" height=\"864\" srcset=\"https:\/\/cobayesdelazinsel.fr\/wp-content\/uploads\/2020\/01\/IMG_20191005_201212-768x1024.jpg 768w, https:\/\/cobayesdelazinsel.fr\/wp-content\/uploads\/2020\/01\/IMG_20191005_201212-225x300.jpg 225w\" sizes=\"auto, (max-width: 648px) 100vw, 648px\" \/><\/a><figcaption class=\"caption wp-caption-text\">Parc des femelles, au dessus \u00e9tag\u00e8res avec bacs pour les jeunes femelles<\/figcaption><\/figure>\n<figure id=\"attachment_6315\" class=\"thumbnail wp-caption aligncenter\" style=\"width: 658px\"><a href=\"http:\/\/cobayesdelazinsel.fr\/wp-content\/uploads\/2020\/01\/IMG_20191005_201217.jpg\"><img loading=\"lazy\" decoding=\"async\" class=\"size-large wp-image-6315\" src=\"http:\/\/cobayesdelazinsel.fr\/wp-content\/uploads\/2020\/01\/IMG_20191005_201217-1024x768.jpg\" alt=\"\" width=\"648\" height=\"486\" srcset=\"https:\/\/cobayesdelazinsel.fr\/wp-content\/uploads\/2020\/01\/IMG_20191005_201217-1024x768.jpg 1024w, https:\/\/cobayesdelazinsel.fr\/wp-content\/uploads\/2020\/01\/IMG_20191005_201217-300x225.jpg 300w, https:\/\/cobayesdelazinsel.fr\/wp-content\/uploads\/2020\/01\/IMG_20191005_201217-768x576.jpg 768w\" sizes=\"auto, (max-width: 648px) 100vw, 648px\" \/><\/a><figcaption class=\"caption wp-caption-text\">\u00c9tag\u00e8res avec bacs pour les m\u00e2les, plus profonds et donc plus grands qu&#8217;une cage d&#8217;1m standard donc id\u00e9al pour 2. Installation \u00e0 eau avec pipettes.<\/figcaption><\/figure>\n<p><span style=\"border-radius: 2px; text-indent: 20px; width: auto; padding: 0px 4px 0px 0px; text-align: center; font: bold 11px\/20px 'Helvetica Neue',Helvetica,sans-serif; color: #ffffff; background: #bd081c no-repeat scroll 3px 50% \/ 14px 14px; position: absolute; opacity: 1; z-index: 8675309; display: none; cursor: pointer; top: 36px; left: 386px;\">Enregistrer<\/span><\/p>\n<p><span style=\"border-radius: 2px; text-indent: 20px; width: auto; padding: 0px 4px 0px 0px; text-align: center; font: bold 11px\/20px 'Helvetica Neue',Helvetica,sans-serif; color: #ffffff; background: #bd081c no-repeat scroll 3px 50% \/ 14px 14px; position: absolute; opacity: 1; z-index: 8675309; display: none; cursor: pointer; top: 36px; left: 386px;\">Enregistrer<\/span><\/p>\n","protected":false},"excerpt":{"rendered":"<p>Mes cochons d&#8217;Inde vivent en bacs et parcs au sol dans un b\u00e2timent d\u00e9di\u00e9 tout au long de l&#8217;hiver. Les m\u00e2les vivent par 2 dans des cases de 80 x 60. Les jeunes femelles vivent en petits groupes (selon leur \u00e2ge) dans des bacs de 120 x 60. Les femelles retrait\u00e9es b\u00e9n\u00e9ficient d&#8217;un grand parc [&hellip;]<\/p>\n","protected":false},"author":1,"featured_media":0,"parent":56,"menu_order":0,"comment_status":"closed","ping_status":"closed","template":"","meta":{"footnotes":""},"class_list":["post-59","page","type-page","status-publish","hentry"],"_links":{"self":[{"href":"https:\/\/cobayesdelazinsel.fr\/index.php\/wp-json\/wp\/v2\/pages\/59","targetHints":{"allow":["GET"]}}],"collection":[{"href":"https:\/\/cobayesdelazinsel.fr\/index.php\/wp-json\/wp\/v2\/pages"}],"about":[{"href":"https:\/\/cobayesdelazinsel.fr\/index.php\/wp-json\/wp\/v2\/types\/page"}],"author":[{"embeddable":true,"href":"https:\/\/cobayesdelazinsel.fr\/index.php\/wp-json\/wp\/v2\/users\/1"}],"replies":[{"embeddable":true,"href":"https:\/\/cobayesdelazinsel.fr\/index.php\/wp-json\/wp\/v2\/comments?post=59"}],"version-history":[{"count":9,"href":"https:\/\/cobayesdelazinsel.fr\/index.php\/wp-json\/wp\/v2\/pages\/59\/revisions"}],"predecessor-version":[{"id":6318,"href":"https:\/\/cobayesdelazinsel.fr\/index.php\/wp-json\/wp\/v2\/pages\/59\/revisions\/6318"}],"up":[{"embeddable":true,"href":"https:\/\/cobayesdelazinsel.fr\/index.php\/wp-json\/wp\/v2\/pages\/56"}],"wp:attachment":[{"href":"https:\/\/cobayesdelazinsel.fr\/index.php\/wp-json\/wp\/v2\/media?parent=59"}],"curies":[{"name":"wp","href":"https:\/\/api.w.org\/{rel}","templated":true}]}}