{"id":6301,"date":"2020-01-23T15:06:17","date_gmt":"2020-01-23T14:06:17","guid":{"rendered":"http:\/\/cobayesdelazinsel.fr\/?page_id=6301"},"modified":"2020-01-23T15:30:24","modified_gmt":"2020-01-23T14:30:24","slug":"qui-suis-je","status":"publish","type":"page","link":"https:\/\/cobayesdelazinsel.fr\/index.php\/elevage-2\/qui-suis-je\/","title":{"rendered":"Qui suis-je ?"},"content":{"rendered":"<p><a href=\"http:\/\/cobayesdelazinsel.fr\/wp-content\/uploads\/2020\/01\/IMG_20190929_193502.jpg\"><img loading=\"lazy\" decoding=\"async\" class=\"size-medium wp-image-6306 alignleft\" src=\"http:\/\/cobayesdelazinsel.fr\/wp-content\/uploads\/2020\/01\/IMG_20190929_193502-269x300.jpg\" alt=\"\" width=\"269\" height=\"300\" srcset=\"https:\/\/cobayesdelazinsel.fr\/wp-content\/uploads\/2020\/01\/IMG_20190929_193502-269x300.jpg 269w, https:\/\/cobayesdelazinsel.fr\/wp-content\/uploads\/2020\/01\/IMG_20190929_193502-768x855.jpg 768w, https:\/\/cobayesdelazinsel.fr\/wp-content\/uploads\/2020\/01\/IMG_20190929_193502-919x1024.jpg 919w\" sizes=\"auto, (max-width: 269px) 100vw, 269px\" \/><\/a>Bonjour et bienvenue sur le site de mon \u00e9levage de cobayes de race !<\/p>\n<p>Je m&#8217;appelle Madeline, j&#8217;ai 29 ans et je suis passionn\u00e9e depuis toujours par les animaux. J&#8217;habite \u00e0 Gumbrechtshoffen, un petit village dans le nord de l&#8217;Alsace.<\/p>\n<p>J&#8217;ai des chiens, chats, oiseaux et bien s\u00fbr mes cochons d&#8217;Inde. Cette passion pour les animaux m&#8217;a \u00e9t\u00e9 transmise par mes parents (surtout mon p\u00e8re, qui \u00e9l\u00e8ve encore aujourd&#8217;hui des paons, faisans, poules, pigeons&#8230;).<\/p>\n<p>Dans la vie de tous les jours je suis webdesigner et m&#8217;occupe de vendre des pi\u00e8ces de moto sur Internet, rien \u00e0 voir avec ma passion !<\/p>\n<p>Le soir en rentrant de ma journ\u00e9e au bureau, j&#8217;appr\u00e9cie particuli\u00e8rement de m&#8217;occuper de mon \u00e9levage, nourrissage, soins, c\u00e2lins. Le week-end j&#8217;y passe \u00e9galement beaucoup de temps \u00e0 nettoyer les installations afin que mes animaux restent au propre.<\/p>\n<p>Les cochons d&#8217;Inde sont donc un r\u00e9el plaisir, je fais na\u00eetre des b\u00e9b\u00e9s pour mon plaisir avant tout.<\/p>\n<p>J&#8217;ai des cobayes depuis toute petite, et mes premiers cobayes de race sont arriv\u00e9s au d\u00e9but des ann\u00e9es 2000. Le 17 avril 2004 sont n\u00e9s mes premiers b\u00e9b\u00e9s cochons d&#8217;Inde, j&#8217;ai gard\u00e9 cette date comme celle d&#8217;anniversaire de mon \u00e9levage. J&#8217;ai fait l&#8217;acquisition de mes premiers Us-Teddies cette m\u00eame ann\u00e9e (\u00e0 l&#8217;\u00e9poque j&#8217;avais aussi des cobayes \u00e0 poils longs).<br \/>\nJ&#8217;ai fait le choix de ne me concentrer que sur une race, mes pr\u00e9f\u00e9r\u00e9s : les Us-Teddies, de par leur aspect et surtout leur caract\u00e8re tr\u00e8s attachant, tr\u00e8s c\u00e2lins.<\/p>\n<p>J&#8217;ai particip\u00e9 \u00e0 de nombreuses expositions en France, mais aussi en Hollande (vous pourrez voir les r\u00e9sultats sur la page R\u00e9sultats d&#8217;expo). Je me suis beaucoup investie dans les associations\/clubs mais aujourd&#8217;hui je n&#8217;en ai plus le temps, je pr\u00e9f\u00e8re consacrer mon temps libre \u00e0 ma famille et \u00e0 mes animaux.<\/p>\n<p>Depuis un peu plus de 10 ans j&#8217;ai rencontr\u00e9 Fabrice, venu adopter des cochons d&#8217;Inde chez moi, depuis nous sommes amis et partageons la m\u00eame \u00e9thique d&#8217;\u00e9levage. Qualit\u00e9 : sant\u00e9 et bien \u00eatre de nos animaux avant tout.<br \/>\nFabrice et moi partageons la m\u00eame passion et s\u00e9lectionnons certaines races en commun. Nous nous entraidons autant que possible dans l&#8217;\u00e9levage de ces petits animaux. C&#8217;est pourquoi ses cobayes disponibles sont visibles depuis quelques ann\u00e9es sur ma page Adoptions. Le site de son \u00e9levage : <a href=\"http:\/\/leschonsdemeraude.fr\/\">http:\/\/leschonsdemeraude.fr\/<\/a><\/p>\n<p>C&#8217;est donc moi qui g\u00e8re tous les mails de demandes que ce soit pour mon \u00e9levage ou le sien, et je redirige vers Fabrice pour les rendez vous, car comme tout le monde, lui aussi a une vie priv\u00e9e et professionnelle en dehors des cobayes.<\/p>\n<p>Nous ne faisons pas d&#8217;\u00e9levage dans un but lucratif mais uniquement par passion. Cela nous prends beaucoup de temps, d&#8217;\u00e9nergie et d&#8217;argent, mais nous aimons ce que nous faisons : \u00e9lever des cochons d&#8217;Inde en bonne sant\u00e9, robustes, dans le respect et bien \u00eatre animal.<\/p>\n<p>Merci de m&#8217;avoir lue jusqu&#8217;au bout et peut \u00eatre \u00e0 bient\u00f4t !<\/p>\n<p>&nbsp;<\/p>\n<p>&nbsp;<\/p>\n<figure id=\"attachment_6307\" class=\"thumbnail wp-caption aligncenter\" style=\"width: 658px\"><a href=\"http:\/\/cobayesdelazinsel.fr\/wp-content\/uploads\/2020\/01\/IMG_20180930_152524.jpg\"><img loading=\"lazy\" decoding=\"async\" class=\"size-large wp-image-6307\" src=\"http:\/\/cobayesdelazinsel.fr\/wp-content\/uploads\/2020\/01\/IMG_20180930_152524-1024x768.jpg\" alt=\"\" width=\"648\" height=\"486\" srcset=\"https:\/\/cobayesdelazinsel.fr\/wp-content\/uploads\/2020\/01\/IMG_20180930_152524-1024x768.jpg 1024w, https:\/\/cobayesdelazinsel.fr\/wp-content\/uploads\/2020\/01\/IMG_20180930_152524-300x225.jpg 300w, https:\/\/cobayesdelazinsel.fr\/wp-content\/uploads\/2020\/01\/IMG_20180930_152524-768x576.jpg 768w\" sizes=\"auto, (max-width: 648px) 100vw, 648px\" \/><\/a><figcaption class=\"caption wp-caption-text\">Photo souvenir d&#8217;une journ\u00e9e &#8220;cobayesque&#8221; chez Fabrice avec nos amies belges ! Sonia, Laurence, Fabrice et moi<\/figcaption><\/figure>\n<p>&nbsp;<\/p>\n<p style=\"text-align: center;\">\n","protected":false},"excerpt":{"rendered":"<p>Bonjour et bienvenue sur le site de mon \u00e9levage de cobayes de race ! Je m&#8217;appelle Madeline, j&#8217;ai 29 ans et je suis passionn\u00e9e depuis toujours par les animaux. J&#8217;habite \u00e0 Gumbrechtshoffen, un petit village dans le nord de l&#8217;Alsace. J&#8217;ai des chiens, chats, oiseaux et bien s\u00fbr mes cochons d&#8217;Inde. Cette passion pour les [&hellip;]<\/p>\n","protected":false},"author":1,"featured_media":0,"parent":56,"menu_order":0,"comment_status":"closed","ping_status":"closed","template":"","meta":{"footnotes":""},"class_list":["post-6301","page","type-page","status-publish","hentry"],"_links":{"self":[{"href":"https:\/\/cobayesdelazinsel.fr\/index.php\/wp-json\/wp\/v2\/pages\/6301","targetHints":{"allow":["GET"]}}],"collection":[{"href":"https:\/\/cobayesdelazinsel.fr\/index.php\/wp-json\/wp\/v2\/pages"}],"about":[{"href":"https:\/\/cobayesdelazinsel.fr\/index.php\/wp-json\/wp\/v2\/types\/page"}],"author":[{"embeddable":true,"href":"https:\/\/cobayesdelazinsel.fr\/index.php\/wp-json\/wp\/v2\/users\/1"}],"replies":[{"embeddable":true,"href":"https:\/\/cobayesdelazinsel.fr\/index.php\/wp-json\/wp\/v2\/comments?post=6301"}],"version-history":[{"count":6,"href":"https:\/\/cobayesdelazinsel.fr\/index.php\/wp-json\/wp\/v2\/pages\/6301\/revisions"}],"predecessor-version":[{"id":6310,"href":"https:\/\/cobayesdelazinsel.fr\/index.php\/wp-json\/wp\/v2\/pages\/6301\/revisions\/6310"}],"up":[{"embeddable":true,"href":"https:\/\/cobayesdelazinsel.fr\/index.php\/wp-json\/wp\/v2\/pages\/56"}],"wp:attachment":[{"href":"https:\/\/cobayesdelazinsel.fr\/index.php\/wp-json\/wp\/v2\/media?parent=6301"}],"curies":[{"name":"wp","href":"https:\/\/api.w.org\/{rel}","templated":true}]}}