{"id":6327,"date":"2020-01-23T22:33:40","date_gmt":"2020-01-23T21:33:40","guid":{"rendered":"http:\/\/cobayesdelazinsel.fr\/?page_id=6327"},"modified":"2024-07-28T15:38:26","modified_gmt":"2024-07-28T13:38:26","slug":"us-teddy-californien","status":"publish","type":"page","link":"https:\/\/cobayesdelazinsel.fr\/index.php\/us-teddy-californien\/","title":{"rendered":"Californien"},"content":{"rendered":"<p><strong>Effet de mode ou r\u00e9elle passion ?<\/strong><br \/>\nAimant les couleurs unies dans la gamme rouge et adorant l\u2019himalayen, l\u2019\u00e9levage du californien est arriv\u00e9 tout naturellement !<br \/>\nBien que tr\u00e8s recherch\u00e9s nous ne souhaitons pas reproduire \u201cen masse\u201d nos californiens dans le but de nourrir une mode, mais nous voulons s\u00e9lectionner des animaux de grande qualit\u00e9 pour notre propre plaisir avant tout.<br \/>\nCette vari\u00e9t\u00e9 tr\u00e8s r\u00e9cente demande encore un grand travail de s\u00e9lection, il n\u2019est pas rare de ressortir des d\u00e9fauts dans cette nouvelle couleur.<br \/>\nBien que ce marquage se r\u00e9pande petit \u00e0 petit, les sujets de qualit\u00e9 reste encore tr\u00e8s rares et leur prix peut paraitre \u00e9lev\u00e9 pour des personnes ne connaissant pas l\u2019historique du californien.<br \/>\nCe marquage a \u00e9t\u00e9 import\u00e9 en 2012 du P\u00e9rou par un couple d\u2019\u00e9leveurs allemands qui a d\u00e9pens\u00e9 une petite fortune pour acc\u00e9der \u00e0 ce nouveau marquage encore inconnu ailleurs dans le monde.<br \/>\nNous ne savons pas encore sur quel g\u00e8ne se situe ce marquage, celui-ci n\u2019existant pas sur d\u2019autres esp\u00e8ces et le s\u00e9quen\u00e7age ADN \u00e9tant tr\u00e8s cher.<\/p>\n<p>Le californien est un g\u00e8ne dominant, les vari\u00e9t\u00e9s avec un marquage peu envahissant pr\u00e9sent sous forme d\u2019un masque sur le museau, la coloration des pattes et des parties g\u00e9nitales sont h\u00e9t\u00e9rozygotes. L\u2019homozygote californien pr\u00e9sente un marquage envahissant qui s\u2019\u00e9tend sur la t\u00eate puis le dos du cobaye.<\/p>\n<p>Seule la vari\u00e9t\u00e9 h\u00e9t\u00e9rozygote est homologu\u00e9e au standard allemand en poils lisses, la vari\u00e9t\u00e9 homozygote ne pr\u00e9sentant aucun int\u00e9r\u00eat d\u2019un point de vue concours.<\/p>\n<p>Le californien dispose d\u2019une couleur de robe : rouge, dor\u00e9e, fauve, cr\u00e8me ou blanche.<br \/>\nLe masque peut \u00eatre de couleur noire, havane, bleue ainsi que toutes les dilutions ou combinaisons de ces couleurs.<br \/>\nLes cobayes californiens ont la couleur des yeux correspondante \u00e0 celle li\u00e9e aux couleurs de leur masque.<br \/>\nLe g\u00e8ne californien n\u2019a absolument rien \u00e0 voir avec le g\u00e8ne himalayen !<\/p>\n<p>Sur certains sites l\u2019on peut apercevoir des \u201ccaliforniens\u201d blancs avec un masque noir et les yeux roses, ce sont forc\u00e9ment des himalayens ! Ces cobayes sont himalayens et peuvent \u00eatre (ou non) californiens. Pourquoi l\u2019on peut ressortir \u00e7a ? tout simplement parce que les californiens ont \u00e9t\u00e9 crois\u00e9s avec beaucoup de vari\u00e9t\u00e9s et qu\u2019il y en a forc\u00e9ment qui sont porteurs himalayens.<br \/>\nCes cochons d\u2019Inde sont \u00e9videmment \u00e0 proscrire de l\u2019\u00e9levage de s\u00e9lection ! Il n\u2019y a aucun int\u00e9r\u00eat \u00e0 m\u00e9langer ces deux vari\u00e9t\u00e9s.<\/p>\n<h3><\/h3>\n<h2>M\u00e2les<\/h2>\n<p>&nbsp;<\/p>\n<p><a href=\"https:\/\/cobayesdelazinsel.fr\/wp-content\/uploads\/2022\/06\/tiramissu.jpg\"><img loading=\"lazy\" decoding=\"async\" class=\"alignleft size-large wp-image-7345\" src=\"https:\/\/cobayesdelazinsel.fr\/wp-content\/uploads\/2022\/06\/tiramissu-1024x767.jpg\" alt=\"\" width=\"648\" height=\"485\" srcset=\"https:\/\/cobayesdelazinsel.fr\/wp-content\/uploads\/2022\/06\/tiramissu-1024x767.jpg 1024w, https:\/\/cobayesdelazinsel.fr\/wp-content\/uploads\/2022\/06\/tiramissu-300x225.jpg 300w, https:\/\/cobayesdelazinsel.fr\/wp-content\/uploads\/2022\/06\/tiramissu-768x576.jpg 768w, https:\/\/cobayesdelazinsel.fr\/wp-content\/uploads\/2022\/06\/tiramissu-1536x1151.jpg 1536w, https:\/\/cobayesdelazinsel.fr\/wp-content\/uploads\/2022\/06\/tiramissu.jpg 1772w\" sizes=\"auto, (max-width: 648px) 100vw, 648px\" \/><\/a><\/p>\n<p>&nbsp;<\/p>\n<p>&nbsp;<\/p>\n<p>&nbsp;<\/p>\n<p>&nbsp;<\/p>\n<p>&nbsp;<\/p>\n<p>&nbsp;<\/p>\n<p>&nbsp;<\/p>\n<p>&nbsp;<\/p>\n<p>&nbsp;<\/p>\n<p>&nbsp;<\/p>\n<p>&nbsp;<\/p>\n<p>&nbsp;<\/p>\n<p><strong>Tiramissu de la Zinsel<\/strong><br \/>\nUs-Teddy californien cr\u00e8me marques noires<\/p>\n<p>&nbsp;<\/p>\n<p>&nbsp;<\/p>\n<p><a href=\"https:\/\/cobayesdelazinsel.fr\/wp-content\/uploads\/2024\/01\/IMG_20231122_232225.jpg\"><img loading=\"lazy\" decoding=\"async\" class=\"alignleft size-large wp-image-8005\" src=\"https:\/\/cobayesdelazinsel.fr\/wp-content\/uploads\/2024\/01\/IMG_20231122_232225-1024x670.jpg\" alt=\"\" width=\"648\" height=\"424\" srcset=\"https:\/\/cobayesdelazinsel.fr\/wp-content\/uploads\/2024\/01\/IMG_20231122_232225-1024x670.jpg 1024w, https:\/\/cobayesdelazinsel.fr\/wp-content\/uploads\/2024\/01\/IMG_20231122_232225-300x196.jpg 300w, https:\/\/cobayesdelazinsel.fr\/wp-content\/uploads\/2024\/01\/IMG_20231122_232225-768x503.jpg 768w, https:\/\/cobayesdelazinsel.fr\/wp-content\/uploads\/2024\/01\/IMG_20231122_232225-1536x1005.jpg 1536w, https:\/\/cobayesdelazinsel.fr\/wp-content\/uploads\/2024\/01\/IMG_20231122_232225.jpg 2014w\" sizes=\"auto, (max-width: 648px) 100vw, 648px\" \/><\/a><\/p>\n<p>&nbsp;<\/p>\n<p>&nbsp;<\/p>\n<p>&nbsp;<\/p>\n<p>&nbsp;<\/p>\n<p>&nbsp;<\/p>\n<p>&nbsp;<\/p>\n<p>&nbsp;<\/p>\n<p>&nbsp;<\/p>\n<p>&nbsp;<\/p>\n<p>&nbsp;<\/p>\n<p>&nbsp;<\/p>\n<p><strong>Churros de la Zinsel<\/strong><br \/>\nUs-Teddy californien blanc marques noires<br \/>\n2023<\/p>\n<p>&nbsp;<\/p>\n<p><a href=\"https:\/\/cobayesdelazinsel.fr\/wp-content\/uploads\/2024\/01\/IMG_20231122_232509.jpg\"><img loading=\"lazy\" decoding=\"async\" class=\"alignleft size-large wp-image-8012\" src=\"https:\/\/cobayesdelazinsel.fr\/wp-content\/uploads\/2024\/01\/IMG_20231122_232509-1024x730.jpg\" alt=\"\" width=\"648\" height=\"462\" srcset=\"https:\/\/cobayesdelazinsel.fr\/wp-content\/uploads\/2024\/01\/IMG_20231122_232509-1024x730.jpg 1024w, https:\/\/cobayesdelazinsel.fr\/wp-content\/uploads\/2024\/01\/IMG_20231122_232509-300x214.jpg 300w, https:\/\/cobayesdelazinsel.fr\/wp-content\/uploads\/2024\/01\/IMG_20231122_232509-768x547.jpg 768w, https:\/\/cobayesdelazinsel.fr\/wp-content\/uploads\/2024\/01\/IMG_20231122_232509-1536x1095.jpg 1536w, https:\/\/cobayesdelazinsel.fr\/wp-content\/uploads\/2024\/01\/IMG_20231122_232509.jpg 1964w\" sizes=\"auto, (max-width: 648px) 100vw, 648px\" \/><\/a><\/p>\n<p>&nbsp;<\/p>\n<p>&nbsp;<\/p>\n<p>&nbsp;<\/p>\n<p>&nbsp;<\/p>\n<p>&nbsp;<\/p>\n<p>&nbsp;<\/p>\n<p>&nbsp;<\/p>\n<p>&nbsp;<\/p>\n<p>&nbsp;<\/p>\n<p>&nbsp;<\/p>\n<p>&nbsp;<\/p>\n<p><strong>Merlin de la Zinsel<\/strong><br \/>\nUS-Teddy blanc<br \/>\n2023<\/p>\n<p>&nbsp;<\/p>\n<p><a href=\"https:\/\/cobayesdelazinsel.fr\/wp-content\/uploads\/2024\/01\/IMG_20231122_231854.jpg\"><img loading=\"lazy\" decoding=\"async\" class=\"alignleft size-large wp-image-8023\" src=\"https:\/\/cobayesdelazinsel.fr\/wp-content\/uploads\/2024\/01\/IMG_20231122_231854-1024x744.jpg\" alt=\"\" width=\"648\" height=\"471\" srcset=\"https:\/\/cobayesdelazinsel.fr\/wp-content\/uploads\/2024\/01\/IMG_20231122_231854-1024x744.jpg 1024w, https:\/\/cobayesdelazinsel.fr\/wp-content\/uploads\/2024\/01\/IMG_20231122_231854-300x218.jpg 300w, https:\/\/cobayesdelazinsel.fr\/wp-content\/uploads\/2024\/01\/IMG_20231122_231854-768x558.jpg 768w, https:\/\/cobayesdelazinsel.fr\/wp-content\/uploads\/2024\/01\/IMG_20231122_231854-1536x1115.jpg 1536w, https:\/\/cobayesdelazinsel.fr\/wp-content\/uploads\/2024\/01\/IMG_20231122_231854.jpg 1713w\" sizes=\"auto, (max-width: 648px) 100vw, 648px\" \/><\/a><\/p>\n<p>&nbsp;<\/p>\n<p>&nbsp;<\/p>\n<p>&nbsp;<\/p>\n<p>&nbsp;<\/p>\n<p>&nbsp;<\/p>\n<p>&nbsp;<\/p>\n<p>&nbsp;<\/p>\n<p>&nbsp;<\/p>\n<p>&nbsp;<\/p>\n<p>&nbsp;<\/p>\n<p>&nbsp;<\/p>\n<p>&nbsp;<\/p>\n<p><strong>H\u00e9risson de la Zinsel<\/strong><br \/>\nUS-Teddy agouti dor\u00e9 (et blanc)<br \/>\n2023<\/p>\n<p>&nbsp;<\/p>\n<p><a href=\"https:\/\/cobayesdelazinsel.fr\/wp-content\/uploads\/2024\/07\/Bill-scaled.jpg\"><img loading=\"lazy\" decoding=\"async\" class=\"alignleft size-large wp-image-8187\" src=\"https:\/\/cobayesdelazinsel.fr\/wp-content\/uploads\/2024\/07\/Bill-1024x698.jpg\" alt=\"\" width=\"648\" height=\"442\" srcset=\"https:\/\/cobayesdelazinsel.fr\/wp-content\/uploads\/2024\/07\/Bill-1024x698.jpg 1024w, https:\/\/cobayesdelazinsel.fr\/wp-content\/uploads\/2024\/07\/Bill-300x204.jpg 300w, https:\/\/cobayesdelazinsel.fr\/wp-content\/uploads\/2024\/07\/Bill-768x523.jpg 768w, https:\/\/cobayesdelazinsel.fr\/wp-content\/uploads\/2024\/07\/Bill-1536x1047.jpg 1536w, https:\/\/cobayesdelazinsel.fr\/wp-content\/uploads\/2024\/07\/Bill-2048x1396.jpg 2048w\" sizes=\"auto, (max-width: 648px) 100vw, 648px\" \/><\/a><\/p>\n<p>&nbsp;<\/p>\n<p>&nbsp;<\/p>\n<p>&nbsp;<\/p>\n<p>&nbsp;<\/p>\n<p>&nbsp;<\/p>\n<p>&nbsp;<\/p>\n<p>&nbsp;<\/p>\n<p>&nbsp;<\/p>\n<p>&nbsp;<\/p>\n<p>&nbsp;<\/p>\n<p>&nbsp;<\/p>\n<p><strong>Bill de la Zinsel<\/strong><br \/>\nUs-Teddy blanc<br \/>\n15.03.2024<\/p>\n<p>&nbsp;<\/p>\n<p>&nbsp;<\/p>\n<h2>Femelles<\/h2>\n<p><a href=\"https:\/\/cobayesdelazinsel.fr\/wp-content\/uploads\/2022\/07\/tartocitron2.jpg\"><img loading=\"lazy\" decoding=\"async\" class=\"alignleft size-large wp-image-7358\" src=\"https:\/\/cobayesdelazinsel.fr\/wp-content\/uploads\/2022\/07\/tartocitron2-1024x768.jpg\" alt=\"\" width=\"648\" height=\"486\" srcset=\"https:\/\/cobayesdelazinsel.fr\/wp-content\/uploads\/2022\/07\/tartocitron2-1024x768.jpg 1024w, https:\/\/cobayesdelazinsel.fr\/wp-content\/uploads\/2022\/07\/tartocitron2-300x225.jpg 300w, https:\/\/cobayesdelazinsel.fr\/wp-content\/uploads\/2022\/07\/tartocitron2-768x576.jpg 768w, https:\/\/cobayesdelazinsel.fr\/wp-content\/uploads\/2022\/07\/tartocitron2-1536x1152.jpg 1536w, https:\/\/cobayesdelazinsel.fr\/wp-content\/uploads\/2022\/07\/tartocitron2.jpg 1614w\" sizes=\"auto, (max-width: 648px) 100vw, 648px\" \/><\/a><\/p>\n<p>&nbsp;<\/p>\n<p>&nbsp;<\/p>\n<p>&nbsp;<\/p>\n<p>&nbsp;<\/p>\n<p>&nbsp;<\/p>\n<p>&nbsp;<\/p>\n<p>&nbsp;<\/p>\n<p>&nbsp;<\/p>\n<p>&nbsp;<\/p>\n<p>&nbsp;<\/p>\n<p>&nbsp;<\/p>\n<p>&nbsp;<\/p>\n<p><strong>Tart&#8217;O&#8217;Citron de la Zinsel<\/strong><br \/>\nUs-Teddy Californien cr\u00e8me marques noires<\/p>\n<p>&nbsp;<\/p>\n<p><a href=\"https:\/\/cobayesdelazinsel.fr\/wp-content\/uploads\/2024\/01\/IMG_20231122_232024.jpg\"><img loading=\"lazy\" decoding=\"async\" class=\"alignleft size-large wp-image-8010\" src=\"https:\/\/cobayesdelazinsel.fr\/wp-content\/uploads\/2024\/01\/IMG_20231122_232024-1024x726.jpg\" alt=\"\" width=\"648\" height=\"459\" srcset=\"https:\/\/cobayesdelazinsel.fr\/wp-content\/uploads\/2024\/01\/IMG_20231122_232024-1024x726.jpg 1024w, https:\/\/cobayesdelazinsel.fr\/wp-content\/uploads\/2024\/01\/IMG_20231122_232024-300x213.jpg 300w, https:\/\/cobayesdelazinsel.fr\/wp-content\/uploads\/2024\/01\/IMG_20231122_232024-768x544.jpg 768w, https:\/\/cobayesdelazinsel.fr\/wp-content\/uploads\/2024\/01\/IMG_20231122_232024-1536x1088.jpg 1536w, https:\/\/cobayesdelazinsel.fr\/wp-content\/uploads\/2024\/01\/IMG_20231122_232024.jpg 1884w\" sizes=\"auto, (max-width: 648px) 100vw, 648px\" \/><\/a><\/p>\n<p>&nbsp;<\/p>\n<p>&nbsp;<\/p>\n<p>&nbsp;<\/p>\n<p>&nbsp;<\/p>\n<p>&nbsp;<\/p>\n<p>&nbsp;<\/p>\n<p>&nbsp;<\/p>\n<p>&nbsp;<\/p>\n<p>&nbsp;<\/p>\n<p>&nbsp;<\/p>\n<p>&nbsp;<\/p>\n<p><strong>Salade de fruits de la Zinsel<\/strong><br \/>\nUs-Teddy cr\u00e8me<br \/>\n2023<\/p>\n<p>&nbsp;<\/p>\n<p>&nbsp;<\/p>\n<p><a href=\"https:\/\/cobayesdelazinsel.fr\/wp-content\/uploads\/2024\/01\/IMG_20240106_124107.jpg\"><img loading=\"lazy\" decoding=\"async\" class=\"alignleft size-large wp-image-8056\" src=\"https:\/\/cobayesdelazinsel.fr\/wp-content\/uploads\/2024\/01\/IMG_20240106_124107-1024x649.jpg\" alt=\"\" width=\"648\" height=\"411\" srcset=\"https:\/\/cobayesdelazinsel.fr\/wp-content\/uploads\/2024\/01\/IMG_20240106_124107-1024x649.jpg 1024w, https:\/\/cobayesdelazinsel.fr\/wp-content\/uploads\/2024\/01\/IMG_20240106_124107-300x190.jpg 300w, https:\/\/cobayesdelazinsel.fr\/wp-content\/uploads\/2024\/01\/IMG_20240106_124107-768x487.jpg 768w, https:\/\/cobayesdelazinsel.fr\/wp-content\/uploads\/2024\/01\/IMG_20240106_124107-1536x974.jpg 1536w, https:\/\/cobayesdelazinsel.fr\/wp-content\/uploads\/2024\/01\/IMG_20240106_124107.jpg 1920w\" sizes=\"auto, (max-width: 648px) 100vw, 648px\" \/><\/a><\/p>\n<p>&nbsp;<\/p>\n<p>&nbsp;<\/p>\n<p>&nbsp;<\/p>\n<p>&nbsp;<\/p>\n<p>&nbsp;<\/p>\n<p>&nbsp;<\/p>\n<p>&nbsp;<\/p>\n<p>&nbsp;<\/p>\n<p>&nbsp;<\/p>\n<p>&nbsp;<\/p>\n<p><strong>\u00cele Flottante<\/strong><br \/>\nUs-Teddy blanche<br \/>\n2022<\/p>\n<p>&nbsp;<\/p>\n<p>&nbsp;<\/p>\n<p><a href=\"https:\/\/cobayesdelazinsel.fr\/wp-content\/uploads\/2024\/01\/IMG_20231122_233115.jpg\"><img loading=\"lazy\" decoding=\"async\" class=\"alignleft size-large wp-image-8018\" src=\"https:\/\/cobayesdelazinsel.fr\/wp-content\/uploads\/2024\/01\/IMG_20231122_233115-1024x707.jpg\" alt=\"\" width=\"648\" height=\"447\" srcset=\"https:\/\/cobayesdelazinsel.fr\/wp-content\/uploads\/2024\/01\/IMG_20231122_233115-1024x707.jpg 1024w, https:\/\/cobayesdelazinsel.fr\/wp-content\/uploads\/2024\/01\/IMG_20231122_233115-300x207.jpg 300w, https:\/\/cobayesdelazinsel.fr\/wp-content\/uploads\/2024\/01\/IMG_20231122_233115-768x530.jpg 768w, https:\/\/cobayesdelazinsel.fr\/wp-content\/uploads\/2024\/01\/IMG_20231122_233115-1536x1060.jpg 1536w, https:\/\/cobayesdelazinsel.fr\/wp-content\/uploads\/2024\/01\/IMG_20231122_233115.jpg 1845w\" sizes=\"auto, (max-width: 648px) 100vw, 648px\" \/><\/a><\/p>\n<p>&nbsp;<\/p>\n<p>&nbsp;<\/p>\n<p>&nbsp;<\/p>\n<p>&nbsp;<\/p>\n<p>&nbsp;<\/p>\n<p>&nbsp;<\/p>\n<p>&nbsp;<\/p>\n<p>&nbsp;<\/p>\n<p>&nbsp;<\/p>\n<p>&nbsp;<\/p>\n<p>&nbsp;<\/p>\n<p><strong>Cr\u00e8me anglaise de la Zinsel<\/strong><br \/>\nUs-teddy californien cr\u00e8me marques havanes<br \/>\n2023<\/p>\n<p>&nbsp;<\/p>\n<p><a href=\"https:\/\/cobayesdelazinsel.fr\/wp-content\/uploads\/2024\/01\/IMG_20231122_231622.jpg\"><img loading=\"lazy\" decoding=\"async\" class=\"alignleft size-large wp-image-8020\" src=\"https:\/\/cobayesdelazinsel.fr\/wp-content\/uploads\/2024\/01\/IMG_20231122_231622-1024x800.jpg\" alt=\"\" width=\"648\" height=\"506\" srcset=\"https:\/\/cobayesdelazinsel.fr\/wp-content\/uploads\/2024\/01\/IMG_20231122_231622-1024x800.jpg 1024w, https:\/\/cobayesdelazinsel.fr\/wp-content\/uploads\/2024\/01\/IMG_20231122_231622-300x234.jpg 300w, https:\/\/cobayesdelazinsel.fr\/wp-content\/uploads\/2024\/01\/IMG_20231122_231622-768x600.jpg 768w, https:\/\/cobayesdelazinsel.fr\/wp-content\/uploads\/2024\/01\/IMG_20231122_231622-1536x1199.jpg 1536w, https:\/\/cobayesdelazinsel.fr\/wp-content\/uploads\/2024\/01\/IMG_20231122_231622.jpg 1720w\" sizes=\"auto, (max-width: 648px) 100vw, 648px\" \/><\/a><\/p>\n<p>&nbsp;<\/p>\n<p>&nbsp;<\/p>\n<p>&nbsp;<\/p>\n<p>&nbsp;<\/p>\n<p>&nbsp;<\/p>\n<p>&nbsp;<\/p>\n<p>&nbsp;<\/p>\n<p>&nbsp;<\/p>\n<p>&nbsp;<\/p>\n<p>&nbsp;<\/p>\n<p>&nbsp;<\/p>\n<p>&nbsp;<\/p>\n<p>&nbsp;<\/p>\n<p><strong>Fortuna de la Zinsel<\/strong><br \/>\nUs-Teddy californien ambre marques bleues<br \/>\n2023<\/p>\n<p>&nbsp;<\/p>\n<p><a href=\"https:\/\/cobayesdelazinsel.fr\/wp-content\/uploads\/2024\/01\/IMG_20231122_231644.jpg\"><img loading=\"lazy\" decoding=\"async\" class=\"alignleft size-large wp-image-8021\" src=\"https:\/\/cobayesdelazinsel.fr\/wp-content\/uploads\/2024\/01\/IMG_20231122_231644-1024x728.jpg\" alt=\"\" width=\"648\" height=\"461\" srcset=\"https:\/\/cobayesdelazinsel.fr\/wp-content\/uploads\/2024\/01\/IMG_20231122_231644-1024x728.jpg 1024w, https:\/\/cobayesdelazinsel.fr\/wp-content\/uploads\/2024\/01\/IMG_20231122_231644-300x213.jpg 300w, https:\/\/cobayesdelazinsel.fr\/wp-content\/uploads\/2024\/01\/IMG_20231122_231644-768x546.jpg 768w, https:\/\/cobayesdelazinsel.fr\/wp-content\/uploads\/2024\/01\/IMG_20231122_231644-1536x1093.jpg 1536w, https:\/\/cobayesdelazinsel.fr\/wp-content\/uploads\/2024\/01\/IMG_20231122_231644.jpg 1850w\" sizes=\"auto, (max-width: 648px) 100vw, 648px\" \/><\/a><\/p>\n<p>&nbsp;<\/p>\n<p>&nbsp;<\/p>\n<p>&nbsp;<\/p>\n<p>&nbsp;<\/p>\n<p>&nbsp;<\/p>\n<p>&nbsp;<\/p>\n<p>&nbsp;<\/p>\n<p>&nbsp;<\/p>\n<p>&nbsp;<\/p>\n<p>&nbsp;<\/p>\n<p>&nbsp;<\/p>\n<p><strong>Fantasy de la Zinsel<\/strong><br \/>\nUs-Teddy californien cr\u00e8me marques bleues<br \/>\n2023<\/p>\n<p>&nbsp;<\/p>\n<p><a href=\"https:\/\/cobayesdelazinsel.fr\/wp-content\/uploads\/2024\/01\/IMG_20231122_231354.jpg\"><img loading=\"lazy\" decoding=\"async\" class=\"alignleft size-large wp-image-8022\" src=\"https:\/\/cobayesdelazinsel.fr\/wp-content\/uploads\/2024\/01\/IMG_20231122_231354-1024x768.jpg\" alt=\"\" width=\"648\" height=\"486\" srcset=\"https:\/\/cobayesdelazinsel.fr\/wp-content\/uploads\/2024\/01\/IMG_20231122_231354-1024x768.jpg 1024w, https:\/\/cobayesdelazinsel.fr\/wp-content\/uploads\/2024\/01\/IMG_20231122_231354-300x225.jpg 300w, https:\/\/cobayesdelazinsel.fr\/wp-content\/uploads\/2024\/01\/IMG_20231122_231354-768x576.jpg 768w, https:\/\/cobayesdelazinsel.fr\/wp-content\/uploads\/2024\/01\/IMG_20231122_231354-1536x1152.jpg 1536w, https:\/\/cobayesdelazinsel.fr\/wp-content\/uploads\/2024\/01\/IMG_20231122_231354.jpg 1634w\" sizes=\"auto, (max-width: 648px) 100vw, 648px\" \/><\/a><\/p>\n<p>&nbsp;<\/p>\n<p>&nbsp;<\/p>\n<p>&nbsp;<\/p>\n<p>&nbsp;<\/p>\n<p>&nbsp;<\/p>\n<p>&nbsp;<\/p>\n<p>&nbsp;<\/p>\n<p>&nbsp;<\/p>\n<p>&nbsp;<\/p>\n<p>&nbsp;<\/p>\n<p>&nbsp;<\/p>\n<p>&nbsp;<\/p>\n<p><strong>Marmotte de la Zinsel<\/strong><br \/>\nUs-Teddy agouti dor\u00e9<br \/>\n2023<\/p>\n<p>&nbsp;<\/p>\n<p><a href=\"https:\/\/cobayesdelazinsel.fr\/wp-content\/uploads\/2024\/01\/IMG_20240103_180419.jpg\"><img loading=\"lazy\" decoding=\"async\" class=\"alignleft size-large wp-image-8057\" src=\"https:\/\/cobayesdelazinsel.fr\/wp-content\/uploads\/2024\/01\/IMG_20240103_180419-1024x739.jpg\" alt=\"\" width=\"648\" height=\"468\" srcset=\"https:\/\/cobayesdelazinsel.fr\/wp-content\/uploads\/2024\/01\/IMG_20240103_180419-1024x739.jpg 1024w, https:\/\/cobayesdelazinsel.fr\/wp-content\/uploads\/2024\/01\/IMG_20240103_180419-300x217.jpg 300w, https:\/\/cobayesdelazinsel.fr\/wp-content\/uploads\/2024\/01\/IMG_20240103_180419-768x554.jpg 768w, https:\/\/cobayesdelazinsel.fr\/wp-content\/uploads\/2024\/01\/IMG_20240103_180419-1536x1109.jpg 1536w, https:\/\/cobayesdelazinsel.fr\/wp-content\/uploads\/2024\/01\/IMG_20240103_180419.jpg 1980w\" sizes=\"auto, (max-width: 648px) 100vw, 648px\" \/><\/a><\/p>\n<p>&nbsp;<\/p>\n<p>&nbsp;<\/p>\n<p>&nbsp;<\/p>\n<p>&nbsp;<\/p>\n<p>&nbsp;<\/p>\n<p>&nbsp;<\/p>\n<p>&nbsp;<\/p>\n<p>&nbsp;<\/p>\n<p>&nbsp;<\/p>\n<p>&nbsp;<\/p>\n<p>&nbsp;<\/p>\n<p>&nbsp;<\/p>\n<p><strong>P\u00eache Melba<\/strong><br \/>\nUs-Teddy californien rouge marques noires<br \/>\n2023<\/p>\n<p>&nbsp;<\/p>\n<p><a href=\"https:\/\/cobayesdelazinsel.fr\/wp-content\/uploads\/2024\/07\/indy-scaled.jpg\"><img loading=\"lazy\" decoding=\"async\" class=\"alignleft size-large wp-image-8188\" src=\"https:\/\/cobayesdelazinsel.fr\/wp-content\/uploads\/2024\/07\/indy-1024x719.jpg\" alt=\"\" width=\"648\" height=\"455\" srcset=\"https:\/\/cobayesdelazinsel.fr\/wp-content\/uploads\/2024\/07\/indy-1024x719.jpg 1024w, https:\/\/cobayesdelazinsel.fr\/wp-content\/uploads\/2024\/07\/indy-300x211.jpg 300w, https:\/\/cobayesdelazinsel.fr\/wp-content\/uploads\/2024\/07\/indy-768x539.jpg 768w, https:\/\/cobayesdelazinsel.fr\/wp-content\/uploads\/2024\/07\/indy-1536x1078.jpg 1536w, https:\/\/cobayesdelazinsel.fr\/wp-content\/uploads\/2024\/07\/indy-2048x1438.jpg 2048w\" sizes=\"auto, (max-width: 648px) 100vw, 648px\" \/><\/a><\/p>\n<p>&nbsp;<\/p>\n<p>&nbsp;<\/p>\n<p>&nbsp;<\/p>\n<p>&nbsp;<\/p>\n<p>&nbsp;<\/p>\n<p>&nbsp;<\/p>\n<p>&nbsp;<\/p>\n<p>&nbsp;<\/p>\n<p>&nbsp;<\/p>\n<p>&nbsp;<\/p>\n<p>&nbsp;<\/p>\n<p><strong>Indy de la Zinsel<\/strong><br \/>\nUs-Teddy cr\u00e8me<br \/>\n2024<\/p>\n<p>&nbsp;<\/p>\n<p>&nbsp;<\/p>\n","protected":false},"excerpt":{"rendered":"<p>Effet de mode ou r\u00e9elle passion ? Aimant les couleurs unies dans la gamme rouge et adorant l\u2019himalayen, l\u2019\u00e9levage du californien est arriv\u00e9 tout naturellement ! Bien que tr\u00e8s recherch\u00e9s nous ne souhaitons pas reproduire \u201cen masse\u201d nos californiens dans le but de nourrir une mode, mais nous voulons s\u00e9lectionner des animaux de grande qualit\u00e9 [&hellip;]<\/p>\n","protected":false},"author":1,"featured_media":0,"parent":0,"menu_order":0,"comment_status":"closed","ping_status":"closed","template":"","meta":{"footnotes":""},"class_list":["post-6327","page","type-page","status-publish","hentry"],"_links":{"self":[{"href":"https:\/\/cobayesdelazinsel.fr\/index.php\/wp-json\/wp\/v2\/pages\/6327","targetHints":{"allow":["GET"]}}],"collection":[{"href":"https:\/\/cobayesdelazinsel.fr\/index.php\/wp-json\/wp\/v2\/pages"}],"about":[{"href":"https:\/\/cobayesdelazinsel.fr\/index.php\/wp-json\/wp\/v2\/types\/page"}],"author":[{"embeddable":true,"href":"https:\/\/cobayesdelazinsel.fr\/index.php\/wp-json\/wp\/v2\/users\/1"}],"replies":[{"embeddable":true,"href":"https:\/\/cobayesdelazinsel.fr\/index.php\/wp-json\/wp\/v2\/comments?post=6327"}],"version-history":[{"count":25,"href":"https:\/\/cobayesdelazinsel.fr\/index.php\/wp-json\/wp\/v2\/pages\/6327\/revisions"}],"predecessor-version":[{"id":8189,"href":"https:\/\/cobayesdelazinsel.fr\/index.php\/wp-json\/wp\/v2\/pages\/6327\/revisions\/8189"}],"wp:attachment":[{"href":"https:\/\/cobayesdelazinsel.fr\/index.php\/wp-json\/wp\/v2\/media?parent=6327"}],"curies":[{"name":"wp","href":"https:\/\/api.w.org\/{rel}","templated":true}]}}