{"id":6345,"date":"2020-01-24T13:42:07","date_gmt":"2020-01-24T12:42:07","guid":{"rendered":"http:\/\/cobayesdelazinsel.fr\/?page_id=6345"},"modified":"2024-07-28T15:39:12","modified_gmt":"2024-07-28T13:39:12","slug":"us-teddy-quadrio-foglio","status":"publish","type":"page","link":"https:\/\/cobayesdelazinsel.fr\/index.php\/us-teddy-quadrio-foglio\/","title":{"rendered":"Quadrio foglio"},"content":{"rendered":"<p>Le Quadrio foglio est un marquage tr\u00e8s rare et difficile \u00e0 s\u00e9lectionner.<br \/>\nCe g\u00e8ne permet de diviser une couleur dilu\u00e9e dans deux tonalit\u00e9s diff\u00e9rentes, ce qui fait que le cochon d&#8217;inde a 4 couleurs (d&#8217;o\u00f9 Quadrio).<br \/>\nJ&#8217;\u00e9l\u00e8ve ce marquage en lilas, dor\u00e9, blanc depuis 2004.<\/p>\n<h2>M\u00e2les<\/h2>\n<p><a href=\"https:\/\/cobayesdelazinsel.fr\/wp-content\/uploads\/2023\/06\/IMG_20230531_151136.jpg\"><img loading=\"lazy\" decoding=\"async\" class=\"alignleft size-large wp-image-7739\" src=\"https:\/\/cobayesdelazinsel.fr\/wp-content\/uploads\/2023\/06\/IMG_20230531_151136-1024x618.jpg\" alt=\"\" width=\"648\" height=\"391\" srcset=\"https:\/\/cobayesdelazinsel.fr\/wp-content\/uploads\/2023\/06\/IMG_20230531_151136-1024x618.jpg 1024w, https:\/\/cobayesdelazinsel.fr\/wp-content\/uploads\/2023\/06\/IMG_20230531_151136-300x181.jpg 300w, https:\/\/cobayesdelazinsel.fr\/wp-content\/uploads\/2023\/06\/IMG_20230531_151136-768x463.jpg 768w, https:\/\/cobayesdelazinsel.fr\/wp-content\/uploads\/2023\/06\/IMG_20230531_151136-1536x927.jpg 1536w, https:\/\/cobayesdelazinsel.fr\/wp-content\/uploads\/2023\/06\/IMG_20230531_151136-2048x1236.jpg 2048w\" sizes=\"auto, (max-width: 648px) 100vw, 648px\" \/><\/a><\/p>\n<p>&nbsp;<\/p>\n<p>&nbsp;<\/p>\n<p>&nbsp;<\/p>\n<p>&nbsp;<\/p>\n<p>&nbsp;<\/p>\n<p>&nbsp;<\/p>\n<p>&nbsp;<\/p>\n<p>&nbsp;<\/p>\n<p>&nbsp;<\/p>\n<p>&nbsp;<\/p>\n<p><strong>\u00a0Lila Sugar Bear<\/strong><br \/>\nM\u00e2le Us-Teddy Quadrio foglio<br \/>\nN\u00e9 en 2021<\/p>\n<p>&nbsp;<\/p>\n<p><a href=\"https:\/\/cobayesdelazinsel.fr\/wp-content\/uploads\/2023\/06\/IMG_20230531_151049.jpg\"><img loading=\"lazy\" decoding=\"async\" class=\"alignleft wp-image-7740\" src=\"https:\/\/cobayesdelazinsel.fr\/wp-content\/uploads\/2023\/06\/IMG_20230531_151049-651x1024.jpg\" alt=\"\" width=\"345\" height=\"543\" srcset=\"https:\/\/cobayesdelazinsel.fr\/wp-content\/uploads\/2023\/06\/IMG_20230531_151049-651x1024.jpg 651w, https:\/\/cobayesdelazinsel.fr\/wp-content\/uploads\/2023\/06\/IMG_20230531_151049-191x300.jpg 191w, https:\/\/cobayesdelazinsel.fr\/wp-content\/uploads\/2023\/06\/IMG_20230531_151049-768x1209.jpg 768w, https:\/\/cobayesdelazinsel.fr\/wp-content\/uploads\/2023\/06\/IMG_20230531_151049-976x1536.jpg 976w, https:\/\/cobayesdelazinsel.fr\/wp-content\/uploads\/2023\/06\/IMG_20230531_151049-1301x2048.jpg 1301w, https:\/\/cobayesdelazinsel.fr\/wp-content\/uploads\/2023\/06\/IMG_20230531_151049.jpg 1462w\" sizes=\"auto, (max-width: 345px) 100vw, 345px\" \/><\/a><\/p>\n<p>&nbsp;<\/p>\n<p>&nbsp;<\/p>\n<p>&nbsp;<\/p>\n<p>&nbsp;<\/p>\n<p>&nbsp;<\/p>\n<p>&nbsp;<\/p>\n<p>&nbsp;<\/p>\n<p>&nbsp;<\/p>\n<p>&nbsp;<\/p>\n<p>&nbsp;<\/p>\n<p>&nbsp;<\/p>\n<p>&nbsp;<\/p>\n<p>&nbsp;<\/p>\n<p>&nbsp;<\/p>\n<p>&nbsp;<\/p>\n<p>&nbsp;<\/p>\n<p>&nbsp;<\/p>\n<p><a href=\"https:\/\/cobayesdelazinsel.fr\/wp-content\/uploads\/2023\/06\/IMG_20230501_193337.jpg\"><img loading=\"lazy\" decoding=\"async\" class=\"alignleft size-large wp-image-7741\" src=\"https:\/\/cobayesdelazinsel.fr\/wp-content\/uploads\/2023\/06\/IMG_20230501_193337-1024x626.jpg\" alt=\"\" width=\"648\" height=\"396\" srcset=\"https:\/\/cobayesdelazinsel.fr\/wp-content\/uploads\/2023\/06\/IMG_20230501_193337-1024x626.jpg 1024w, https:\/\/cobayesdelazinsel.fr\/wp-content\/uploads\/2023\/06\/IMG_20230501_193337-300x183.jpg 300w, https:\/\/cobayesdelazinsel.fr\/wp-content\/uploads\/2023\/06\/IMG_20230501_193337-768x469.jpg 768w, https:\/\/cobayesdelazinsel.fr\/wp-content\/uploads\/2023\/06\/IMG_20230501_193337-1536x939.jpg 1536w, https:\/\/cobayesdelazinsel.fr\/wp-content\/uploads\/2023\/06\/IMG_20230501_193337-2048x1252.jpg 2048w\" sizes=\"auto, (max-width: 648px) 100vw, 648px\" \/><\/a><\/p>\n<p>&nbsp;<\/p>\n<p>&nbsp;<\/p>\n<p>&nbsp;<\/p>\n<p>&nbsp;<\/p>\n<p>&nbsp;<\/p>\n<p>&nbsp;<\/p>\n<p>&nbsp;<\/p>\n<p>&nbsp;<\/p>\n<p>&nbsp;<\/p>\n<p>&nbsp;<\/p>\n<p><strong>Lila Sweety Bear de la Zinsel<\/strong><br \/>\nUs-Teddy Quadrio foglio<br \/>\nN\u00e9 29.11.2022<\/p>\n<h2>Femelles<\/h2>\n<p>&nbsp;<\/p>\n<p><a href=\"https:\/\/cobayesdelazinsel.fr\/wp-content\/uploads\/2024\/01\/IMG_20231122_230551-2.jpg\"><img loading=\"lazy\" decoding=\"async\" class=\"alignleft size-large wp-image-7995\" src=\"https:\/\/cobayesdelazinsel.fr\/wp-content\/uploads\/2024\/01\/IMG_20231122_230551-2-1024x705.jpg\" alt=\"\" width=\"648\" height=\"446\" srcset=\"https:\/\/cobayesdelazinsel.fr\/wp-content\/uploads\/2024\/01\/IMG_20231122_230551-2-1024x705.jpg 1024w, https:\/\/cobayesdelazinsel.fr\/wp-content\/uploads\/2024\/01\/IMG_20231122_230551-2-300x207.jpg 300w, https:\/\/cobayesdelazinsel.fr\/wp-content\/uploads\/2024\/01\/IMG_20231122_230551-2-768x529.jpg 768w, https:\/\/cobayesdelazinsel.fr\/wp-content\/uploads\/2024\/01\/IMG_20231122_230551-2-1536x1058.jpg 1536w, https:\/\/cobayesdelazinsel.fr\/wp-content\/uploads\/2024\/01\/IMG_20231122_230551-2.jpg 1970w\" sizes=\"auto, (max-width: 648px) 100vw, 648px\" \/><\/a><\/p>\n<p>&nbsp;<\/p>\n<p>&nbsp;<\/p>\n<p>&nbsp;<\/p>\n<p>&nbsp;<\/p>\n<p>&nbsp;<\/p>\n<p>&nbsp;<\/p>\n<p>&nbsp;<\/p>\n<p>&nbsp;<\/p>\n<p>&nbsp;<\/p>\n<p>&nbsp;<\/p>\n<p>&nbsp;<\/p>\n<p><strong>Purple Maschka<\/strong><br \/>\nFemelle Us-Teddy Quadrio Foglio<br \/>\nN\u00e9e le 08.09.2022<\/p>\n<p>&nbsp;<\/p>\n<p>&nbsp;<\/p>\n<p><a href=\"https:\/\/cobayesdelazinsel.fr\/wp-content\/uploads\/2024\/01\/IMG_20231122_232756.jpg\"><img loading=\"lazy\" decoding=\"async\" class=\"alignleft size-large wp-image-7997\" src=\"https:\/\/cobayesdelazinsel.fr\/wp-content\/uploads\/2024\/01\/IMG_20231122_232756-1024x717.jpg\" alt=\"\" width=\"648\" height=\"454\" srcset=\"https:\/\/cobayesdelazinsel.fr\/wp-content\/uploads\/2024\/01\/IMG_20231122_232756-1024x717.jpg 1024w, https:\/\/cobayesdelazinsel.fr\/wp-content\/uploads\/2024\/01\/IMG_20231122_232756-300x210.jpg 300w, https:\/\/cobayesdelazinsel.fr\/wp-content\/uploads\/2024\/01\/IMG_20231122_232756-768x538.jpg 768w, https:\/\/cobayesdelazinsel.fr\/wp-content\/uploads\/2024\/01\/IMG_20231122_232756-1536x1076.jpg 1536w, https:\/\/cobayesdelazinsel.fr\/wp-content\/uploads\/2024\/01\/IMG_20231122_232756.jpg 1959w\" sizes=\"auto, (max-width: 648px) 100vw, 648px\" \/><\/a><\/p>\n<p>&nbsp;<\/p>\n<p>&nbsp;<\/p>\n<p>&nbsp;<\/p>\n<p>&nbsp;<\/p>\n<p>&nbsp;<\/p>\n<p>&nbsp;<\/p>\n<p>&nbsp;<\/p>\n<p>&nbsp;<\/p>\n<p>&nbsp;<\/p>\n<p>&nbsp;<\/p>\n<p>&nbsp;<\/p>\n<p><strong>Purple Pia de la Zinsel<\/strong><br \/>\nFemelle Us-Teddy Quadrio foglio<br \/>\n13.05.2023<\/p>\n<p>&nbsp;<\/p>\n<p>&nbsp;<\/p>\n<p>&nbsp;<\/p>\n<p>&nbsp;<\/p>\n<p>&nbsp;<\/p>\n<p>&nbsp;<\/p>\n<p>&nbsp;<\/p>\n<p>&nbsp;<\/p>\n<p>&nbsp;<\/p>\n<p>&nbsp;<\/p>\n<p>&nbsp;<\/p>\n<p>&nbsp;<\/p>\n<p>&nbsp;<\/p>\n<p>&nbsp;<\/p>\n","protected":false},"excerpt":{"rendered":"<p>Le Quadrio foglio est un marquage tr\u00e8s rare et difficile \u00e0 s\u00e9lectionner. Ce g\u00e8ne permet de diviser une couleur dilu\u00e9e dans deux tonalit\u00e9s diff\u00e9rentes, ce qui fait que le cochon d&#8217;inde a 4 couleurs (d&#8217;o\u00f9 Quadrio). J&#8217;\u00e9l\u00e8ve ce marquage en lilas, dor\u00e9, blanc depuis 2004. M\u00e2les &nbsp; &nbsp; &nbsp; &nbsp; &nbsp; &nbsp; &nbsp; &nbsp; &nbsp; [&hellip;]<\/p>\n","protected":false},"author":1,"featured_media":3305,"parent":0,"menu_order":0,"comment_status":"closed","ping_status":"closed","template":"","meta":{"footnotes":""},"class_list":["post-6345","page","type-page","status-publish","has-post-thumbnail","hentry"],"_links":{"self":[{"href":"https:\/\/cobayesdelazinsel.fr\/index.php\/wp-json\/wp\/v2\/pages\/6345","targetHints":{"allow":["GET"]}}],"collection":[{"href":"https:\/\/cobayesdelazinsel.fr\/index.php\/wp-json\/wp\/v2\/pages"}],"about":[{"href":"https:\/\/cobayesdelazinsel.fr\/index.php\/wp-json\/wp\/v2\/types\/page"}],"author":[{"embeddable":true,"href":"https:\/\/cobayesdelazinsel.fr\/index.php\/wp-json\/wp\/v2\/users\/1"}],"replies":[{"embeddable":true,"href":"https:\/\/cobayesdelazinsel.fr\/index.php\/wp-json\/wp\/v2\/comments?post=6345"}],"version-history":[{"count":16,"href":"https:\/\/cobayesdelazinsel.fr\/index.php\/wp-json\/wp\/v2\/pages\/6345\/revisions"}],"predecessor-version":[{"id":8190,"href":"https:\/\/cobayesdelazinsel.fr\/index.php\/wp-json\/wp\/v2\/pages\/6345\/revisions\/8190"}],"wp:featuredmedia":[{"embeddable":true,"href":"https:\/\/cobayesdelazinsel.fr\/index.php\/wp-json\/wp\/v2\/media\/3305"}],"wp:attachment":[{"href":"https:\/\/cobayesdelazinsel.fr\/index.php\/wp-json\/wp\/v2\/media?parent=6345"}],"curies":[{"name":"wp","href":"https:\/\/api.w.org\/{rel}","templated":true}]}}