{"id":6363,"date":"2020-01-29T08:24:36","date_gmt":"2020-01-29T07:24:36","guid":{"rendered":"http:\/\/cobayesdelazinsel.fr\/?page_id=6363"},"modified":"2024-07-28T15:54:48","modified_gmt":"2024-07-28T13:54:48","slug":"us-teddy-etb","status":"publish","type":"page","link":"https:\/\/cobayesdelazinsel.fr\/index.php\/us-teddy-etb\/","title":{"rendered":"Ecaille de Tortue et Blanc"},"content":{"rendered":"<p><a href=\"http:\/\/cobayesdelazinsel.fr\/wp-content\/uploads\/2017\/02\/IMG_3197.jpg\"><img loading=\"lazy\" decoding=\"async\" class=\"alignleft wp-image-3251 size-thumbnail\" src=\"http:\/\/cobayesdelazinsel.fr\/wp-content\/uploads\/2017\/02\/IMG_3197-150x150.jpg\" width=\"150\" height=\"150\" srcset=\"https:\/\/cobayesdelazinsel.fr\/wp-content\/uploads\/2017\/02\/IMG_3197-150x150.jpg 150w, https:\/\/cobayesdelazinsel.fr\/wp-content\/uploads\/2017\/02\/IMG_3197-60x60.jpg 60w\" sizes=\"auto, (max-width: 150px) 100vw, 150px\" \/><\/a>L\u2019Ecaille de Tortue et Blanc est un cobaye \u00e0 dessin de couleur noir, rouge et blanc dispos\u00e9 sous la forme d\u2019un damier avec au minimum 3 couleurs de chaque c\u00f4t\u00e9. Les couleurs de l\u2019ETB ne doivent pas se m\u00ealer les unes aux autres et \u00eatre bien d\u00e9marqu\u00e9es, une liste blanche est cependant tol\u00e9r\u00e9e. Ce marquage est tr\u00e8s difficile \u00e0 s\u00e9lectionner, les sujets parfaits sont extr\u00eamement rares, m\u00eame en poils lisses il est tr\u00e8s rare d\u2019en observer en \u00e9levage et en exposition. J\u2019\u00e9l\u00e8ve ce marquage depuis 2004, \u00e0 la base de \u201csimples tricolores\u201d puis petit \u00e0 petit l\u2019envie de s\u00e9lectionner quelque chose de concret et non pas quelque chose d\u2019al\u00e9atoire. Il faut \u00e9norm\u00e9ment de patience, \u00e0 ce jour j\u2019ai quelques sujets qui tendent vers l\u2019id\u00e9al d\u00e9crit par le standard mais il y a encore un \u00e9norme travail de s\u00e9lection \u00e0 faire. Travail de s\u00e9lection d\u2019autant plus difficile car s\u2019ajoute \u00e0 la difficult\u00e9 d\u2019obtenir un marquage id\u00e9al : un bon type, une bonne texture et une belle intensit\u00e9 de couleur.<\/p>\n<p>&nbsp;<\/p>\n<p>&nbsp;<\/p>\n<h2>M\u00e2les<\/h2>\n<p>&nbsp;<\/p>\n<p><a href=\"https:\/\/cobayesdelazinsel.fr\/wp-content\/uploads\/2022\/07\/IMG_2187.jpg\"><img loading=\"lazy\" decoding=\"async\" class=\"alignleft size-large wp-image-7413\" src=\"https:\/\/cobayesdelazinsel.fr\/wp-content\/uploads\/2022\/07\/IMG_2187-1024x768.jpg\" alt=\"\" width=\"648\" height=\"486\" srcset=\"https:\/\/cobayesdelazinsel.fr\/wp-content\/uploads\/2022\/07\/IMG_2187-1024x768.jpg 1024w, https:\/\/cobayesdelazinsel.fr\/wp-content\/uploads\/2022\/07\/IMG_2187-300x225.jpg 300w, https:\/\/cobayesdelazinsel.fr\/wp-content\/uploads\/2022\/07\/IMG_2187-768x576.jpg 768w, https:\/\/cobayesdelazinsel.fr\/wp-content\/uploads\/2022\/07\/IMG_2187-1536x1151.jpg 1536w, https:\/\/cobayesdelazinsel.fr\/wp-content\/uploads\/2022\/07\/IMG_2187.jpg 1625w\" sizes=\"auto, (max-width: 648px) 100vw, 648px\" \/><\/a><\/p>\n<p>&nbsp;<\/p>\n<p>&nbsp;<\/p>\n<p>&nbsp;<\/p>\n<p>&nbsp;<\/p>\n<p>&nbsp;<\/p>\n<p>&nbsp;<\/p>\n<p>&nbsp;<\/p>\n<p>&nbsp;<\/p>\n<p>&nbsp;<\/p>\n<p>&nbsp;<\/p>\n<p>&nbsp;<\/p>\n<p>&nbsp;<\/p>\n<p><strong>Sammy de la Zinsel<\/strong><br \/>\nM\u00e2le agouti dor\u00e9 et blanc<br \/>\nN\u00e9 en d\u00e9cembre 2019 (retrait\u00e9)<\/p>\n<p>&nbsp;<\/p>\n<p><a href=\"https:\/\/cobayesdelazinsel.fr\/wp-content\/uploads\/2024\/07\/max-scaled.jpg\"><img loading=\"lazy\" decoding=\"async\" class=\"alignleft size-large wp-image-8192\" src=\"https:\/\/cobayesdelazinsel.fr\/wp-content\/uploads\/2024\/07\/max-1024x683.jpg\" alt=\"\" width=\"648\" height=\"432\" srcset=\"https:\/\/cobayesdelazinsel.fr\/wp-content\/uploads\/2024\/07\/max-1024x683.jpg 1024w, https:\/\/cobayesdelazinsel.fr\/wp-content\/uploads\/2024\/07\/max-300x200.jpg 300w, https:\/\/cobayesdelazinsel.fr\/wp-content\/uploads\/2024\/07\/max-768x512.jpg 768w, https:\/\/cobayesdelazinsel.fr\/wp-content\/uploads\/2024\/07\/max-1536x1024.jpg 1536w, https:\/\/cobayesdelazinsel.fr\/wp-content\/uploads\/2024\/07\/max-2048x1366.jpg 2048w\" sizes=\"auto, (max-width: 648px) 100vw, 648px\" \/><\/a><\/p>\n<p>&nbsp;<\/p>\n<p>&nbsp;<\/p>\n<p>&nbsp;<\/p>\n<p>&nbsp;<\/p>\n<p>&nbsp;<\/p>\n<p>&nbsp;<\/p>\n<p>&nbsp;<\/p>\n<p>&nbsp;<\/p>\n<p>&nbsp;<\/p>\n<p>&nbsp;<\/p>\n<p>&nbsp;<\/p>\n<p><strong>Max de la Zinsel<\/strong><br \/>\nUs-Teddy ETB Noir, rouge et blanc<br \/>\n2024<\/p>\n<p>&nbsp;<\/p>\n<p><a href=\"https:\/\/cobayesdelazinsel.fr\/wp-content\/uploads\/2024\/07\/spirit-scaled.jpg\"><img loading=\"lazy\" decoding=\"async\" class=\"alignleft size-large wp-image-8193\" src=\"https:\/\/cobayesdelazinsel.fr\/wp-content\/uploads\/2024\/07\/spirit-1024x709.jpg\" alt=\"\" width=\"648\" height=\"449\" srcset=\"https:\/\/cobayesdelazinsel.fr\/wp-content\/uploads\/2024\/07\/spirit-1024x709.jpg 1024w, https:\/\/cobayesdelazinsel.fr\/wp-content\/uploads\/2024\/07\/spirit-300x208.jpg 300w, https:\/\/cobayesdelazinsel.fr\/wp-content\/uploads\/2024\/07\/spirit-768x532.jpg 768w, https:\/\/cobayesdelazinsel.fr\/wp-content\/uploads\/2024\/07\/spirit-1536x1064.jpg 1536w, https:\/\/cobayesdelazinsel.fr\/wp-content\/uploads\/2024\/07\/spirit-2048x1419.jpg 2048w\" sizes=\"auto, (max-width: 648px) 100vw, 648px\" \/><\/a><\/p>\n<p>&nbsp;<\/p>\n<p>&nbsp;<\/p>\n<p>&nbsp;<\/p>\n<p>&nbsp;<\/p>\n<p>&nbsp;<\/p>\n<p>&nbsp;<\/p>\n<p>&nbsp;<\/p>\n<p>&nbsp;<\/p>\n<p>&nbsp;<\/p>\n<p>&nbsp;<\/p>\n<p>&nbsp;<\/p>\n<p><strong>Spirit de la Zinsel<\/strong><br \/>\nUs-Teddy ETB noir, rouge, blanc<br \/>\n2024<\/p>\n<p>&nbsp;<\/p>\n<p>&nbsp;<\/p>\n<p>&nbsp;<\/p>\n<h2>Femelles<\/h2>\n<p>&nbsp;<\/p>\n<p><a href=\"https:\/\/cobayesdelazinsel.fr\/wp-content\/uploads\/2022\/07\/mimosa2.jpg\"><img loading=\"lazy\" decoding=\"async\" class=\"alignleft size-large wp-image-7423\" src=\"https:\/\/cobayesdelazinsel.fr\/wp-content\/uploads\/2022\/07\/mimosa2-1024x768.jpg\" alt=\"\" width=\"648\" height=\"486\" srcset=\"https:\/\/cobayesdelazinsel.fr\/wp-content\/uploads\/2022\/07\/mimosa2-1024x768.jpg 1024w, https:\/\/cobayesdelazinsel.fr\/wp-content\/uploads\/2022\/07\/mimosa2-300x225.jpg 300w, https:\/\/cobayesdelazinsel.fr\/wp-content\/uploads\/2022\/07\/mimosa2-768x576.jpg 768w, https:\/\/cobayesdelazinsel.fr\/wp-content\/uploads\/2022\/07\/mimosa2-1536x1152.jpg 1536w, https:\/\/cobayesdelazinsel.fr\/wp-content\/uploads\/2022\/07\/mimosa2.jpg 1633w\" sizes=\"auto, (max-width: 648px) 100vw, 648px\" \/><\/a><\/p>\n<p>&nbsp;<\/p>\n<p>&nbsp;<\/p>\n<p>&nbsp;<\/p>\n<p>&nbsp;<\/p>\n<p>&nbsp;<\/p>\n<p>&nbsp;<\/p>\n<p>&nbsp;<\/p>\n<p>&nbsp;<\/p>\n<p>&nbsp;<\/p>\n<p>&nbsp;<\/p>\n<p>&nbsp;<\/p>\n<p>&nbsp;<\/p>\n<p>Mimosa de la Zinsel<br \/>\nFemelle Us-Teddy ETB<\/p>\n<p>&nbsp;<\/p>\n<p>&nbsp;<\/p>\n<p><a href=\"https:\/\/cobayesdelazinsel.fr\/wp-content\/uploads\/2022\/07\/silene.jpg\"><img loading=\"lazy\" decoding=\"async\" class=\"alignleft size-large wp-image-7430\" src=\"https:\/\/cobayesdelazinsel.fr\/wp-content\/uploads\/2022\/07\/silene-1024x767.jpg\" alt=\"\" width=\"648\" height=\"485\" srcset=\"https:\/\/cobayesdelazinsel.fr\/wp-content\/uploads\/2022\/07\/silene-1024x767.jpg 1024w, https:\/\/cobayesdelazinsel.fr\/wp-content\/uploads\/2022\/07\/silene-300x225.jpg 300w, https:\/\/cobayesdelazinsel.fr\/wp-content\/uploads\/2022\/07\/silene-768x576.jpg 768w, https:\/\/cobayesdelazinsel.fr\/wp-content\/uploads\/2022\/07\/silene-1536x1151.jpg 1536w, https:\/\/cobayesdelazinsel.fr\/wp-content\/uploads\/2022\/07\/silene.jpg 1760w\" sizes=\"auto, (max-width: 648px) 100vw, 648px\" \/><\/a><\/p>\n<p>&nbsp;<\/p>\n<p>&nbsp;<\/p>\n<p>&nbsp;<\/p>\n<p>&nbsp;<\/p>\n<p>&nbsp;<\/p>\n<p>&nbsp;<\/p>\n<p>&nbsp;<\/p>\n<p>&nbsp;<\/p>\n<p>&nbsp;<\/p>\n<p>&nbsp;<\/p>\n<p>&nbsp;<\/p>\n<p>&nbsp;<\/p>\n<p>Sil\u00e8ne de la Zinsel<br \/>\nUs-Teddy ETB<\/p>\n<p>&nbsp;<\/p>\n<p>&nbsp;<\/p>\n<p>&nbsp;<\/p>\n<p>Quelques dessins de mes ETB<\/p>\n<p><a href=\"https:\/\/cobayesdelazinsel.fr\/wp-content\/uploads\/2022\/07\/IMG_2528.jpg\"><img loading=\"lazy\" decoding=\"async\" class=\"alignleft size-medium wp-image-7435\" src=\"https:\/\/cobayesdelazinsel.fr\/wp-content\/uploads\/2022\/07\/IMG_2528-175x300.jpg\" alt=\"\" width=\"175\" height=\"300\" srcset=\"https:\/\/cobayesdelazinsel.fr\/wp-content\/uploads\/2022\/07\/IMG_2528-175x300.jpg 175w, https:\/\/cobayesdelazinsel.fr\/wp-content\/uploads\/2022\/07\/IMG_2528-598x1024.jpg 598w, https:\/\/cobayesdelazinsel.fr\/wp-content\/uploads\/2022\/07\/IMG_2528-768x1314.jpg 768w, https:\/\/cobayesdelazinsel.fr\/wp-content\/uploads\/2022\/07\/IMG_2528-897x1536.jpg 897w, https:\/\/cobayesdelazinsel.fr\/wp-content\/uploads\/2022\/07\/IMG_2528.jpg 1064w\" sizes=\"auto, (max-width: 175px) 100vw, 175px\" \/><\/a><a href=\"https:\/\/cobayesdelazinsel.fr\/wp-content\/uploads\/2022\/07\/IMG_2101-scaled.jpg\"><img loading=\"lazy\" decoding=\"async\" class=\"alignleft size-medium wp-image-7436\" src=\"https:\/\/cobayesdelazinsel.fr\/wp-content\/uploads\/2022\/07\/IMG_2101-186x300.jpg\" alt=\"\" width=\"186\" height=\"300\" srcset=\"https:\/\/cobayesdelazinsel.fr\/wp-content\/uploads\/2022\/07\/IMG_2101-186x300.jpg 186w, https:\/\/cobayesdelazinsel.fr\/wp-content\/uploads\/2022\/07\/IMG_2101-633x1024.jpg 633w, https:\/\/cobayesdelazinsel.fr\/wp-content\/uploads\/2022\/07\/IMG_2101-768x1242.jpg 768w, https:\/\/cobayesdelazinsel.fr\/wp-content\/uploads\/2022\/07\/IMG_2101-950x1536.jpg 950w, https:\/\/cobayesdelazinsel.fr\/wp-content\/uploads\/2022\/07\/IMG_2101-1266x2048.jpg 1266w, https:\/\/cobayesdelazinsel.fr\/wp-content\/uploads\/2022\/07\/IMG_2101-scaled.jpg 1583w\" sizes=\"auto, (max-width: 186px) 100vw, 186px\" \/><\/a><a href=\"https:\/\/cobayesdelazinsel.fr\/wp-content\/uploads\/2022\/07\/mimosa3.jpg\"><img loading=\"lazy\" decoding=\"async\" class=\"alignleft size-medium wp-image-7437\" src=\"https:\/\/cobayesdelazinsel.fr\/wp-content\/uploads\/2022\/07\/mimosa3-210x300.jpg\" alt=\"\" width=\"210\" height=\"300\" srcset=\"https:\/\/cobayesdelazinsel.fr\/wp-content\/uploads\/2022\/07\/mimosa3-210x300.jpg 210w, https:\/\/cobayesdelazinsel.fr\/wp-content\/uploads\/2022\/07\/mimosa3-716x1024.jpg 716w, https:\/\/cobayesdelazinsel.fr\/wp-content\/uploads\/2022\/07\/mimosa3-768x1098.jpg 768w, https:\/\/cobayesdelazinsel.fr\/wp-content\/uploads\/2022\/07\/mimosa3.jpg 984w\" sizes=\"auto, (max-width: 210px) 100vw, 210px\" \/><\/a> <a href=\"https:\/\/cobayesdelazinsel.fr\/wp-content\/uploads\/2022\/07\/IMG_2526.jpg\"><img loading=\"lazy\" decoding=\"async\" class=\"alignleft size-medium wp-image-7434\" src=\"https:\/\/cobayesdelazinsel.fr\/wp-content\/uploads\/2022\/07\/IMG_2526-209x300.jpg\" alt=\"\" width=\"209\" height=\"300\" srcset=\"https:\/\/cobayesdelazinsel.fr\/wp-content\/uploads\/2022\/07\/IMG_2526-209x300.jpg 209w, https:\/\/cobayesdelazinsel.fr\/wp-content\/uploads\/2022\/07\/IMG_2526-713x1024.jpg 713w, https:\/\/cobayesdelazinsel.fr\/wp-content\/uploads\/2022\/07\/IMG_2526-768x1103.jpg 768w, https:\/\/cobayesdelazinsel.fr\/wp-content\/uploads\/2022\/07\/IMG_2526-1070x1536.jpg 1070w, https:\/\/cobayesdelazinsel.fr\/wp-content\/uploads\/2022\/07\/IMG_2526.jpg 1126w\" sizes=\"auto, (max-width: 209px) 100vw, 209px\" \/><\/a><\/p>\n","protected":false},"excerpt":{"rendered":"<p>L\u2019Ecaille de Tortue et Blanc est un cobaye \u00e0 dessin de couleur noir, rouge et blanc dispos\u00e9 sous la forme d\u2019un damier avec au minimum 3 couleurs de chaque c\u00f4t\u00e9. Les couleurs de l\u2019ETB ne doivent pas se m\u00ealer les unes aux autres et \u00eatre bien d\u00e9marqu\u00e9es, une liste blanche est cependant tol\u00e9r\u00e9e. Ce marquage [&hellip;]<\/p>\n","protected":false},"author":1,"featured_media":3304,"parent":0,"menu_order":0,"comment_status":"closed","ping_status":"closed","template":"","meta":{"footnotes":""},"class_list":["post-6363","page","type-page","status-publish","has-post-thumbnail","hentry"],"_links":{"self":[{"href":"https:\/\/cobayesdelazinsel.fr\/index.php\/wp-json\/wp\/v2\/pages\/6363","targetHints":{"allow":["GET"]}}],"collection":[{"href":"https:\/\/cobayesdelazinsel.fr\/index.php\/wp-json\/wp\/v2\/pages"}],"about":[{"href":"https:\/\/cobayesdelazinsel.fr\/index.php\/wp-json\/wp\/v2\/types\/page"}],"author":[{"embeddable":true,"href":"https:\/\/cobayesdelazinsel.fr\/index.php\/wp-json\/wp\/v2\/users\/1"}],"replies":[{"embeddable":true,"href":"https:\/\/cobayesdelazinsel.fr\/index.php\/wp-json\/wp\/v2\/comments?post=6363"}],"version-history":[{"count":22,"href":"https:\/\/cobayesdelazinsel.fr\/index.php\/wp-json\/wp\/v2\/pages\/6363\/revisions"}],"predecessor-version":[{"id":8194,"href":"https:\/\/cobayesdelazinsel.fr\/index.php\/wp-json\/wp\/v2\/pages\/6363\/revisions\/8194"}],"wp:featuredmedia":[{"embeddable":true,"href":"https:\/\/cobayesdelazinsel.fr\/index.php\/wp-json\/wp\/v2\/media\/3304"}],"wp:attachment":[{"href":"https:\/\/cobayesdelazinsel.fr\/index.php\/wp-json\/wp\/v2\/media?parent=6363"}],"curies":[{"name":"wp","href":"https:\/\/api.w.org\/{rel}","templated":true}]}}