{"id":65,"date":"2013-03-01T17:59:00","date_gmt":"2013-03-01T16:59:00","guid":{"rendered":"http:\/\/cobayesdelazinsel.fr\/wordpress\/?page_id=60"},"modified":"2017-02-08T22:06:28","modified_gmt":"2017-02-08T21:06:28","slug":"objectifs","status":"publish","type":"page","link":"https:\/\/cobayesdelazinsel.fr\/index.php\/elevage-2\/objectifs\/","title":{"rendered":"R\u00e9sultats expos"},"content":{"rendered":"<p>Voici une page consacr\u00e9e \u00e0 nos r\u00e9sultats lors d&#8217;expositions en France ainsi qu&#8217;\u00e0 l&#8217;\u00e9tranger.<\/p>\n<h2>2017<\/h2>\n<p><strong>Exposition R\u00e9gionale du CESCR \u00e0 Illkirch &#8211; 115 cobayes inscrits<\/strong><br \/>\nMeilleur Cobaye de la Rencontre : Red Fire de la Zinsel Us-Teddy rouge 97 points<br \/>\nMeilleur Poils durs et dress\u00e9s : Angelo de la Zinsel Us-Teddy blanc yeux fonc\u00e9s 96.5 points<br \/>\nMeilleur \u00c9leveur de la rencontre avec 385,5 points<\/p>\n<p><a href=\"http:\/\/cobayesdelazinsel.fr\/wp-content\/uploads\/2013\/03\/IMG_1629-1.jpg\"><img loading=\"lazy\" decoding=\"async\" class=\"size-large wp-image-3434 alignleft\" src=\"http:\/\/cobayesdelazinsel.fr\/wp-content\/uploads\/2013\/03\/IMG_1629-1-1024x390.jpg\" alt=\"\" width=\"648\" height=\"247\" srcset=\"https:\/\/cobayesdelazinsel.fr\/wp-content\/uploads\/2013\/03\/IMG_1629-1-1024x390.jpg 1024w, https:\/\/cobayesdelazinsel.fr\/wp-content\/uploads\/2013\/03\/IMG_1629-1-300x114.jpg 300w, https:\/\/cobayesdelazinsel.fr\/wp-content\/uploads\/2013\/03\/IMG_1629-1-768x293.jpg 768w\" sizes=\"auto, (max-width: 648px) 100vw, 648px\" \/><\/a><\/p>\n<p>&nbsp;<\/p>\n<p>&nbsp;<\/p>\n<p>&nbsp;<\/p>\n<p>&nbsp;<\/p>\n<p>&nbsp;<\/p>\n<p>&nbsp;<\/p>\n<p>Angelo 96.5 points, Atlas 96 points, Red Fire 97 points et Flocon 96 points<\/p>\n<h2>2016<\/h2>\n<p><strong>Exposition Internationale de Cobayes (Caviadaag) \u00e0 Wessem en Hollande<\/strong><em> &#8211; environ 350 cobayes inscrits.<\/em><br \/>\nExposition jug\u00e9e sous le cadre de la MFD (Meerschweinchenfreude Deutschland), cobayes jug\u00e9s d\u2019apr\u00e8s le standard allemand.<br \/>\nNous avons inscrits 11 cobayes :<br \/>\n&#8211;<strong> 7x HV (Prix d&#8217;Honneur &#8211; 96 points) ci dessous en photo<\/strong><br \/>\nM\u00e2le Us-Teddy cr\u00e8me californien havane \/ M\u00e2le Us-Teddy blanc \/ M\u00e2le Us-Teddy Quadrio foglio \/ Femelle Us-Teddy himalayen \/ Femelle Us-Teddy blanc \/ Femelle Us-Teddy Quadrio foglio \/ Femelle Us-Teddy ETB<br \/>\n&#8211; 1x SG (Premier Prix &#8211; 95 points)<br \/>\nM\u00e2le Us-Teddy Himalayen<br \/>\n&#8211; 1xG (2\u00e8me Prix &#8211; 94 points)<br \/>\nM\u00e2le UPL bleu<br \/>\n&#8211; 2 absents<\/p>\n<p><a href=\"http:\/\/cobayesdelazinsel.fr\/wp-content\/uploads\/2016\/06\/slide4.jpg\"><img loading=\"lazy\" decoding=\"async\" class=\"size-large wp-image-3227 alignleft\" src=\"http:\/\/cobayesdelazinsel.fr\/wp-content\/uploads\/2016\/06\/slide4-1024x250.jpg\" alt=\"\" width=\"648\" height=\"158\" srcset=\"https:\/\/cobayesdelazinsel.fr\/wp-content\/uploads\/2016\/06\/slide4-1024x250.jpg 1024w, https:\/\/cobayesdelazinsel.fr\/wp-content\/uploads\/2016\/06\/slide4-300x73.jpg 300w, https:\/\/cobayesdelazinsel.fr\/wp-content\/uploads\/2016\/06\/slide4-768x187.jpg 768w, https:\/\/cobayesdelazinsel.fr\/wp-content\/uploads\/2016\/06\/slide4.jpg 1920w\" sizes=\"auto, (max-width: 648px) 100vw, 648px\" \/><\/a><\/p>\n<p><strong>Nos 7 HV !<\/strong><\/p>\n<h2><\/h2>\n<p>&nbsp;<\/p>\n<p>&nbsp;<\/p>\n<p>&nbsp;<\/p>\n<p>&nbsp;<\/p>\n<p>&nbsp;<\/p>\n<h2>2015<\/h2>\n<h3><strong>Exposition Europ\u00e9enne de Metz en France<\/strong> <em>&#8211; environ 350 cobayes<\/em><\/h3>\n<p>Nous avons inscrits 2 collections donc 8 cobayes :<br \/>\n2x PH 96 points :<strong> Champion d&#8217;Europe avec un m\u00e2le Us-Teddy himalayen noir<\/strong><br \/>\n+ 1 prix sp\u00e9ciale FAEC avec une femelle Us-Teddy blanche<\/p>\n<p><a href=\"http:\/\/cobayesdelazinsel.fr\/wp-content\/uploads\/2013\/03\/icesortm-champion-europeen.jpg\"><img loading=\"lazy\" decoding=\"async\" class=\"alignleft size-medium wp-image-3426\" src=\"http:\/\/cobayesdelazinsel.fr\/wp-content\/uploads\/2013\/03\/icesortm-champion-europeen-300x298.jpg\" alt=\"\" width=\"300\" height=\"298\" srcset=\"https:\/\/cobayesdelazinsel.fr\/wp-content\/uploads\/2013\/03\/icesortm-champion-europeen-300x298.jpg 300w, https:\/\/cobayesdelazinsel.fr\/wp-content\/uploads\/2013\/03\/icesortm-champion-europeen-150x150.jpg 150w, https:\/\/cobayesdelazinsel.fr\/wp-content\/uploads\/2013\/03\/icesortm-champion-europeen-768x763.jpg 768w, https:\/\/cobayesdelazinsel.fr\/wp-content\/uploads\/2013\/03\/icesortm-champion-europeen-1024x1018.jpg 1024w, https:\/\/cobayesdelazinsel.fr\/wp-content\/uploads\/2013\/03\/icesortm-champion-europeen-60x60.jpg 60w\" sizes=\"auto, (max-width: 300px) 100vw, 300px\" \/><\/a><\/p>\n<p>&nbsp;<\/p>\n<p><a href=\"http:\/\/cobayesdelazinsel.fr\/wp-content\/uploads\/2017\/02\/IMG_5946.jpg\"><img loading=\"lazy\" decoding=\"async\" class=\"alignleft size-medium wp-image-3295\" src=\"http:\/\/cobayesdelazinsel.fr\/wp-content\/uploads\/2017\/02\/IMG_5946-300x225.jpg\" alt=\"\" width=\"300\" height=\"225\" srcset=\"https:\/\/cobayesdelazinsel.fr\/wp-content\/uploads\/2017\/02\/IMG_5946-300x225.jpg 300w, https:\/\/cobayesdelazinsel.fr\/wp-content\/uploads\/2017\/02\/IMG_5946-768x576.jpg 768w, https:\/\/cobayesdelazinsel.fr\/wp-content\/uploads\/2017\/02\/IMG_5946-1024x768.jpg 1024w\" sizes=\"auto, (max-width: 300px) 100vw, 300px\" \/><\/a><\/p>\n<p>&nbsp;<\/p>\n<p>&nbsp;<\/p>\n<p>&nbsp;<\/p>\n<p>&nbsp;<\/p>\n<p>&nbsp;<\/p>\n<p>&nbsp;<\/p>\n<p>&nbsp;<\/p>\n<p>&nbsp;<\/p>\n<p>&nbsp;<\/p>\n<h3><strong>Exposition Internationale de Cobayes (Caviadaag) \u00e0 Wessem en Hollande<\/strong> <em>&#8211; environ 350 cobayes inscrits.<\/em><\/h3>\n<p>Exposition jug\u00e9e sous le cadre de la MFD (Meerschweinchenfreude Deutschland), cobayes jug\u00e9s d\u2019apr\u00e8s le standard allemand.<br \/>\n&#8211; 1\u00e8re place UK (Unterklasse = Sous cat\u00e9gorie) Us-Teddy tricolore avec une femelle Us-Teddy lilas, dor\u00e9e, blanche (Purple Jama\u00efca en photo ci dessous).<\/p>\n<p><strong>Nos r\u00e9sultats :<br \/>\n<\/strong>3 x HV (Hervorragend = Prix d\u2019Honneur) avec Purple Jama\u00efca (ci dessus), Nevada (us-teddy himalayenne noire) et Roxy (us-teddy blanche)<br \/>\n4 x SG (Sehr Gut = Premier Prix) avec Winter Boy (us-teddy himalayen noir), Whisky (us-teddy blanc), Leonardo (us-teddy ETB) et Quenda (us-teddy ETB).<\/p>\n<p><a href=\"http:\/\/cobayesdelazinsel.fr\/wp-content\/uploads\/2017\/02\/IMG_1820.jpg\"><img loading=\"lazy\" decoding=\"async\" class=\"alignleft size-medium wp-image-3293\" src=\"http:\/\/cobayesdelazinsel.fr\/wp-content\/uploads\/2017\/02\/IMG_1820-300x225.jpg\" alt=\"\" width=\"300\" height=\"225\" srcset=\"https:\/\/cobayesdelazinsel.fr\/wp-content\/uploads\/2017\/02\/IMG_1820-300x225.jpg 300w, https:\/\/cobayesdelazinsel.fr\/wp-content\/uploads\/2017\/02\/IMG_1820-768x576.jpg 768w, https:\/\/cobayesdelazinsel.fr\/wp-content\/uploads\/2017\/02\/IMG_1820-1024x768.jpg 1024w\" sizes=\"auto, (max-width: 300px) 100vw, 300px\" \/><\/a><\/p>\n<p>&nbsp;<\/p>\n<p>&nbsp;<\/p>\n<p>&nbsp;<\/p>\n<p>&nbsp;<\/p>\n<p>&nbsp;<\/p>\n<p>&nbsp;<\/p>\n<p>&nbsp;<\/p>\n<h2><strong>Avant 2015&#8230;<\/strong><\/h2>\n<p>Divers GPH lors d&#8217;expositions locales et r\u00e9gionales avec des Us-Teddies, des texels, des shelties, et oui autrefois j&#8217;avais aussi des poils longs !<\/p>\n<p><a href=\"http:\/\/cobayesdelazinsel.fr\/wp-content\/uploads\/2017\/02\/mickeycoupe.jpg\"><img loading=\"lazy\" decoding=\"async\" class=\"alignleft size-medium wp-image-3316\" src=\"http:\/\/cobayesdelazinsel.fr\/wp-content\/uploads\/2017\/02\/mickeycoupe-300x275.jpg\" alt=\"\" width=\"300\" height=\"275\" srcset=\"https:\/\/cobayesdelazinsel.fr\/wp-content\/uploads\/2017\/02\/mickeycoupe-300x275.jpg 300w, https:\/\/cobayesdelazinsel.fr\/wp-content\/uploads\/2017\/02\/mickeycoupe.jpg 306w\" sizes=\"auto, (max-width: 300px) 100vw, 300px\" \/><\/a> <a href=\"http:\/\/cobayesdelazinsel.fr\/wp-content\/uploads\/2017\/02\/neigecoupe.jpg\"><img loading=\"lazy\" decoding=\"async\" class=\"alignleft size-medium wp-image-3317\" src=\"http:\/\/cobayesdelazinsel.fr\/wp-content\/uploads\/2017\/02\/neigecoupe-225x300.jpg\" alt=\"\" width=\"225\" height=\"300\" srcset=\"https:\/\/cobayesdelazinsel.fr\/wp-content\/uploads\/2017\/02\/neigecoupe-225x300.jpg 225w, https:\/\/cobayesdelazinsel.fr\/wp-content\/uploads\/2017\/02\/neigecoupe.jpg 259w\" sizes=\"auto, (max-width: 225px) 100vw, 225px\" \/><\/a> <a href=\"http:\/\/cobayesdelazinsel.fr\/wp-content\/uploads\/2017\/02\/perlecoupe.jpg\"><img loading=\"lazy\" decoding=\"async\" class=\"alignleft size-medium wp-image-3318\" src=\"http:\/\/cobayesdelazinsel.fr\/wp-content\/uploads\/2017\/02\/perlecoupe-210x300.jpg\" alt=\"\" width=\"210\" height=\"300\" srcset=\"https:\/\/cobayesdelazinsel.fr\/wp-content\/uploads\/2017\/02\/perlecoupe-210x300.jpg 210w, https:\/\/cobayesdelazinsel.fr\/wp-content\/uploads\/2017\/02\/perlecoupe.jpg 248w\" sizes=\"auto, (max-width: 210px) 100vw, 210px\" \/><\/a>\u00a0 <a href=\"http:\/\/cobayesdelazinsel.fr\/wp-content\/uploads\/2017\/02\/souriscoupe.jpg\"><img loading=\"lazy\" decoding=\"async\" class=\"alignleft size-medium wp-image-3321\" src=\"http:\/\/cobayesdelazinsel.fr\/wp-content\/uploads\/2017\/02\/souriscoupe-225x300.jpg\" alt=\"\" width=\"225\" height=\"300\" srcset=\"https:\/\/cobayesdelazinsel.fr\/wp-content\/uploads\/2017\/02\/souriscoupe-225x300.jpg 225w, https:\/\/cobayesdelazinsel.fr\/wp-content\/uploads\/2017\/02\/souriscoupe.jpg 259w\" sizes=\"auto, (max-width: 225px) 100vw, 225px\" \/><\/a> <a href=\"http:\/\/cobayesdelazinsel.fr\/wp-content\/uploads\/2017\/02\/angelcoupe.jpg\"><img loading=\"lazy\" decoding=\"async\" class=\"alignleft size-full wp-image-3364\" src=\"http:\/\/cobayesdelazinsel.fr\/wp-content\/uploads\/2017\/02\/angelcoupe.jpg\" alt=\"\" width=\"224\" height=\"298\" \/><\/a><\/p>\n<p><span style=\"border-radius: 2px; text-indent: 20px; width: auto; padding: 0px 4px 0px 0px; text-align: center; font: bold 11px\/20px 'Helvetica Neue',Helvetica,sans-serif; color: #ffffff; background: #bd081c no-repeat scroll 3px 50% \/ 14px 14px; position: absolute; opacity: 1; z-index: 8675309; display: none; cursor: pointer;\">Enregistrer<\/span><\/p>\n<p><span style=\"border-radius: 2px; text-indent: 20px; width: auto; padding: 0px 4px 0px 0px; text-align: center; font: bold 11px\/20px 'Helvetica Neue',Helvetica,sans-serif; color: #ffffff; background: #bd081c no-repeat scroll 3px 50% \/ 14px 14px; position: absolute; opacity: 1; z-index: 8675309; display: none; cursor: pointer; top: 2979px; left: 342px;\">Enregistrer<\/span><\/p>\n<p><span style=\"border-radius: 2px; text-indent: 20px; width: auto; padding: 0px 4px 0px 0px; text-align: center; font: bold 11px\/20px 'Helvetica Neue',Helvetica,sans-serif; color: #ffffff; background: #bd081c no-repeat scroll 3px 50% \/ 14px 14px; position: absolute; opacity: 1; z-index: 8675309; display: none; cursor: pointer; top: 2471px; left: 1044px;\">Enregistrer<\/span><\/p>\n<p><span style=\"border-radius: 2px; text-indent: 20px; width: auto; padding: 0px 4px 0px 0px; text-align: center; font: bold 11px\/20px 'Helvetica Neue',Helvetica,sans-serif; color: #ffffff; background: #bd081c  no-repeat scroll 3px 50% \/ 14px 14px; position: absolute; opacity: 1; z-index: 8675309; display: none; cursor: pointer; top: 1530px; left: 336px;\">Enregistrer<\/span><\/p>\n","protected":false},"excerpt":{"rendered":"<p>Voici une page consacr\u00e9e \u00e0 nos r\u00e9sultats lors d&#8217;expositions en France ainsi qu&#8217;\u00e0 l&#8217;\u00e9tranger. 2017 Exposition R\u00e9gionale du CESCR \u00e0 Illkirch &#8211; 115 cobayes inscrits Meilleur Cobaye de la Rencontre : Red Fire de la Zinsel Us-Teddy rouge 97 points Meilleur Poils durs et dress\u00e9s : Angelo de la Zinsel Us-Teddy blanc yeux fonc\u00e9s 96.5 [&hellip;]<\/p>\n","protected":false},"author":1,"featured_media":0,"parent":56,"menu_order":0,"comment_status":"closed","ping_status":"closed","template":"","meta":{"footnotes":""},"class_list":["post-65","page","type-page","status-publish","hentry"],"_links":{"self":[{"href":"https:\/\/cobayesdelazinsel.fr\/index.php\/wp-json\/wp\/v2\/pages\/65","targetHints":{"allow":["GET"]}}],"collection":[{"href":"https:\/\/cobayesdelazinsel.fr\/index.php\/wp-json\/wp\/v2\/pages"}],"about":[{"href":"https:\/\/cobayesdelazinsel.fr\/index.php\/wp-json\/wp\/v2\/types\/page"}],"author":[{"embeddable":true,"href":"https:\/\/cobayesdelazinsel.fr\/index.php\/wp-json\/wp\/v2\/users\/1"}],"replies":[{"embeddable":true,"href":"https:\/\/cobayesdelazinsel.fr\/index.php\/wp-json\/wp\/v2\/comments?post=65"}],"version-history":[{"count":3,"href":"https:\/\/cobayesdelazinsel.fr\/index.php\/wp-json\/wp\/v2\/pages\/65\/revisions"}],"predecessor-version":[{"id":3436,"href":"https:\/\/cobayesdelazinsel.fr\/index.php\/wp-json\/wp\/v2\/pages\/65\/revisions\/3436"}],"up":[{"embeddable":true,"href":"https:\/\/cobayesdelazinsel.fr\/index.php\/wp-json\/wp\/v2\/pages\/56"}],"wp:attachment":[{"href":"https:\/\/cobayesdelazinsel.fr\/index.php\/wp-json\/wp\/v2\/media?parent=65"}],"curies":[{"name":"wp","href":"https:\/\/api.w.org\/{rel}","templated":true}]}}