{"id":6597,"date":"2020-05-26T18:01:04","date_gmt":"2020-05-26T16:01:04","guid":{"rendered":"http:\/\/cobayesdelazinsel.fr\/?page_id=6597"},"modified":"2025-05-09T23:18:03","modified_gmt":"2025-05-09T21:18:03","slug":"informations","status":"publish","type":"page","link":"https:\/\/cobayesdelazinsel.fr\/index.php\/informations\/","title":{"rendered":"Informations"},"content":{"rendered":"<p>Suite aux questions fr\u00e9quement pos\u00e9es j&#8217;ai d\u00e9cid\u00e9 de faire un petit r\u00e9capitulatif sur cette page.<\/p>\n<h2>Habitat<\/h2>\n<p>Plusieurs choix s&#8217;offre \u00e0 vous : enclos, cage standard, cavee-cage ou une combinaison cage\/enclos selon l&#8217;espace dont vous disposez. Les cavee-cages sont aujourd&#8217;hui tr\u00e8s r\u00e9pandues et permettent d&#8217;offrir un espace suffisamment grand pour 2 cobayes ou un groupe (selon la taille du mod\u00e8le choisi). Si l&#8217;espace du dessus n\u00e9cessite d&#8217;\u00eatre ferm\u00e9 (pr\u00e9sence d&#8217;un chien ou de chat) vous pouvez opter pour une cage standard du commerce, optez pour une grande cage \u00e0 lapin, 1m20 ou 1m40 c&#8217;est encore mieux (les cages d&#8217;angle sont aussi assez spacieuses souvent).<br \/>\nPas de cage \u00e0 \u00e9tage, les cobayes ne sont pas des grimpeurs, ils risqueraient m\u00eame de tomber et de se blesser, ces cages l\u00e0 ne sont pas du tout adapt\u00e9es.<br \/>\nChoisissez plut\u00f4t une cage &#8220;classique&#8221; avec un bac en plastique et une partie haute grillag\u00e9e, elles sont tr\u00e8s faciles d&#8217;entretien.<br \/>\nSi vous \u00eates bricoleur pourquoi ne pas construire carr\u00e9ment un &#8220;meuble \u00e0 chons&#8221;.<\/p>\n<p>Ne prenez pas de cage enti\u00e8rement en plexiglas, elles ne sont pas adapt\u00e9es pour les cobayes, pas de terrarium non plus, ils ont besoin d&#8217;un espace a\u00e9r\u00e9.<\/p>\n<p>Si vos cobayes vivent \u00e0 l&#8217;ext\u00e9rieur vous pouvez prendre un clapier, attention les clapiers en bois du commerce ne sont pas pratique \u00e0 nettoyer et le bois absorbe l&#8217;urine !<br \/>\nSi vous avez un jardin un enclos ext\u00e9rieur sera tr\u00e8s appr\u00e9ci\u00e9 par vos petits prot\u00e9g\u00e9s.<\/p>\n<p>Vous aurez \u00e9galement besoin de :<\/p>\n<ul>\n<li>un biberon pour l&#8217;eau (ou une mangeoire mais ils saliront vite l&#8217;eau)<\/li>\n<li>une mangeoire pour les granul\u00e9s<\/li>\n<li>un r\u00e2telier pour le foin<\/li>\n<\/ul>\n<p>Vous pouvez leur mettre une cabane mais je d\u00e9conseille dans les 1ers temps, attendez d&#8217;abord que vos cobayes soient bien apprivois\u00e9s, se cacher constamment les rendra plus peureux. Le mieux est aussi d&#8217;opter pour une cabane &#8220;ouverte&#8221; et pas compl\u00e8tement ferm\u00e9e avec juste une ouverture. Vous pouvez aussi leur mettre un petit &#8220;pont&#8221; en rondins qu&#8217;ils pourront grignoter.<br \/>\n\u00c9vitez d&#8217;encombrer la cage, il vaut mieux leur laisser le maximum d&#8217;espace pour qu&#8217;ils puissent sauter et courir dans leur cage. Pas de jouets, ni de boule, ni de roue, les cobayes ne jouent pas et n&#8217;ont pas besoin de &#8220;gadgets&#8221; du commerce, ils ne font pas de nid non plus. Ils aiment se coucher dans le foin ou dans les copeaux tout simplement.<\/p>\n<p>Pour la liti\u00e8re je vous conseille ce que j&#8217;utilise pour chez moi, efficace et pas cher : une couche de pellets (granul\u00e9s de chauffage) et une couche de copeaux de bois (attention non r\u00e9sineux).<br \/>\nVous pouvez aussi mettre uniquement des copeaux de bois, il faudra mettre une bonne couche pour que cela absorbe assez.<\/p>\n<p>La cage doit \u00eatre vid\u00e9e une fois par semaine (on change toute la liti\u00e8re et on remet de la nouvelle).<br \/>\nVous pouvez r\u00e9guli\u00e8rement nettoyer le bac \u00e0 l&#8217;eau claire, vous pouvez aussi nettoyer avec du vinaigre blanc (c&#8217;est naturel et pas cher).<br \/>\nSi vos cochons d&#8217;Inde sont malades et que vous devez d\u00e9sinfecter, vous pouvez utiliser de l&#8217;eau de javel (\u00e0 diluer dans l&#8217;eau, lisez bien les instructions sur le bidon !).<br \/>\nSi vous avez un nettoyeur vapeur : c&#8217;est le top, c&#8217;est ce que j&#8217;utilise pour d\u00e9sinfecter mon \u00e9levage r\u00e9guli\u00e8rement et n&#8217;utiliser aucun produit chimique que j&#8217;ai totalement banni.<\/p>\n<h2>Alimentation<\/h2>\n<p>Le cobaye est un herbivore strict, il a besoin en permanence de :<br \/>\n&#8211; foin \u00e0 volont\u00e9 (qu&#8217;on peut disposer dans un r\u00e2telier)<br \/>\n&#8211; l\u00e9gumes vari\u00e9s, des fruits (mais pas trop, 2\/3 l\u00e9gumes 1\/3 fruits), vous pouvez leur donner de tout (les \u00e9pluchures et fanes feront leur bonheur !)<br \/>\n&#8211; granul\u00e9s sp\u00e9cial cobaye<br \/>\n&#8211; herbe fraiche si vous disposez d&#8217;un jardin, c&#8217;est le top du top !<br \/>\n&#8211; de l&#8217;eau fraiche tous les jours (dans un biberon, je vous d\u00e9conseille de mettre l&#8217;eau dans une mangeoire, elle sera tr\u00e8s vite souill\u00e9e !)<\/p>\n<p>A proscrire :<br \/>\n&#8211; Pas de m\u00e9lange de graines !<br \/>\n&#8211; Pas de friandises du commerce !<br \/>\n&#8211; avocat, rhubarbe, asperges, foug\u00e8res (mortel !), pomme de terre (germes, feuilles), tout aliment cuit ou surgel\u00e9<br \/>\n&#8211; plantes d&#8217;appartement<\/p>\n<p>&nbsp;<\/p>\n<h2>D\u00e9tention<\/h2>\n<p><strong>JAMAIS SEUL !<\/strong><br \/>\nNon, non, non et encore NON ! Un cobaye est un animal gr\u00e9gaire et ne doit PAS vivre SEUL !<br \/>\nCa veut dire qu&#8217;il a besoin de vivre avec ses cong\u00e9n\u00e8res, et ni nous, ni un lapin ou quelque autre animal ne peut s&#8217;y substituer !<\/p>\n<p>Vous pouvez opter pour :<br \/>\n&#8211; 2 m\u00e2les<br \/>\n&#8211; 2 femelles<br \/>\n&#8211; 1 m\u00e2le castr\u00e9 et 1 femelle<\/p>\n<p>Et STOP aux id\u00e9es re\u00e7ues, 2 m\u00e2les peuvent tr\u00e8s bien s&#8217;entendre !<\/p>\n<h2>Questions fr\u00e9quemment pos\u00e9es<\/h2>\n<p><em>J&#8217;ai d\u00e9j\u00e0 un m\u00e2le cochon d&#8217;Inde qui vit seul, est-il possible de lui mettre un compagnon ?<\/em><\/p>\n<p>Oui bien s\u00fbr ! Vous avez 2 solutions :<\/p>\n<ul>\n<li>Faire castrer votre m\u00e2le et lui offrir une copine<br \/>\nPour cela renseignez vous aupr\u00e8s des v\u00e9t\u00e9rinaires dans votre secteur pour en trouver un qui a l&#8217;habitude de ce type d&#8217;intervention. Attention une op\u00e9ration n&#8217;est jamais sans risques.<\/li>\n<li>Adopter un jeune m\u00e2le de moins de 3 mois<br \/>\nDiscutez en avec l&#8217;\u00e9leveur qui pourra vous proposer un petit non dominant qui pourra bien s&#8217;habituer sans risque \u00e0 un nouveau copain d\u00e9j\u00e0 adulte.<\/li>\n<\/ul>\n<p>&nbsp;<\/p>\n<p>&nbsp;<\/p>\n<p><em>Faut-il une mangeoire par cochon d&#8217;Inde ou une seule suffit ?<\/em><\/p>\n<p>Une seule mangeoire suffit, les cochons d&#8217;Inde sont des animaux de groupe et ne sont pas bagarreurs. Ils mangeront tous dans la m\u00eame gamelle. Il faudra juste veiller \u00e0 ce que la mangeoire ait la taille en cons\u00e9quent. Un petit ramequin suffit pour 2 cochons d&#8217;Inde, pour un groupe de 10 ou plus il faut pr\u00e9voir une grande gamelle bien s\u00fbr ! Pour mes groupes de femelles j&#8217;en mets m\u00eame 2 ou 3 pour que chacune ait sa place pour pouvoir aller manger sans se faire bousculer \ud83d\ude09<\/p>\n<p>&nbsp;<\/p>\n<p><em>Faut-il une cabane pour mes cochons d&#8217;Inde ?<\/em><\/p>\n<p>Non ce n&#8217;est pas obligatoire, les cochons d&#8217;Inde aiment se cacher et se sentent ainsi en s\u00e9curit\u00e9 dans leur abri. Le cochon d&#8217;Inde est de nature craintif car ses anc\u00eatres \u00e9taient des proies dans la nature, en voyant un pr\u00e9dateur (nous ou votre chien ou chat par exemple), son r\u00e9flexe va \u00eatre de s&#8217;enfuir et de se cacher.<br \/>\nLes premi\u00e8res semaines voire les premiers mois je vous conseille de retirer les abris de leur cage afin de les apprivoiser plus facilement. Un cochon d&#8217;Inde qui serait d\u00e9j\u00e0 timide de nature passerait son temps cach\u00e9 et vous n&#8217;aurez pas le plaisir de le voir souvent, cela va renforcer sa timidit\u00e9.<br \/>\nAttention avec plusieurs cochons d&#8217;Inde une cabane trop petite peut aussi vite devenir source de conflits (que ce soit m\u00e2les ou femelles), si vous voulez mettre un abri dans leur cage voici quelques conseils :<br \/>\n&#8211; optez pour une cabane ouverte sur sa face avant afin de les voir, ils se sentiront quand m\u00eame en s\u00e9curit\u00e9 et pourront vous observer tranquillement<br \/>\n&#8211; la cabane doit \u00eatre assez grande pour que 2 cochons d&#8217;Inde adultes puissent s&#8217;y sentir \u00e0 l&#8217;aise (ils aiment bien s&#8217;\u00e9taler surtout quand il fait chaud)<br \/>\n&#8211; la cabane ne doit pas prendre toute la place dans la cage, la cage ne doit pas \u00eatre trop encombr\u00e9e, ils doivent encore pouvoir gambader<br \/>\n&#8211; toujours en bois, ne la peignez pas, les cochons d&#8217;Inde vont la ronger<br \/>\n&#8211; si la cabane est rong\u00e9e : attention aux petits clous qui maintiennent les diff\u00e9rents morceaux de bois ensemble, si cela arrive r\u00e9parez ou remplacez la<\/p>\n<p>&nbsp;<\/p>\n<p><em>Les cochons d&#8217;Inde jouent-ils ?<\/em><\/p>\n<p>Pas vraiment, ce sont des animaux sociaux qui communiquent beaucoup avec leurs semblables. Leurs principales activit\u00e9s vont \u00eatre : manger, dormir, papouiller\/emb\u00eater leur compagnon \ud83d\ude42<br \/>\nPour les divertir vous pouvez les sortir de leur cage dans un enclos ext\u00e9rieur (dans le jardin o\u00f9 ils pourront gambader dans l&#8217;herbe en toute s\u00e9curit\u00e9, sans risque de fuite ou d&#8217;attaque, attention aussi au coup de chaud, toujours \u00e0 l&#8217;ombre !). Si vous n&#8217;avez pas de jardin vous pouvez leur faire un petit parc int\u00e9rieur (pour d\u00e9limiter et \u00e9viter qu&#8217;ils n&#8217;aillent sous les meubles) o\u00f9 vous pourrez leur disposer des cabanes, ponts, soyez imaginatifs \ud83d\ude09 Disposez leurs l\u00e9gumes pr\u00e9f\u00e9r\u00e9s d&#8217;un coin \u00e0 l&#8217;autre et observez les. Vous pouvez aussi en cacher dans des petits rouleaux vides de papier WC (une feuille d&#8217;endive par exemple), cela les occupera car ils sont tr\u00e8s gourmands !<\/p>\n<p>Pas de roue, pas de peluches, pas de &#8220;jouets&#8221;, ils n&#8217;en ont pas besoin. Ils peuvent aimer les hamacs suspendus ou les dodos, les ponts en rondins et les cabanes.<\/p>\n<p>&nbsp;<\/p>\n<p>&nbsp;<\/p>\n<p><em>Est-ce que je peux faire cohabiter mon cochon d&#8217;Inde avec un lapin ?<\/em><\/p>\n<p>Non ce sont 2 esp\u00e8ces diff\u00e9rentes, qui peuvent se tol\u00e9rer mais n&#8217;ont pas les m\u00eames besoins et ne communiquent pas de la m\u00eame fa\u00e7on. Cela peut tr\u00e8s bien se passer jusqu&#8217;au jour o\u00f9&#8230; le lapin peut mal interpr\u00e9ter quelque chose de la part du cochon d&#8217;Inde et le blesser gri\u00e8vement avec ses dents et ses griffes&#8230;<br \/>\nSi vous avez un lapin, vous pouvez les laisser sortir ensemble sous surveillance, mais apr\u00e8s les sorties pr\u00e9f\u00e9rez remettre chaque esp\u00e8ce dans sa propre cage pour ne prendre aucun risque.<\/p>\n<p>Je vous conseille vivement la lecture de cet excellent article r\u00e9dig\u00e9 par une passionn\u00e9 que je suis et que j&#8217;aime beaucoup pour la qualit\u00e9 et simplicit\u00e9 de vie qu&#8217;elle offre \u00e0 ses animaux :<br \/>\n<a href=\"https:\/\/leschonsdemalo.wixsite.com\/cobayes-en-exterieur\/post\/cohabitation-lapin-et-cochon-d-inde-tout-savoir-sur-les-risques-et-les-maladies-transmissibles\">https:\/\/leschonsdemalo.wixsite.com\/cobayes-en-exterieur\/post\/cohabitation-lapin-et-cochon-d-inde-tout-savoir-sur-les-risques-et-les-maladies-transmissibles<\/a><\/p>\n<p>&nbsp;<\/p>\n<p>&nbsp;<\/p>\n<p><em>Faut-il les vacciner, les emmener chez le v\u00e9t\u00e9rinaire ?<\/em><\/p>\n<p>Non il n&#8217;y a pas de vaccins chez les cochons d&#8217;Inde (contrairement aux lapins). A titre pr\u00e9ventif vous pouvez les vermifuger et leur administrer un traitement antiparasitaire 2x par an (au printemps et \u00e0 l&#8217;automne) sous forme de pipette (format chaton, votre v\u00e9t\u00e9rinaire pourra vous conseiller).<br \/>\nLes emmener chez le v\u00e9to, \u00e9videmment si votre cochon d&#8217;Inde tombe malade. On le remarque assez vite : reste en boule dans un coin, ne mange pas, n&#8217;a pas l&#8217;air vif&#8230; il ne faut pas tarder \u00e0 r\u00e9agir et l&#8217;emmener chez un v\u00e9t\u00e9rinaire. M\u00eame si votre v\u00e9to n&#8217;est pas forc\u00e9ment sp\u00e9cialis\u00e9 en NAC il pourra vous aider ou vous rediriger vers un sp\u00e9cialiste si besoin.<\/p>\n<p>&nbsp;<\/p>\n<p>&nbsp;<\/p>\n<p><em>Plut\u00f4t 2 m\u00e2les ou 2 femelles, comment choisir ?<\/em><\/p>\n<p>Peu importe le sexe, le plus important est d&#8217;y aller au coup de coeur, car c&#8217;est un engagement pour plusieurs ann\u00e9es qui vous attends.<br \/>\nChez les Us-Teddies les m\u00e2les sont tr\u00e8s patapoufs et plus c\u00e2lins, ils se supportent tr\u00e8s bien, les bagarres sont rares (parfois une remise \u00e0 l&#8217;ordre, comme les femelles). Les femelles sont un peu plus vives et souvent tr\u00e8s curieuses, elles n&#8217;h\u00e9siteront pas trop \u00e0 venir chiper la friandise que vous leur tendez pour aussit\u00f4t repartir avec !<br \/>\nChaque cobaye a son propre temp\u00e9rament, b\u00e9b\u00e9 il est impossible de pr\u00e9dire comment sera votre cochon d&#8217;Inde \u00e0 l&#8217;\u00e2ge adulte. Le caract\u00e8re s&#8217;affirme au fil des semaines et d\u00e9pends aussi de la mani\u00e8re dont on se comporte avec eux. Il ne faut pas h\u00e9siter \u00e0 les manipuler le plus possible pour les habituer \u00e0 nous. M\u00eame si votre cobaye est un fuyard au moment de l&#8217;attraper dans sa cage, il peut \u00eatre un v\u00e9ritable cajoleur une fois dans vos bras.<br \/>\nNe vous focaliser pas trop sur la taille non plus, les tout petits sont plus vifs. Les cochons d&#8217;Inde grandissent vite et atteignent leur taille adulte \u00e0 7\/8 mois et continuent de grossir jusqu&#8217;\u00e0 12\/18 mois. Donc prenez celui qui vous fait craquer \ud83d\ude09<\/p>\n<p>&nbsp;<\/p>\n<p>&nbsp;<\/p>\n<p><em>J&#8217;ai d\u00e9j\u00e0 un cochon d&#8217;Inde m\u00e2le qui est adulte \/ j&#8217;avais 2 cochons d&#8217;Inde m\u00e2les et l&#8217;un d&#8217;entre eux est mort, comment faire ?<\/em><\/p>\n<p>Le plus simple et sans risque est d&#8217;adopter un jeune cochon d&#8217;Inde m\u00e2le de moins de 3 mois. Votre cochon d&#8217;Inde l&#8217;acceptera sans aucun soucis \ud83d\ude09<br \/>\nSi votre cobaye est vieux et que vous avez peur que le petit nouveau se retrouve lui aussi seul vous pouvez opter pour 2 b\u00e9b\u00e9s m\u00e2les aussi.<br \/>\nVous pouvez aussi faire castrer votre m\u00e2le (voir plus haut).<\/p>\n<p>&nbsp;<\/p>\n<p><em>Est-ce que je peux mettre mes cochons d&#8217;Inde dehors ?<\/em><\/p>\n<p>Oui bien s\u00fbr ! Dans un enclos appropri\u00e9 o\u00f9 ils ne pourront pas s&#8217;\u00e9chapper. Les cochons d&#8217;Inde ne creusent pas donc vous n&#8217;avez pas besoin d&#8217;enterrer le grillage.<br \/>\nPr\u00e9voyez un petit abri et un biberon pour l&#8217;eau. Attention au coup de chaud : toujours avoir l&#8217;enclos \u00e0 l&#8217;ombre ou disposer un couvercle opaque ou un parasol par exemple.<br \/>\nSi votre enclos n&#8217;est pas ferm\u00e9 au dessus ne laissez pas vos cochons d&#8217;Inde sans surveillance !<br \/>\nSi vous avez un enclos ferm\u00e9 vous pouvez les laisser dehors la nuit, ils ne craignent pas le froid. Au contraire l&#8217;\u00e9t\u00e9 ils appr\u00e9cieront de pouvoir s&#8217;\u00e9taler dans l&#8217;herbe bien fraiche !<\/p>\n<p>&nbsp;<\/p>\n<p><em>Peut-on venir visiter l&#8217;\u00e9levage ? Quels sont les horaires d&#8217;ouverture ?<\/em><\/p>\n<p>Une question qui revient souvent ! Alors concernant les horaires, nous ne sommes pas un magasin. J&#8217;ai un travail (et non les cochons d&#8217;Inde ne sont pas mon m\u00e9tier, mais un hobby !), et une vie priv\u00e9e\/de famille + devoir s&#8217;occuper des animaux car cela prends beaucoup de temps. C&#8217;est pour cela que nous ne pouvons pas faire de &#8220;visites&#8221; pour les curieux, nous n&#8217;avons pas le temps de recevoir tout le monde et de tout montrer. Nous n&#8217;avons rien \u00e0 cacher, et nous ne sommes pas avares de conseils et de partage&#8230;<br \/>\nNous recevons donc uniquement pour les adoptions (il faut d\u00e9j\u00e0 r\u00e9ussir \u00e0 caser les rdv dans notre emploi du temps charg\u00e9), en g\u00e9n\u00e9ral le samedi, qui est aussi le jour de nettoyage de l&#8217;\u00e9levage.<br \/>\nPourquoi pas le dimanche ? C&#8217;est le seul jour de la semaine o\u00f9 nous pouvons \u00eatre tranquilles et en famille (m\u00eame s&#8217;il faut encore s&#8217;occuper des cochons d&#8217;Inde le soir), donc je ne re\u00e7ois pas le dimanche, merci de respecter cela.<br \/>\nLes autres jours de la semaine c&#8217;est possible aussi le soir et bient\u00f4t le mercredi, bien s\u00fbr toujours en ayant convenu d&#8217;un rdv avec moi. Je ne peux pas prendre \u00e0 n&#8217;importe quelle heure etc&#8230; je veux me prendre le temps pour chacun \ud83d\ude09<\/p>\n<p>&nbsp;<\/p>\n<p>&nbsp;<\/p>\n","protected":false},"excerpt":{"rendered":"<p>Suite aux questions fr\u00e9quement pos\u00e9es j&#8217;ai d\u00e9cid\u00e9 de faire un petit r\u00e9capitulatif sur cette page. Habitat Plusieurs choix s&#8217;offre \u00e0 vous : enclos, cage standard, cavee-cage ou une combinaison cage\/enclos selon l&#8217;espace dont vous disposez. Les cavee-cages sont aujourd&#8217;hui tr\u00e8s r\u00e9pandues et permettent d&#8217;offrir un espace suffisamment grand pour 2 cobayes ou un groupe (selon [&hellip;]<\/p>\n","protected":false},"author":1,"featured_media":0,"parent":0,"menu_order":0,"comment_status":"closed","ping_status":"closed","template":"","meta":{"footnotes":""},"class_list":["post-6597","page","type-page","status-publish","hentry"],"_links":{"self":[{"href":"https:\/\/cobayesdelazinsel.fr\/index.php\/wp-json\/wp\/v2\/pages\/6597","targetHints":{"allow":["GET"]}}],"collection":[{"href":"https:\/\/cobayesdelazinsel.fr\/index.php\/wp-json\/wp\/v2\/pages"}],"about":[{"href":"https:\/\/cobayesdelazinsel.fr\/index.php\/wp-json\/wp\/v2\/types\/page"}],"author":[{"embeddable":true,"href":"https:\/\/cobayesdelazinsel.fr\/index.php\/wp-json\/wp\/v2\/users\/1"}],"replies":[{"embeddable":true,"href":"https:\/\/cobayesdelazinsel.fr\/index.php\/wp-json\/wp\/v2\/comments?post=6597"}],"version-history":[{"count":6,"href":"https:\/\/cobayesdelazinsel.fr\/index.php\/wp-json\/wp\/v2\/pages\/6597\/revisions"}],"predecessor-version":[{"id":8391,"href":"https:\/\/cobayesdelazinsel.fr\/index.php\/wp-json\/wp\/v2\/pages\/6597\/revisions\/8391"}],"wp:attachment":[{"href":"https:\/\/cobayesdelazinsel.fr\/index.php\/wp-json\/wp\/v2\/media?parent=6597"}],"curies":[{"name":"wp","href":"https:\/\/api.w.org\/{rel}","templated":true}]}}