{"id":67,"date":"2013-03-01T17:59:29","date_gmt":"2013-03-01T16:59:29","guid":{"rendered":"http:\/\/cobayesdelazinsel.fr\/wordpress\/?page_id=62"},"modified":"2026-04-25T13:26:49","modified_gmt":"2026-04-25T11:26:49","slug":"adoptions","status":"publish","type":"page","link":"https:\/\/cobayesdelazinsel.fr\/index.php\/adoptions\/","title":{"rendered":"Adoptions"},"content":{"rendered":"<ol>\n<li>Derni\u00e8re mise \u00e0 jour : 19 avril 2026<\/li>\n<\/ol>\n<p>&nbsp;<\/p>\n<p>Pour toute adoption vous pouvez me contacter \u00e0 cette adresse : <a href=\"mailto:adoption@cobayesdelazinsel.fr\">adoption@cobayesdelazinsel.fr<\/a><br \/>\n<span style=\"color: #ff6600;\"><strong><br \/>\n<\/strong><\/span><\/p>\n<p style=\"text-align: center;\"><img loading=\"lazy\" decoding=\"async\" class=\"alignnone size-full wp-image-3365\" src=\"http:\/\/cobayesdelazinsel.fr\/wp-content\/uploads\/2013\/03\/Vign_jamaisseul_ws1036253142.png\" alt=\"\" width=\"546\" height=\"142\" srcset=\"https:\/\/cobayesdelazinsel.fr\/wp-content\/uploads\/2013\/03\/Vign_jamaisseul_ws1036253142.png 546w, https:\/\/cobayesdelazinsel.fr\/wp-content\/uploads\/2013\/03\/Vign_jamaisseul_ws1036253142-300x78.png 300w\" sizes=\"auto, (max-width: 546px) 100vw, 546px\" \/><\/p>\n<p>&nbsp;<\/p>\n<h3 style=\"text-align: left;\">Mes cochons d&#8217;Inde sont disponibles sur Gumbrechtshoffen dans le 67.<\/h3>\n<p>Comme cela est pr\u00e9cis\u00e9 sur notre banni\u00e8re ci-dessus un cobaye est un animal gr\u00e9gaire, il est hors de question qu&#8217;un de nos b\u00e9b\u00e9s soit adopt\u00e9 pour vivre seul. La pr\u00e9sence de ses cong\u00e9n\u00e8res est un besoin vital et r\u00e9el. D&#8217;ailleurs la loi Suisse interdit de d\u00e9tenir un cobaye seul (\u00e0 quand en France ?).<\/p>\n<p><strong>Les cobayes que vous trouverez sur cette page proviennent de mon \u00e9levage (Les Cobayes de la Zinsel) \u00e0 Gumbrechtshoffen dans le 67.<\/strong><\/p>\n<p><a href=\"http:\/\/leschonsdemeraude.fr\/index.php\/adoptions\/\"><strong>D&#8217;autres cobayes sont disponibles chez mon ami Fabrice (Les Chons d&#8217;Emeraude) \u00e0 Landange dans le 57 et sont visibles sur cette page :<br \/>\n<\/strong><strong>http:\/\/leschonsdemeraude.fr\/index.php\/adoptions\/<\/strong><\/a><\/p>\n<p style=\"text-align: justify;\">Fabrice et moi-m\u00eame sommes tous deux passionn\u00e9s par l\u2019\u00e9levage de cobayes de race et partageons les m\u00eames convictions en mati\u00e8re d\u2019\u00e9thique et de s\u00e9lection. Nous travaillons ensemble et dans le m\u00eame but : celui d\u2019am\u00e9liorer les cobayes de race.<\/p>\n<p><strong>Disponible pour compagnie<\/strong> = non destin\u00e9 \u00e0 l&#8217;\u00e9levage, car l&#8217;animal peut avoir un d\u00e9faut (m\u00eame minime) d&#8217;un point de vue purement esth\u00e9tique (standard de race).<\/p>\n<p>&nbsp;<\/p>\n<p>&nbsp;<\/p>\n<h2 style=\"text-align: center;\">\u2705\u200b M\u00e2les \u2705\u200b<\/h2>\n<p style=\"text-align: center;\"><strong>Les m\u00e2les s&#8217;entendent tr\u00e8s bien \u00e0 2 sans probl\u00e8me \u200b<br \/>\n<\/strong><\/p>\n<table  class=\"adoption table table-hover\"  width=\"827\">\n<tbody>\n<tr>\n<td><a href=\"https:\/\/cobayesdelazinsel.fr\/wp-content\/uploads\/2026\/03\/IMG_20260315_215516.jpeg\">Photo \u00e0 venir<\/a><\/td>\n<td style=\"text-align: center;\"><strong>M\u00e2le 1<br \/>\n<\/strong>Us-Teddy blanc<br \/>\nN\u00e9 avril 2026<br \/>\n<b>A r\u00e9server<\/b><\/td>\n<td>Photo \u00e0 venir<\/td>\n<\/tr>\n<\/tbody>\n<\/table>\n<h2 style=\"text-align: center;\">\u2705\u200b Femelles \u2705\u200b<\/h2>\n<table  class=\"adoption table table-hover\"  width=\"827\">\n<tbody>\n<tr>\n<td><a href=\"https:\/\/cobayesdelazinsel.fr\/wp-content\/uploads\/2026\/04\/IMG_20260315_222614.jpg\"><img loading=\"lazy\" decoding=\"async\" class=\"alignleft size-large wp-image-8672\" src=\"https:\/\/cobayesdelazinsel.fr\/wp-content\/uploads\/2026\/04\/IMG_20260315_222614-1024x766.jpg\" alt=\"\" width=\"648\" height=\"485\" srcset=\"https:\/\/cobayesdelazinsel.fr\/wp-content\/uploads\/2026\/04\/IMG_20260315_222614-1024x766.jpg 1024w, https:\/\/cobayesdelazinsel.fr\/wp-content\/uploads\/2026\/04\/IMG_20260315_222614-300x224.jpg 300w, https:\/\/cobayesdelazinsel.fr\/wp-content\/uploads\/2026\/04\/IMG_20260315_222614-768x575.jpg 768w, https:\/\/cobayesdelazinsel.fr\/wp-content\/uploads\/2026\/04\/IMG_20260315_222614-1536x1149.jpg 1536w, https:\/\/cobayesdelazinsel.fr\/wp-content\/uploads\/2026\/04\/IMG_20260315_222614.jpg 1910w\" sizes=\"auto, (max-width: 648px) 100vw, 648px\" \/><\/a><\/td>\n<td style=\"text-align: center;\"><strong>Femelle 1<br \/>\n<\/strong>Us-Teddy ETB<br \/>\nN\u00e9e f\u00e9vrier 2026<br \/>\n<b>R\u00e9serv\u00e9e<\/b><br \/>\n<b><br \/>\n<a href=\"https:\/\/cobayesdelazinsel.fr\/wp-content\/uploads\/2026\/04\/IMG_20260315_222648.jpg\"><img loading=\"lazy\" decoding=\"async\" class=\"alignleft size-large wp-image-8673\" src=\"https:\/\/cobayesdelazinsel.fr\/wp-content\/uploads\/2026\/04\/IMG_20260315_222648-1024x1024.jpg\" alt=\"\" width=\"648\" height=\"648\" srcset=\"https:\/\/cobayesdelazinsel.fr\/wp-content\/uploads\/2026\/04\/IMG_20260315_222648-1024x1024.jpg 1024w, https:\/\/cobayesdelazinsel.fr\/wp-content\/uploads\/2026\/04\/IMG_20260315_222648-300x300.jpg 300w, https:\/\/cobayesdelazinsel.fr\/wp-content\/uploads\/2026\/04\/IMG_20260315_222648-150x150.jpg 150w, https:\/\/cobayesdelazinsel.fr\/wp-content\/uploads\/2026\/04\/IMG_20260315_222648-768x768.jpg 768w, https:\/\/cobayesdelazinsel.fr\/wp-content\/uploads\/2026\/04\/IMG_20260315_222648-60x60.jpg 60w, https:\/\/cobayesdelazinsel.fr\/wp-content\/uploads\/2026\/04\/IMG_20260315_222648.jpg 1458w\" sizes=\"auto, (max-width: 648px) 100vw, 648px\" \/><\/a><br \/>\n<\/b><\/td>\n<td><a href=\"https:\/\/cobayesdelazinsel.fr\/wp-content\/uploads\/2026\/04\/IMG_20260315_222631.jpg\"><img loading=\"lazy\" decoding=\"async\" class=\"alignleft size-large wp-image-8671\" src=\"https:\/\/cobayesdelazinsel.fr\/wp-content\/uploads\/2026\/04\/IMG_20260315_222631-1024x793.jpg\" alt=\"\" width=\"648\" height=\"502\" srcset=\"https:\/\/cobayesdelazinsel.fr\/wp-content\/uploads\/2026\/04\/IMG_20260315_222631-1024x793.jpg 1024w, https:\/\/cobayesdelazinsel.fr\/wp-content\/uploads\/2026\/04\/IMG_20260315_222631-300x232.jpg 300w, https:\/\/cobayesdelazinsel.fr\/wp-content\/uploads\/2026\/04\/IMG_20260315_222631-768x594.jpg 768w, https:\/\/cobayesdelazinsel.fr\/wp-content\/uploads\/2026\/04\/IMG_20260315_222631-1536x1189.jpg 1536w, https:\/\/cobayesdelazinsel.fr\/wp-content\/uploads\/2026\/04\/IMG_20260315_222631.jpg 2000w\" sizes=\"auto, (max-width: 648px) 100vw, 648px\" \/><\/a><\/td>\n<\/tr>\n<\/tbody>\n<\/table>\n<table  class=\"adoption table table-hover\"  width=\"827\">\n<tbody>\n<tr>\n<td><a href=\"https:\/\/cobayesdelazinsel.fr\/wp-content\/uploads\/2026\/04\/IMG_20260315_222410.jpg\"><img loading=\"lazy\" decoding=\"async\" class=\"alignleft size-large wp-image-8670\" src=\"https:\/\/cobayesdelazinsel.fr\/wp-content\/uploads\/2026\/04\/IMG_20260315_222410-1024x779.jpg\" alt=\"\" width=\"648\" height=\"493\" srcset=\"https:\/\/cobayesdelazinsel.fr\/wp-content\/uploads\/2026\/04\/IMG_20260315_222410-1024x779.jpg 1024w, https:\/\/cobayesdelazinsel.fr\/wp-content\/uploads\/2026\/04\/IMG_20260315_222410-300x228.jpg 300w, https:\/\/cobayesdelazinsel.fr\/wp-content\/uploads\/2026\/04\/IMG_20260315_222410-768x584.jpg 768w, https:\/\/cobayesdelazinsel.fr\/wp-content\/uploads\/2026\/04\/IMG_20260315_222410-1536x1168.jpg 1536w, https:\/\/cobayesdelazinsel.fr\/wp-content\/uploads\/2026\/04\/IMG_20260315_222410.jpg 1879w\" sizes=\"auto, (max-width: 648px) 100vw, 648px\" \/><\/a><\/td>\n<td style=\"text-align: center;\"><strong>Femelle 2<br \/>\n<\/strong>Us-Teddy Noire et blanche (-rouge)<br \/>\nN\u00e9e f\u00e9vrier 2026<br \/>\n<b>R\u00e9serv\u00e9e <\/b><br \/>\n<b><br \/>\n<a href=\"https:\/\/cobayesdelazinsel.fr\/wp-content\/uploads\/2026\/04\/IMG_20260315_222501.jpg\"><img loading=\"lazy\" decoding=\"async\" class=\"alignleft size-large wp-image-8675\" src=\"https:\/\/cobayesdelazinsel.fr\/wp-content\/uploads\/2026\/04\/IMG_20260315_222501-1024x1024.jpg\" alt=\"\" width=\"648\" height=\"648\" srcset=\"https:\/\/cobayesdelazinsel.fr\/wp-content\/uploads\/2026\/04\/IMG_20260315_222501-1024x1024.jpg 1024w, https:\/\/cobayesdelazinsel.fr\/wp-content\/uploads\/2026\/04\/IMG_20260315_222501-300x300.jpg 300w, https:\/\/cobayesdelazinsel.fr\/wp-content\/uploads\/2026\/04\/IMG_20260315_222501-150x150.jpg 150w, https:\/\/cobayesdelazinsel.fr\/wp-content\/uploads\/2026\/04\/IMG_20260315_222501-768x768.jpg 768w, https:\/\/cobayesdelazinsel.fr\/wp-content\/uploads\/2026\/04\/IMG_20260315_222501-1536x1536.jpg 1536w, https:\/\/cobayesdelazinsel.fr\/wp-content\/uploads\/2026\/04\/IMG_20260315_222501-60x60.jpg 60w, https:\/\/cobayesdelazinsel.fr\/wp-content\/uploads\/2026\/04\/IMG_20260315_222501.jpg 1562w\" sizes=\"auto, (max-width: 648px) 100vw, 648px\" \/><\/a><br \/>\n<\/b><\/td>\n<td><a href=\"https:\/\/cobayesdelazinsel.fr\/wp-content\/uploads\/2026\/04\/IMG_20260315_222444.jpg\"><img loading=\"lazy\" decoding=\"async\" class=\"alignleft size-large wp-image-8674\" src=\"https:\/\/cobayesdelazinsel.fr\/wp-content\/uploads\/2026\/04\/IMG_20260315_222444-1024x815.jpg\" alt=\"\" width=\"648\" height=\"516\" srcset=\"https:\/\/cobayesdelazinsel.fr\/wp-content\/uploads\/2026\/04\/IMG_20260315_222444-1024x815.jpg 1024w, https:\/\/cobayesdelazinsel.fr\/wp-content\/uploads\/2026\/04\/IMG_20260315_222444-300x239.jpg 300w, https:\/\/cobayesdelazinsel.fr\/wp-content\/uploads\/2026\/04\/IMG_20260315_222444-768x611.jpg 768w, https:\/\/cobayesdelazinsel.fr\/wp-content\/uploads\/2026\/04\/IMG_20260315_222444-1536x1223.jpg 1536w, https:\/\/cobayesdelazinsel.fr\/wp-content\/uploads\/2026\/04\/IMG_20260315_222444.jpg 1923w\" sizes=\"auto, (max-width: 648px) 100vw, 648px\" \/><\/a><\/td>\n<\/tr>\n<\/tbody>\n<\/table>\n<p><a href=\"http:\/\/leschonsdemeraude.fr\/\">Elevage partenaire dans le 57 : Les Chons d&#8217;Emeraude<\/a><a href=\"http:\/\/www.leschonsdemeraude.fr\"><img loading=\"lazy\" decoding=\"async\" class=\"size-full wp-image-4768 aligncenter\" src=\"http:\/\/cobayesdelazinsel.fr\/wp-content\/uploads\/2013\/03\/emeraude.jpg\" alt=\"\" width=\"550\" height=\"121\" srcset=\"https:\/\/cobayesdelazinsel.fr\/wp-content\/uploads\/2013\/03\/emeraude.jpg 550w, https:\/\/cobayesdelazinsel.fr\/wp-content\/uploads\/2013\/03\/emeraude-300x66.jpg 300w\" sizes=\"auto, (max-width: 550px) 100vw, 550px\" \/><\/a><\/p>\n","protected":false},"excerpt":{"rendered":"<p>Derni\u00e8re mise \u00e0 jour : 19 avril 2026 &nbsp; Pour toute adoption vous pouvez me contacter \u00e0 cette adresse : adoption@cobayesdelazinsel.fr &nbsp; Mes cochons d&#8217;Inde sont disponibles sur Gumbrechtshoffen dans le 67. Comme cela est pr\u00e9cis\u00e9 sur notre banni\u00e8re ci-dessus un cobaye est un animal gr\u00e9gaire, il est hors de question qu&#8217;un de nos b\u00e9b\u00e9s [&hellip;]<\/p>\n","protected":false},"author":1,"featured_media":3249,"parent":0,"menu_order":0,"comment_status":"closed","ping_status":"closed","template":"","meta":{"footnotes":""},"class_list":["post-67","page","type-page","status-publish","has-post-thumbnail","hentry"],"_links":{"self":[{"href":"https:\/\/cobayesdelazinsel.fr\/index.php\/wp-json\/wp\/v2\/pages\/67","targetHints":{"allow":["GET"]}}],"collection":[{"href":"https:\/\/cobayesdelazinsel.fr\/index.php\/wp-json\/wp\/v2\/pages"}],"about":[{"href":"https:\/\/cobayesdelazinsel.fr\/index.php\/wp-json\/wp\/v2\/types\/page"}],"author":[{"embeddable":true,"href":"https:\/\/cobayesdelazinsel.fr\/index.php\/wp-json\/wp\/v2\/users\/1"}],"replies":[{"embeddable":true,"href":"https:\/\/cobayesdelazinsel.fr\/index.php\/wp-json\/wp\/v2\/comments?post=67"}],"version-history":[{"count":1434,"href":"https:\/\/cobayesdelazinsel.fr\/index.php\/wp-json\/wp\/v2\/pages\/67\/revisions"}],"predecessor-version":[{"id":8682,"href":"https:\/\/cobayesdelazinsel.fr\/index.php\/wp-json\/wp\/v2\/pages\/67\/revisions\/8682"}],"wp:featuredmedia":[{"embeddable":true,"href":"https:\/\/cobayesdelazinsel.fr\/index.php\/wp-json\/wp\/v2\/media\/3249"}],"wp:attachment":[{"href":"https:\/\/cobayesdelazinsel.fr\/index.php\/wp-json\/wp\/v2\/media?parent=67"}],"curies":[{"name":"wp","href":"https:\/\/api.w.org\/{rel}","templated":true}]}}