{"id":6847,"date":"2020-12-28T12:42:03","date_gmt":"2020-12-28T11:42:03","guid":{"rendered":"http:\/\/cobayesdelazinsel.fr\/?page_id=6847"},"modified":"2024-01-01T22:03:36","modified_gmt":"2024-01-01T21:03:36","slug":"retraites","status":"publish","type":"page","link":"https:\/\/cobayesdelazinsel.fr\/index.php\/retraites\/","title":{"rendered":"Retrait\u00e9s"},"content":{"rendered":"<p>Mes cobayes retrait\u00e9s, chers \u00e0 mon coeur, qui finiront leur vie \u00e0 l&#8217;\u00e9levage paisiblement.<\/p>\n<p><a href=\"https:\/\/cobayesdelazinsel.fr\/wp-content\/uploads\/2022\/07\/figue2.jpg\"><img loading=\"lazy\" decoding=\"async\" class=\"alignleft size-large wp-image-7399\" src=\"https:\/\/cobayesdelazinsel.fr\/wp-content\/uploads\/2022\/07\/figue2-1024x768.jpg\" alt=\"\" width=\"648\" height=\"486\" srcset=\"https:\/\/cobayesdelazinsel.fr\/wp-content\/uploads\/2022\/07\/figue2-1024x768.jpg 1024w, https:\/\/cobayesdelazinsel.fr\/wp-content\/uploads\/2022\/07\/figue2-300x225.jpg 300w, https:\/\/cobayesdelazinsel.fr\/wp-content\/uploads\/2022\/07\/figue2-768x576.jpg 768w, https:\/\/cobayesdelazinsel.fr\/wp-content\/uploads\/2022\/07\/figue2-1536x1152.jpg 1536w, https:\/\/cobayesdelazinsel.fr\/wp-content\/uploads\/2022\/07\/figue2.jpg 1802w\" sizes=\"auto, (max-width: 648px) 100vw, 648px\" \/><\/a><\/p>\n<p>&nbsp;<\/p>\n<p>&nbsp;<\/p>\n<p>&nbsp;<\/p>\n<p>&nbsp;<\/p>\n<p>&nbsp;<\/p>\n<p>&nbsp;<\/p>\n<p>&nbsp;<\/p>\n<p>&nbsp;<\/p>\n<p>&nbsp;<\/p>\n<p>&nbsp;<\/p>\n<p>&nbsp;<\/p>\n<p>&nbsp;<\/p>\n<p>Figue de la Zinsel<br \/>\nUs-Teddy dapple<br \/>\nN\u00e9e le 14 septembre 2020<\/p>\n<p>&nbsp;<\/p>\n<p><a href=\"https:\/\/cobayesdelazinsel.fr\/wp-content\/uploads\/2023\/09\/img_20230702_233317.jpg\"><img loading=\"lazy\" decoding=\"async\" class=\"alignleft size-large wp-image-7895\" src=\"https:\/\/cobayesdelazinsel.fr\/wp-content\/uploads\/2023\/09\/img_20230702_233317-862x1024.jpg\" alt=\"\" width=\"648\" height=\"770\" srcset=\"https:\/\/cobayesdelazinsel.fr\/wp-content\/uploads\/2023\/09\/img_20230702_233317-862x1024.jpg 862w, https:\/\/cobayesdelazinsel.fr\/wp-content\/uploads\/2023\/09\/img_20230702_233317-253x300.jpg 253w, https:\/\/cobayesdelazinsel.fr\/wp-content\/uploads\/2023\/09\/img_20230702_233317-768x912.jpg 768w, https:\/\/cobayesdelazinsel.fr\/wp-content\/uploads\/2023\/09\/img_20230702_233317-1294x1536.jpg 1294w, https:\/\/cobayesdelazinsel.fr\/wp-content\/uploads\/2023\/09\/img_20230702_233317-1725x2048.jpg 1725w\" sizes=\"auto, (max-width: 648px) 100vw, 648px\" \/><\/a><\/p>\n<p>&nbsp;<\/p>\n<p>&nbsp;<\/p>\n<p>&nbsp;<\/p>\n<p>&nbsp;<\/p>\n<p>&nbsp;<\/p>\n<p>&nbsp;<\/p>\n<p>&nbsp;<\/p>\n<p>&nbsp;<\/p>\n<p>&nbsp;<\/p>\n<p>&nbsp;<\/p>\n<p>&nbsp;<\/p>\n<p>&nbsp;<\/p>\n<p>&nbsp;<\/p>\n<p>&nbsp;<\/p>\n<p>&nbsp;<\/p>\n<p>&nbsp;<\/p>\n<p>&nbsp;<\/p>\n<p>&nbsp;<\/p>\n<p>&nbsp;<\/p>\n<p>Fripouille de la Zinsel<br \/>\nCrois\u00e9 p\u00e9ruvien<br \/>\n2023<\/p>\n<p>&nbsp;<\/p>\n<p>&nbsp;<\/p>\n<p><a href=\"https:\/\/cobayesdelazinsel.fr\/wp-content\/uploads\/2023\/11\/cachou2.jpg\"><img loading=\"lazy\" decoding=\"async\" class=\"alignleft size-large wp-image-7957\" src=\"https:\/\/cobayesdelazinsel.fr\/wp-content\/uploads\/2023\/11\/cachou2-1024x768.jpg\" alt=\"\" width=\"648\" height=\"486\" srcset=\"https:\/\/cobayesdelazinsel.fr\/wp-content\/uploads\/2023\/11\/cachou2-1024x768.jpg 1024w, https:\/\/cobayesdelazinsel.fr\/wp-content\/uploads\/2023\/11\/cachou2-300x225.jpg 300w, https:\/\/cobayesdelazinsel.fr\/wp-content\/uploads\/2023\/11\/cachou2-768x576.jpg 768w, https:\/\/cobayesdelazinsel.fr\/wp-content\/uploads\/2023\/11\/cachou2.jpg 1490w\" sizes=\"auto, (max-width: 648px) 100vw, 648px\" \/><\/a><\/p>\n<p>&nbsp;<\/p>\n<p>&nbsp;<\/p>\n<p>&nbsp;<\/p>\n<p>&nbsp;<\/p>\n<p>&nbsp;<\/p>\n<p>&nbsp;<\/p>\n<p>&nbsp;<\/p>\n<p>&nbsp;<\/p>\n<p>&nbsp;<\/p>\n<p>&nbsp;<\/p>\n<p>&nbsp;<\/p>\n<p>&nbsp;<\/p>\n<p>Cachou<br \/>\nFelpa noire<br \/>\n2021<\/p>\n<p>&nbsp;<\/p>\n<p><a href=\"https:\/\/cobayesdelazinsel.fr\/wp-content\/uploads\/2024\/01\/IMG_20231108_170644-scaled.jpg\"><img loading=\"lazy\" decoding=\"async\" class=\"alignleft size-large wp-image-7991\" src=\"https:\/\/cobayesdelazinsel.fr\/wp-content\/uploads\/2024\/01\/IMG_20231108_170644-1024x640.jpg\" alt=\"\" width=\"648\" height=\"405\" srcset=\"https:\/\/cobayesdelazinsel.fr\/wp-content\/uploads\/2024\/01\/IMG_20231108_170644-1024x640.jpg 1024w, https:\/\/cobayesdelazinsel.fr\/wp-content\/uploads\/2024\/01\/IMG_20231108_170644-300x187.jpg 300w, https:\/\/cobayesdelazinsel.fr\/wp-content\/uploads\/2024\/01\/IMG_20231108_170644-768x480.jpg 768w, https:\/\/cobayesdelazinsel.fr\/wp-content\/uploads\/2024\/01\/IMG_20231108_170644-1536x960.jpg 1536w, https:\/\/cobayesdelazinsel.fr\/wp-content\/uploads\/2024\/01\/IMG_20231108_170644-2048x1279.jpg 2048w\" sizes=\"auto, (max-width: 648px) 100vw, 648px\" \/><\/a><\/p>\n<p>&nbsp;<\/p>\n<p>&nbsp;<\/p>\n<p>&nbsp;<\/p>\n<p>&nbsp;<\/p>\n<p>&nbsp;<\/p>\n<p>&nbsp;<\/p>\n<p>&nbsp;<\/p>\n<p>&nbsp;<\/p>\n<p>&nbsp;<\/p>\n<p>&nbsp;<\/p>\n<p>Touffe de la Zinsel<br \/>\nCrois\u00e9 felpa x p\u00e9ruvien (F2)<br \/>\n2023<\/p>\n<p>De nombreux cobayes retrait\u00e9s \/ de compagnie ne sont pas en photos sur le site&#8230; J&#8217;en ai environ une vingtaine \ud83d\ude09<\/p>\n","protected":false},"excerpt":{"rendered":"<p>Mes cobayes retrait\u00e9s, chers \u00e0 mon coeur, qui finiront leur vie \u00e0 l&#8217;\u00e9levage paisiblement. &nbsp; &nbsp; &nbsp; &nbsp; &nbsp; &nbsp; &nbsp; &nbsp; &nbsp; &nbsp; &nbsp; &nbsp; Figue de la Zinsel Us-Teddy dapple N\u00e9e le 14 septembre 2020 &nbsp; &nbsp; &nbsp; &nbsp; &nbsp; &nbsp; &nbsp; &nbsp; &nbsp; &nbsp; &nbsp; &nbsp; &nbsp; &nbsp; &nbsp; &nbsp; &nbsp; &nbsp; [&hellip;]<\/p>\n","protected":false},"author":1,"featured_media":0,"parent":0,"menu_order":0,"comment_status":"closed","ping_status":"closed","template":"","meta":{"footnotes":""},"class_list":["post-6847","page","type-page","status-publish","hentry"],"_links":{"self":[{"href":"https:\/\/cobayesdelazinsel.fr\/index.php\/wp-json\/wp\/v2\/pages\/6847","targetHints":{"allow":["GET"]}}],"collection":[{"href":"https:\/\/cobayesdelazinsel.fr\/index.php\/wp-json\/wp\/v2\/pages"}],"about":[{"href":"https:\/\/cobayesdelazinsel.fr\/index.php\/wp-json\/wp\/v2\/types\/page"}],"author":[{"embeddable":true,"href":"https:\/\/cobayesdelazinsel.fr\/index.php\/wp-json\/wp\/v2\/users\/1"}],"replies":[{"embeddable":true,"href":"https:\/\/cobayesdelazinsel.fr\/index.php\/wp-json\/wp\/v2\/comments?post=6847"}],"version-history":[{"count":5,"href":"https:\/\/cobayesdelazinsel.fr\/index.php\/wp-json\/wp\/v2\/pages\/6847\/revisions"}],"predecessor-version":[{"id":7992,"href":"https:\/\/cobayesdelazinsel.fr\/index.php\/wp-json\/wp\/v2\/pages\/6847\/revisions\/7992"}],"wp:attachment":[{"href":"https:\/\/cobayesdelazinsel.fr\/index.php\/wp-json\/wp\/v2\/media?parent=6847"}],"curies":[{"name":"wp","href":"https:\/\/api.w.org\/{rel}","templated":true}]}}