{"id":69,"date":"2013-03-01T18:00:11","date_gmt":"2013-03-01T17:00:11","guid":{"rendered":"http:\/\/cobayesdelazinsel.fr\/wordpress\/?page_id=64"},"modified":"2018-02-27T23:27:57","modified_gmt":"2018-02-27T22:27:57","slug":"contact-2","status":"publish","type":"page","link":"https:\/\/cobayesdelazinsel.fr\/index.php\/contact-2\/","title":{"rendered":"Contact"},"content":{"rendered":"<p style=\"text-align: justify;\"><b><a href=\"http:\/\/cobayesdelazinsel.fr\/wp-content\/uploads\/2013\/03\/no-photo.png\"><img loading=\"lazy\" decoding=\"async\" class=\"size-medium wp-image-3422 alignright\" src=\"http:\/\/cobayesdelazinsel.fr\/wp-content\/uploads\/2013\/03\/no-photo-300x225.png\" alt=\"\" width=\"300\" height=\"225\" srcset=\"https:\/\/cobayesdelazinsel.fr\/wp-content\/uploads\/2013\/03\/no-photo-300x225.png 300w, https:\/\/cobayesdelazinsel.fr\/wp-content\/uploads\/2013\/03\/no-photo-768x576.png 768w, https:\/\/cobayesdelazinsel.fr\/wp-content\/uploads\/2013\/03\/no-photo.png 820w\" sizes=\"auto, (max-width: 300px) 100vw, 300px\" \/><\/a>REISS Madeline<\/b><br \/>\n<b>Gumbrechtshoffen &#8211; Alsace &#8211; France<\/b><\/p>\n<p>Si vous souhaitez plus de renseignements,<br \/>\nmerci de nous contacter par mail \u00e0 cette adresse :<br \/>\n<a href=\"mailto:adoption@cobayesdelazinsel.fr\"> adoption@cobayesdelazinsel.fr<br \/>\n<\/a><\/p>\n<p style=\"text-align: justify;\">Ce site est h\u00e9berg\u00e9 chez OVH et il est optimis\u00e9 pour un affichage en 1280 pixels et s&#8217;adapte sur tablettes et mobiles.<\/p>\n<h3 style=\"text-align: justify;\">Droits d&#8217;Auteur<\/h3>\n<p style=\"text-align: justify;\">L\u2019ensemble de ce site rel\u00e8ve de la l\u00e9gislation fran\u00e7aise et internationale sur le droit d\u2019auteur et la propri\u00e9t\u00e9 intellectuelle. Toute repr\u00e9sentation, reproduction, modification, utilisation commerciale, ainsi que tout transfert vers un autre site sont interdits, sauf autorisation \u00e0 demander par courrier \u00e0 cette adresse : madeline.reiss@cobayesdelazinsel.fr Seule une utilisation \u00e0 des fins strictement personnelle est autoris\u00e9e.<\/p>\n<h3 style=\"text-align: justify;\">Liens hypertextes, responsabilit\u00e9s<\/h3>\n<p style=\"text-align: justify;\">Les liens hypertextes pr\u00e9sents sur le site orientant les utilisateurs vers d\u2019autres sites Internet n\u2019engagent pas la responsabilit\u00e9 du Webmaster de &#8220;Les Cobayes de la Zinsel&#8221; c&#8217;est \u00e0 dire Reiss Madeline quant au contenu de ces sites. Toute personne physique ou morale souhaitant que soit \u00e9tabli un lien avec www.cobayesdelazinsel.fr \u00e0 partir de mon site, doit pr\u00e9alablement en demander l\u2019autorisation.(voir page &#8220;Liens&#8221;)<br \/>\nL\u2019\u00e9tablissement de lien vers notre site ne requiert pas d\u2019autorisation. Le site des &#8220;Cobayes de la Zinsel&#8221; d\u00e9gage toute responsabilit\u00e9 dans ce cas.<\/p>\n<p><span style=\"border-radius: 2px; text-indent: 20px; width: auto; padding: 0px 4px 0px 0px; text-align: center; font: bold 11px\/20px 'Helvetica Neue',Helvetica,sans-serif; color: #ffffff; background: #bd081c no-repeat scroll 3px 50% \/ 14px 14px; position: absolute; opacity: 1; z-index: 8675309; display: none; cursor: pointer; top: 220px; left: 20px;\">Enregistrer<\/span><\/p>\n<p><span style=\"border-radius: 2px; text-indent: 20px; width: auto; padding: 0px 4px 0px 0px; text-align: center; font: bold 11px\/20px 'Helvetica Neue',Helvetica,sans-serif; color: #ffffff; background: #bd081c no-repeat scroll 3px 50% \/ 14px 14px; position: absolute; opacity: 1; z-index: 8675309; display: none; cursor: pointer; top: 44px; left: 20px;\">Enregistrer<\/span><\/p>\n<p><span style=\"border-radius: 2px; text-indent: 20px; width: auto; padding: 0px 4px 0px 0px; text-align: center; font: bold 11px\/20px 'Helvetica Neue',Helvetica,sans-serif; color: #ffffff; background: #bd081c no-repeat scroll 3px 50% \/ 14px 14px; position: absolute; opacity: 1; z-index: 8675309; display: none; cursor: pointer; top: 44px; left: 1099px;\">Enregistrer<\/span><\/p>\n","protected":false},"excerpt":{"rendered":"<p>REISS Madeline Gumbrechtshoffen &#8211; Alsace &#8211; France Si vous souhaitez plus de renseignements, merci de nous contacter par mail \u00e0 cette adresse : adoption@cobayesdelazinsel.fr Ce site est h\u00e9berg\u00e9 chez OVH et il est optimis\u00e9 pour un affichage en 1280 pixels et s&#8217;adapte sur tablettes et mobiles. Droits d&#8217;Auteur L\u2019ensemble de ce site rel\u00e8ve de la [&hellip;]<\/p>\n","protected":false},"author":1,"featured_media":0,"parent":0,"menu_order":0,"comment_status":"closed","ping_status":"open","template":"","meta":{"footnotes":""},"class_list":["post-69","page","type-page","status-publish","hentry"],"_links":{"self":[{"href":"https:\/\/cobayesdelazinsel.fr\/index.php\/wp-json\/wp\/v2\/pages\/69","targetHints":{"allow":["GET"]}}],"collection":[{"href":"https:\/\/cobayesdelazinsel.fr\/index.php\/wp-json\/wp\/v2\/pages"}],"about":[{"href":"https:\/\/cobayesdelazinsel.fr\/index.php\/wp-json\/wp\/v2\/types\/page"}],"author":[{"embeddable":true,"href":"https:\/\/cobayesdelazinsel.fr\/index.php\/wp-json\/wp\/v2\/users\/1"}],"replies":[{"embeddable":true,"href":"https:\/\/cobayesdelazinsel.fr\/index.php\/wp-json\/wp\/v2\/comments?post=69"}],"version-history":[{"count":3,"href":"https:\/\/cobayesdelazinsel.fr\/index.php\/wp-json\/wp\/v2\/pages\/69\/revisions"}],"predecessor-version":[{"id":4783,"href":"https:\/\/cobayesdelazinsel.fr\/index.php\/wp-json\/wp\/v2\/pages\/69\/revisions\/4783"}],"wp:attachment":[{"href":"https:\/\/cobayesdelazinsel.fr\/index.php\/wp-json\/wp\/v2\/media?parent=69"}],"curies":[{"name":"wp","href":"https:\/\/api.w.org\/{rel}","templated":true}]}}