{"id":70,"date":"2013-03-01T18:00:21","date_gmt":"2013-03-01T17:00:21","guid":{"rendered":"http:\/\/cobayesdelazinsel.fr\/wordpress\/?page_id=65"},"modified":"2018-02-19T22:24:12","modified_gmt":"2018-02-19T21:24:12","slug":"liens-2","status":"publish","type":"page","link":"https:\/\/cobayesdelazinsel.fr\/index.php\/liens-2\/","title":{"rendered":"Liens"},"content":{"rendered":"<p><a href=\"http:\/\/chonsdeloliveraie.e-monsite.com\/\" target=\"_blank\" rel=\"noopener noreferrer\"><img loading=\"lazy\" decoding=\"async\" class=\"alignnone\" src=\"http:\/\/u.jimdo.com\/www7\/o\/s53c095954d0a95d7\/img\/i3f58ec73fd6f21b7\/1322921941\/std\/image.jpg\" alt=\"\" width=\"470\" height=\"105\" \/><\/a><\/p>\n<h2>Les Cobayes de l&#8217;Oliveraie<\/h2>\n<p>Elevage de notre amie Sandrine, qui \u00e9l\u00e8ve des vari\u00e9t\u00e9s \u00e0 poils longs o\u00f9 l&#8217;un de ses p\u00e9ruviens a d\u00e9croch\u00e9 le prestigieux prix du Pr\u00e9sident de la R\u00e9publique (le 1er cobaye en France \u00e0 obtenir cette distinction!). Sandrine \u00e9l\u00e8ve \u00e9galement des UPL, Rexs et \u00e9videmment des Us-Teddies. De tr\u00e8s beaux cobayes, la preuve avec ses r\u00e9sultats obtenus lors de grands championnats. Sandrine est une personne tr\u00e8s patiente et extr\u00e8mement gentille que j&#8217;appr\u00e9cie \u00e9norm\u00e9ment. En plus d&#8217;\u00eatre une amie, Sandrine en fait \u00e9norm\u00e9ment pour le monde caviacole de par sa forte implication au sein de grands organismes du cobaye de race en France.<\/p>\n<p><a href=\"http:\/\/www.leschonsdemeraude.net\/\"><img loading=\"lazy\" decoding=\"async\" class=\"alignleft size-full wp-image-4768\" src=\"http:\/\/cobayesdelazinsel.fr\/wp-content\/uploads\/2013\/03\/emeraude.jpg\" alt=\"\" width=\"550\" height=\"121\" srcset=\"https:\/\/cobayesdelazinsel.fr\/wp-content\/uploads\/2013\/03\/emeraude.jpg 550w, https:\/\/cobayesdelazinsel.fr\/wp-content\/uploads\/2013\/03\/emeraude-300x66.jpg 300w\" sizes=\"auto, (max-width: 550px) 100vw, 550px\" \/><\/a><\/p>\n<p>&nbsp;<\/p>\n<p>&nbsp;<\/p>\n<p>&nbsp;<\/p>\n<h2>Les Chons d&#8217;Emeraude<\/h2>\n<p>Elevage de Fabrice avec qui nous s\u00e9lectionnons nos cobayes. Fabrice \u00e9l\u00e8ve quelques cobayes \u00e0 poils longs et surtout des rexs et des Us-Teddies. Vous trouverez chez Fabrice des vari\u00e9t\u00e9s rares comme le californien en rex et en texel, mais aussi des Us-Teddies dapple. D&#8217;autres couleurs sont \u00e0 d\u00e9couvrir sur son site.<br \/>\nNous proposons r\u00e9guli\u00e8rement des petits de l&#8217;\u00e9levage de Fabrice \u00e0 l&#8217;adoption sur notre site. Olivier, Fabrice et moi-m\u00eame partageons les m\u00eames valeurs quant \u00e0 la s\u00e9lection et la maintenance de nos animaux. Une profonde amiti\u00e9 s&#8217;est cr\u00e9\u00e9e au fil des ann\u00e9es, il est donc tout \u00e0 fait logique pour nous de &#8220;travailler&#8221; ensemble et de vous proposer nos animaux \u00e0 l&#8217;adoption comme s&#8217;il ne s&#8217;agissait que d&#8217;un seul et m\u00eame \u00e9levage.<\/p>\n<p><a href=\"https:\/\/www.lescochonsdindedelachevalerie.fr\/\"><img loading=\"lazy\" decoding=\"async\" class=\"alignleft size-full wp-image-4491\" src=\"http:\/\/cobayesdelazinsel.fr\/wp-content\/uploads\/2013\/03\/chevalerie.jpg\" alt=\"\" width=\"500\" height=\"95\" srcset=\"https:\/\/cobayesdelazinsel.fr\/wp-content\/uploads\/2013\/03\/chevalerie.jpg 500w, https:\/\/cobayesdelazinsel.fr\/wp-content\/uploads\/2013\/03\/chevalerie-300x57.jpg 300w\" sizes=\"auto, (max-width: 500px) 100vw, 500px\" \/><\/a><\/p>\n<p>&nbsp;<\/p>\n<p>&nbsp;<\/p>\n<h2>Les Cochons d&#8217;Inde de la Chevalerie<\/h2>\n<p>Un &#8220;petit nouveau&#8221; sur la toile, mais d\u00e9j\u00e0 une longue exp\u00e9rience de l&#8217;\u00e9levage de cobayes ! Jos\u00e9 est re-tomb\u00e9 amoureux et nous avons eu l&#8217;honneur de lui confier quelques sp\u00e9cimens de notre \u00e9levage. Jos\u00e9 \u00e9l\u00e8ve exclusivement des cobayes \u00e0 poils courts tels que poils lisses, couronn\u00e9s, satins et bien s\u00fbr des Us-Teddies.<\/p>\n<p>&nbsp;<\/p>\n<h2>Elevage EM&#8217;S<\/h2>\n<p>Elevage de Margot et Ez\u00e9chiel So\u00efa, nos amis au grand coeur !<br \/>\nC&#8217;est sans aucun doute l&#8217;un des meilleur (pour ne pas dire le meilleur !) \u00e9levage en France !<br \/>\nMutliples champions de France et d&#8217;Europe, et m\u00eame un Prix du Pr\u00e9sident de la R\u00e9publique !<br \/>\nMargot est une sp\u00e9cialiste des cobayes \u00e0 poils longs et Ez\u00e9chiel, des cobayes \u00e0 poils courts dans de nombreuses vari\u00e9t\u00e9s et toutes de tr\u00e8s grande qualit\u00e9 !<br \/>\nSi vous recherchez quelque chose de pr\u00e9cis, au top du top, je vous conseille d&#8217;aller chez les So\u00efa, passionn\u00e9s et tr\u00e8s rigoureux dans leur s\u00e9lection ils sauront vous proposer de magnifiques animaux de s\u00e9lection mais aussi de compagnie.<br \/>\nEz\u00e9chiel est tr\u00e8s impliqu\u00e9 dans le monde caviacole : Pr\u00e9sident du CESCR, Tr\u00e9sorier de la FAEC et aussi juge sp\u00e9cialis\u00e9 cobayes ! Bref c&#8217;est THE sp\u00e9cialiste !<br \/>\nJe pourrais en \u00e9crire des tonnes, car ce sont pour nous des amis chers sur qui nous pouvons compter tous les jours.<\/p>\n<p><a href=\"http:\/\/elevage-des-crocus.e-monsite.com\/\" target=\"_blank\" rel=\"noopener noreferrer\"><img loading=\"lazy\" decoding=\"async\" class=\"alignnone\" src=\"http:\/\/elevage-des-crocus.e-monsite.com\/medias\/images\/peru-sheltie.jpg?fx=r_550_550\" alt=\"\" width=\"550\" height=\"365\" \/><\/a><\/p>\n<h2>Elevage des Crocus<\/h2>\n<p>Elevage de mon ami Nico, chauve mais expert en poils longs ! (il adore faire ce genre de boutades, il n&#8217;en sera que plus heureux !).<br \/>\nJe connais Nico depuis plus de 10 ans gr\u00e2ce \u00e0 Internet. Nico a toujours \u00e9lev\u00e9 des shelties, o\u00f9 il a cr\u00e9\u00e9 les lign\u00e9es fran\u00e7aises de shelties\/texels en marquage feu !<br \/>\nUn \u00e9norme travail de s\u00e9lection qu&#8217;il tient rigoureusement depuis de longues ann\u00e9es.<br \/>\nNico n&#8217;a jamais peur devant les nouveaux d\u00e9fi et c&#8217;est tout naturellement qu&#8217;il a d\u00e9cid\u00e9 de passer le marquage californien en poils longs, projet d\u00e9j\u00e0 bien avanc\u00e9, les premiers californiens en poils longs de chez Nico sont tr\u00e8s prometteurs !<\/p>\n<p>http:\/\/www.cobayesdelermitage.com<\/p>\n<h2>Les Cobayes de l&#8217;Ermitage<\/h2>\n<p>Anne n&#8217;est pas une ermite mais \u00e9l\u00e8ve avec passion des Us-Teddies en feu, ardoise et himalayen ainsi que des teddies suisses !<br \/>\nAnne est tr\u00e8s patiente et se donne \u00e0 fond dans la s\u00e9lection des vari\u00e9t\u00e9s qu&#8217;elle \u00e9l\u00e8ve, la qualit\u00e9 est au rendez-vous !<\/p>\n<p>http:\/\/www.lesgentilspouics.fr\/<\/p>\n<h2>Les Gentils Pouics<\/h2>\n<p>Elevage de Sylvie, v\u00e9t\u00e9rinaire et grande amoureuse des animaux, Sylvie \u00e9l\u00e8ve des Us-Teddies dans pas mal de couleurs que je vous laisse d\u00e9couvrir sur son site !<br \/>\nToujours toute sourire, Sylvie se donne \u00e0 fond dans l&#8217;\u00e9levage et ne recule pas devant la difficult\u00e9 de s\u00e9lection de certaines couleurs encore rares chez l&#8217;Us-Teddy.<\/p>\n<p>&nbsp;<\/p>\n<p><span style=\"border-radius: 2px; text-indent: 20px; width: auto; padding: 0px 4px 0px 0px; text-align: center; font: bold 11px\/20px 'Helvetica Neue',Helvetica,sans-serif; color: #ffffff; background: #bd081c no-repeat scroll 3px 50% \/ 14px 14px; position: absolute; opacity: 1; z-index: 8675309; display: none; cursor: pointer; top: 683px; left: 20px;\">Enregistrer<\/span><\/p>\n<p><span style=\"border-radius: 2px; text-indent: 20px; width: auto; padding: 0px 4px 0px 0px; text-align: center; font: bold 11px\/20px 'Helvetica Neue',Helvetica,sans-serif; color: #ffffff; background: #bd081c no-repeat scroll 3px 50% \/ 14px 14px; position: absolute; opacity: 1; z-index: 8675309; display: none; cursor: pointer; top: 1226px; left: 20px;\">Enregistrer<\/span><\/p>\n","protected":false},"excerpt":{"rendered":"<p>Les Cobayes de l&#8217;Oliveraie Elevage de notre amie Sandrine, qui \u00e9l\u00e8ve des vari\u00e9t\u00e9s \u00e0 poils longs o\u00f9 l&#8217;un de ses p\u00e9ruviens a d\u00e9croch\u00e9 le prestigieux prix du Pr\u00e9sident de la R\u00e9publique (le 1er cobaye en France \u00e0 obtenir cette distinction!). Sandrine \u00e9l\u00e8ve \u00e9galement des UPL, Rexs et \u00e9videmment des Us-Teddies. De tr\u00e8s beaux cobayes, la [&hellip;]<\/p>\n","protected":false},"author":1,"featured_media":0,"parent":0,"menu_order":0,"comment_status":"closed","ping_status":"open","template":"","meta":{"footnotes":""},"class_list":["post-70","page","type-page","status-publish","hentry"],"_links":{"self":[{"href":"https:\/\/cobayesdelazinsel.fr\/index.php\/wp-json\/wp\/v2\/pages\/70","targetHints":{"allow":["GET"]}}],"collection":[{"href":"https:\/\/cobayesdelazinsel.fr\/index.php\/wp-json\/wp\/v2\/pages"}],"about":[{"href":"https:\/\/cobayesdelazinsel.fr\/index.php\/wp-json\/wp\/v2\/types\/page"}],"author":[{"embeddable":true,"href":"https:\/\/cobayesdelazinsel.fr\/index.php\/wp-json\/wp\/v2\/users\/1"}],"replies":[{"embeddable":true,"href":"https:\/\/cobayesdelazinsel.fr\/index.php\/wp-json\/wp\/v2\/comments?post=70"}],"version-history":[{"count":4,"href":"https:\/\/cobayesdelazinsel.fr\/index.php\/wp-json\/wp\/v2\/pages\/70\/revisions"}],"predecessor-version":[{"id":4771,"href":"https:\/\/cobayesdelazinsel.fr\/index.php\/wp-json\/wp\/v2\/pages\/70\/revisions\/4771"}],"wp:attachment":[{"href":"https:\/\/cobayesdelazinsel.fr\/index.php\/wp-json\/wp\/v2\/media?parent=70"}],"curies":[{"name":"wp","href":"https:\/\/api.w.org\/{rel}","templated":true}]}}