{"id":744,"date":"2013-09-12T19:18:04","date_gmt":"2013-09-12T18:18:04","guid":{"rendered":"http:\/\/cobayesdelazinsel.fr\/wordpress\/?page_id=744"},"modified":"2025-05-09T23:23:38","modified_gmt":"2025-05-09T21:23:38","slug":"conditions-dadoption","status":"publish","type":"page","link":"https:\/\/cobayesdelazinsel.fr\/index.php\/elevage-2\/conditions-dadoption\/","title":{"rendered":"Conditions d&#8217;adoption"},"content":{"rendered":"<div id=\"corps\">\n<p><b>Merci de lire attentivement le texte qui suit, il est certes assez long mais riche en informations. Pour plus de renseignements n&#8217;h\u00e9sitez pas \u00e0 nous contacter par email. <\/b><\/p>\n<p>&nbsp;<\/p>\n<h3><strong><a href=\"http:\/\/cobayesdelazinsel.fr\/wp-content\/uploads\/2020\/01\/IMG_1613.jpg\"><img loading=\"lazy\" decoding=\"async\" class=\"alignleft size-medium wp-image-6294\" src=\"http:\/\/cobayesdelazinsel.fr\/wp-content\/uploads\/2020\/01\/IMG_1613-300x225.jpg\" alt=\"\" width=\"300\" height=\"225\" srcset=\"https:\/\/cobayesdelazinsel.fr\/wp-content\/uploads\/2020\/01\/IMG_1613-300x225.jpg 300w, https:\/\/cobayesdelazinsel.fr\/wp-content\/uploads\/2020\/01\/IMG_1613-768x576.jpg 768w, https:\/\/cobayesdelazinsel.fr\/wp-content\/uploads\/2020\/01\/IMG_1613-1024x768.jpg 1024w, https:\/\/cobayesdelazinsel.fr\/wp-content\/uploads\/2020\/01\/IMG_1613.jpg 1881w\" sizes=\"auto, (max-width: 300px) 100vw, 300px\" \/><\/a>Objectifs<br \/>\n<\/strong><\/h3>\n<p>Mon \u00e9levage de cochons d&#8217;inde de race est une passion, il n&#8217;est en aucun cas \u00e0 but lucratif. La vente des b\u00e9b\u00e9s ne m&#8217;apporte aucun b\u00e9n\u00e9fice, l&#8217;argent des adoptions sert \u00e0 entretenir mon \u00e9levage, acheter la nourriture, les installations, le mat\u00e9riel, les m\u00e9dicaments etc&#8230;<\/p>\n<p>&nbsp;<\/p>\n<\/div>\n<p>&nbsp;<\/p>\n<p>&nbsp;<\/p>\n<p>&nbsp;<\/p>\n<div id=\"corps\">\n<h3><strong><a href=\"http:\/\/cobayesdelazinsel.fr\/wp-content\/uploads\/2020\/01\/IMG_7200.jpg\"><img loading=\"lazy\" decoding=\"async\" class=\"alignleft size-medium wp-image-6295\" src=\"http:\/\/cobayesdelazinsel.fr\/wp-content\/uploads\/2020\/01\/IMG_7200-300x225.jpg\" alt=\"\" width=\"300\" height=\"225\" srcset=\"https:\/\/cobayesdelazinsel.fr\/wp-content\/uploads\/2020\/01\/IMG_7200-300x225.jpg 300w, https:\/\/cobayesdelazinsel.fr\/wp-content\/uploads\/2020\/01\/IMG_7200-768x576.jpg 768w, https:\/\/cobayesdelazinsel.fr\/wp-content\/uploads\/2020\/01\/IMG_7200-1024x768.jpg 1024w\" sizes=\"auto, (max-width: 300px) 100vw, 300px\" \/><\/a>Disponibilit\u00e9 &#8211; vente<\/strong><\/h3>\n<p>Les b\u00e9b\u00e9s sont disponibles \u00e0 partir de 5\/6 semaines et d&#8217;un poids minimum de 300 grammes. Nous ne faisons plus de pedigrees, nous pourrons vous indiquer la date de naissance et la couleur des parents.<br \/>\nToutes nos lign\u00e9es sont pures, dans le cas de croisements pour l&#8217;arriv\u00e9e de nouvelles couleurs, ceci sera toujours clairement indiqu\u00e9.<br \/>\nLes cobayes vendus pour &#8220;compagnie&#8221; n&#8217;ont pas de probl\u00e8mes de sant\u00e9 ou physique, ce sont simplement des cochons d&#8217;Inde qui ne sont pas pr\u00e9destin\u00e9s \u00e0 devenir des reproducteurs de par des crit\u00e8res purement esth\u00e9tiques.<\/p>\n<\/div>\n<p>&nbsp;<\/p>\n<p>&nbsp;<\/p>\n<p>&nbsp;<\/p>\n<div id=\"corps\">\n<h3><strong>Nourriture<\/strong><\/h3>\n<p>Mes cochons d&#8217;inde sont habitu\u00e9s \u00e0 manger de la verdure, ils mangent donc un peu de tout : fruits et l\u00e9gumes de saison (et en majorit\u00e9 BIO) mais aussi beaucoup d&#8217;herbe car ils vivent \u00e0 l&#8217;ext\u00e9rieur durant les beaux jours. Nourriture distribu\u00e9e en hiver : Foin \u00e0 volont\u00e9, granul\u00e9s de la marque Bellann\u00e9, des carottes bio en g\u00e9n\u00e9reuses quantit\u00e9s chaque jour ainsi que des \u00e9pluchures r\u00e9guli\u00e8rement. En \u00e9t\u00e9 : herbe \u00e0 volont\u00e9, foin, granul\u00e9s, fruits et l\u00e9gumes de saison. Bien sur de l&#8217;eau fraiche du puits toute l&#8217;ann\u00e9e.<\/p>\n<p>&nbsp;<\/p>\n<h3><strong>\u00c9levage<br \/>\n<\/strong><\/h3>\n<p>Mes cochons d&#8217;inde sont \u00e9lev\u00e9s en ext\u00e9rieur, la moiti\u00e9 de l&#8217;ann\u00e9e ils la passent dans les parcs dehors, en hiver je les rentre dans mon local (cf <a href=\"http:\/\/cobayesdelazinsel.fr\/index.php\/elevage-2\/installations\/\">mes installations<\/a>). Les femelles vivent et \u00e9l\u00e8vent leurs petits ensembles. N\u00e9anmoins mes cochons d&#8217;inde ont l&#8217;habitude d&#8217;\u00eatre manipul\u00e9s et ne sont pas sauvages, je les tiens assez souvent pour les toiletter, mais aussi tout simplement pour leur faire des c\u00e2lins et des caresses. <strong>Avant d&#8217;\u00eatre des reproducteurs ce sont pour moi mes animaux de compagnie et ils font partie de la famille.<\/strong> La plupart de mes souches viennent d&#8217;Allemagne, je n&#8217;ach\u00e8te que des cobayes dans des \u00e9levages r\u00e9put\u00e9s pour leur s\u00e9rieux et leur qualit\u00e9. Tous mes Us-teddies viennent d&#8217;Allemagne ou de Hollande, la souche (de mes quadrio foglio notamment) a \u00e9t\u00e9 import\u00e9e il y a moins de 20 ans des Etats-Unis, ils ont tous des papiers et sont de VRAIS Us-teddies et non pas des rexs ! R\u00e9cemment j&#8217;ai m\u00eame fait venir de nouveaux m\u00e2les reproducteurs de Hollande afin d&#8217;am\u00e9liorer encore davantage mes propres souches. Bien sur, la majorit\u00e9 de mes reproducteurs sont n\u00e9s chez moi, donc au bout de quelques ann\u00e9es j&#8217;ai fait mes propres lign\u00e9es, mais je pense qu&#8217;il est tout de m\u00eame utile de dire que mes souches d&#8217;origines sont tr\u00e8s bonnes et qu&#8217;elles sont de qualit\u00e9.\u00a0Je suis passionn\u00e9e par la g\u00e9n\u00e9tique du cobaye et mes animaux sont s\u00e9lectionn\u00e9s avec soin, ceci afin d&#8217;obtenir des cobayes sains, robustes, bien typ\u00e9s et sociables.<\/p>\n<p>&nbsp;<\/p>\n<\/div>\n<div id=\"corps\">\n<h3><strong><a href=\"http:\/\/cobayesdelazinsel.fr\/wp-content\/uploads\/2020\/01\/les-males.jpg\"><img loading=\"lazy\" decoding=\"async\" class=\"alignleft size-medium wp-image-6298\" src=\"http:\/\/cobayesdelazinsel.fr\/wp-content\/uploads\/2020\/01\/les-males-300x138.jpg\" alt=\"\" width=\"300\" height=\"138\" srcset=\"https:\/\/cobayesdelazinsel.fr\/wp-content\/uploads\/2020\/01\/les-males-300x138.jpg 300w, https:\/\/cobayesdelazinsel.fr\/wp-content\/uploads\/2020\/01\/les-males-768x353.jpg 768w, https:\/\/cobayesdelazinsel.fr\/wp-content\/uploads\/2020\/01\/les-males-1024x470.jpg 1024w\" sizes=\"auto, (max-width: 300px) 100vw, 300px\" \/><\/a>UN ou plusieurs<br \/>\n<\/strong><\/h3>\n<p>Le cochon d&#8217;inde est un animal sociable qui n&#8217;aime pas vivre seul. <strong>Je ne c\u00e8derais aucun cochon d&#8217;inde pour qu&#8217;il vive seul<\/strong>, vous devez soit en avoir d\u00e9j\u00e0 un, soit en adopter deux (ou plus). Deux femelles peuvent convenir, mais deux m\u00e2les \u00e9galement. Contrairement \u00e0 ce que l&#8217;on peut croire les m\u00e2les ne se battent pas forc\u00e9ment, s&#8217;ils sont habitu\u00e9s \u00e0 vivre ensemble, qu&#8217;ils ne voient pas de femelles alors cela ne pose pas de probl\u00e8mes.<\/p>\n<p>&nbsp;<\/p>\n<h3><\/h3>\n<h3><strong>R\u00e9servations<\/strong><\/h3>\n<p>Je ne fais pas de pr\u00e9-r\u00e9servation, c&#8217;est-\u00e0-dire que les petits ne sont disponibles qu&#8217;une fois qu&#8217;ils sont propos\u00e9s sur la page &#8220;Adoptions&#8221; du site. Je pars \u00e9galement du principe &#8220;premier arriv\u00e9, premier servi&#8221;, donc si un cobaye pr\u00e9cis vous int\u00e9resse le mieux est d&#8217;\u00eatre attentif.<\/p>\n<p>Si le cochon d&#8217;inde de vos r\u00eaves est encore disponible, n&#8217;h\u00e9sitez pas, il suffit de m&#8217;envoyer un mail. Si le cochon d&#8217;inde est toujours disponible et qu&#8217;il vous plait, que vous me semblez s\u00e9rieux et aimez les animaux alors le cochon d&#8217;inde vous sera r\u00e9serv\u00e9. Pour la r\u00e9servation je demande un acompte correspondant \u00e0 la moiti\u00e9 de la somme totale. Je pose donc une option sur le cochon d&#8217;inde pendant 5 jours, pass\u00e9 ce d\u00e9lai et si vous ne m&#8217;avez pas r\u00e9gl\u00e9 l&#8217;acompte, le cochon d&#8217;inde sera remis \u00e0 l&#8217;adoption sans aucun pr\u00e9avis. Le jour o\u00f9 vous viendrez le chercher vous pourrez me donner le reste \u00e0 payer. <strong>En cas de d\u00e9sistement l&#8217;acompte ne sera pas rembours\u00e9 sauf si probl\u00e8me li\u00e9 \u00e0 l&#8217;animal.<\/strong><\/p>\n<p>Les cochons d&#8217;inde sont \u00e0 chercher \u00e0 l&#8217;\u00e9levage, je ne ferais pas la livraison (sauf cas exceptionnels si je viens \u00e0 me d\u00e9placer pour des raisons personnelles). J&#8217;habite en Alsace dans le Bas-Rhin (67) \u00e0 Gumbrechtshoffen. Envoi par transporteur IMPOSSIBLE, France Express ayant cess\u00e9 le transport d&#8217;animaux vivants dans ma r\u00e9gion, et je ne fais <strong>PAS de covoiturages<\/strong>, sauf si vous connaissez personnellement quelqu&#8217;un qui peut r\u00e9cup\u00e9rer votre cobaye \u00e0 l&#8217;\u00e9levage.<br \/>\nAyant un travail \u00e0 temps plein ainsi qu&#8217;une vie de famille (et oui les cochons d&#8217;Inde ne sont &#8220;qu&#8217;une passion&#8221; bien que tr\u00e8s prenante), nous ne pouvons vous recevoir que sur rendez vous.<br \/>\n<strong>Nous ne faisons donc pas de visites d&#8217;\u00e9levage pour les curieux, merci pour votre compr\u00e9hension.<\/strong><\/p>\n<\/div>\n<p>&nbsp;<\/p>\n<div id=\"corps\">\n<h3><strong><a href=\"http:\/\/cobayesdelazinsel.fr\/wp-content\/uploads\/2020\/01\/M\u00e2le-us-teddy-qf-2-3.jpg\"><img loading=\"lazy\" decoding=\"async\" class=\"alignleft size-medium wp-image-6296\" src=\"http:\/\/cobayesdelazinsel.fr\/wp-content\/uploads\/2020\/01\/M\u00e2le-us-teddy-qf-2-3-300x300.jpg\" alt=\"\" width=\"300\" height=\"300\" srcset=\"https:\/\/cobayesdelazinsel.fr\/wp-content\/uploads\/2020\/01\/M\u00e2le-us-teddy-qf-2-3-300x300.jpg 300w, https:\/\/cobayesdelazinsel.fr\/wp-content\/uploads\/2020\/01\/M\u00e2le-us-teddy-qf-2-3-150x150.jpg 150w, https:\/\/cobayesdelazinsel.fr\/wp-content\/uploads\/2020\/01\/M\u00e2le-us-teddy-qf-2-3-768x768.jpg 768w, https:\/\/cobayesdelazinsel.fr\/wp-content\/uploads\/2020\/01\/M\u00e2le-us-teddy-qf-2-3-1024x1024.jpg 1024w, https:\/\/cobayesdelazinsel.fr\/wp-content\/uploads\/2020\/01\/M\u00e2le-us-teddy-qf-2-3-60x60.jpg 60w, https:\/\/cobayesdelazinsel.fr\/wp-content\/uploads\/2020\/01\/M\u00e2le-us-teddy-qf-2-3.jpg 1560w\" sizes=\"auto, (max-width: 300px) 100vw, 300px\" \/><\/a>Frais d&#8217;adoption<br \/>\n<\/strong><\/h3>\n<p>Je demande une participation pour l&#8217;adoption des cochons d&#8217;Inde, je ne les donne pas gratuitement.<\/p>\n<p>Cet argent me permet de couvrir une partie des frais qu&#8217;engendre l&#8217;\u00e9levage, et c&#8217;est loin d&#8217;\u00eatre suffisant&#8230;<br \/>\nS&#8217;occuper des animaux correctement avec une liti\u00e8re propre, une nourriture saine de qualit\u00e9 et des soins appropri\u00e9s est un budget.<\/p>\n<p>Leur bien-\u00eatre m&#8217;est primordial, leur repos et leurs besoins respect\u00e9s, je ne fais pas enchainer les port\u00e9es \u00e0 mes femelles (1 ou 2 par an max).<\/p>\n<p>Le prix demand\u00e9 est largement justifi\u00e9 par la qualit\u00e9 de vie de mes animaux mais aussi la qualit\u00e9 de mes lign\u00e9es.<strong><br \/>\n<\/strong><\/p>\n<p>Les tarifs ne sont pas n\u00e9gociables, nous ne vendons pas des objets mais pla\u00e7ons des \u00eatres vivants. Nous nous donnons le droit de refuser une adoption si celle-ci ne nous semble pas s\u00e9rieuse.<\/p>\n<\/div>\n<h3><\/h3>\n<p>&nbsp;<\/p>\n<p>&nbsp;<\/p>\n<div id=\"corps\">\n<h3><\/h3>\n<h3><strong>Traitements pr\u00e9ventifs<br \/>\n<\/strong><\/h3>\n<p>Les cochons d&#8217;inde sont trait\u00e9s contre les parasites internes et externes (gale), contre la coccidiose et contre les mycoses (teigne).<br \/>\nLes cochons d&#8217;inde sont des animaux vivants, je ne peux donc pas donner de garanties, il peut comme tout \u00eatre vivant : tomber malade ou m\u00eame mourir.<br \/>\nAvant toute adoption je v\u00e9rifie minutieusement l&#8217;\u00e9tat de sant\u00e9 de l&#8217;animal, au moindre doute il se peut que je repousse l&#8217;adoption pour refaire un traitement en pr\u00e9ventif par exemple. Il n&#8217;y a jamais de risque &#8220;0&#8221;, le cobaye peut tomber malade apr\u00e8s son adoption. \u00c9tant donn\u00e9 que je v\u00e9rifie avec soin l&#8217;\u00e9tat de sant\u00e9 de l&#8217;animal, que sa bonne sant\u00e9 est \u00e9galement constat\u00e9e lors de l&#8217;adoption par ses adoptants je ne peux en aucun cas \u00eatre tenue responsable si l&#8217;animal tombe malade apr\u00e8s son adoption. Apr\u00e8s l&#8217;adoption il est de votre ressort de soigner votre cochon d&#8217;inde.<br \/>\nEn cas de doute il est toujours pr\u00e9f\u00e9rable de faire appel \u00e0 votre v\u00e9t\u00e9rinaire.<\/p>\n<p>&nbsp;<\/p>\n<h3><strong>Apr\u00e8s-Adoption<\/strong><\/h3>\n<p>Si un jour vous ne pouvez plus garder le cochon d&#8217;inde que vous m&#8217;avez adopt\u00e9, merci de m&#8217;en tenir inform\u00e9e. Je pourrais alors vous aider \u00e0 lui trouver une nouvelle famille ou le cas \u00e9ch\u00e9ant reprendre le cochon d&#8217;inde. Les cochons d&#8217;inde ramen\u00e9s \u00e0 l&#8217;\u00e9levage ne seront pas rembours\u00e9s, ce ne sont pas des objets que l&#8217;on ram\u00e8ne au magasin parce qu&#8217;on n&#8217;en veut plus !<\/p>\n<\/div>\n<p>&nbsp;<\/p>\n<p>&nbsp;<\/p>\n<div id=\"corps\">\n<p><strong>Merci d&#8217;avoir lu ces r\u00e8gles, si vous \u00eates bien d&#8217;accord avec tout ce qui est \u00e9crit ci-dessus vous \u00eates pr\u00e8s \u00e0 adopter un &#8220;Cobaye de la Zinsel&#8221;.<\/strong><\/p>\n<p>Madeline<\/p>\n<\/div>\n<p><span style=\"border-radius: 2px; text-indent: 20px; width: auto; padding: 0px 4px 0px 0px; text-align: center; font: bold 11px\/20px 'Helvetica Neue',Helvetica,sans-serif; color: #ffffff; background: #bd081c no-repeat scroll 3px 50% \/ 14px 14px; position: absolute; opacity: 1; z-index: 8675309; display: none; cursor: pointer; top: 488px; left: 20px;\">Enregistrer<\/span><\/p>\n","protected":false},"excerpt":{"rendered":"<p>Merci de lire attentivement le texte qui suit, il est certes assez long mais riche en informations. Pour plus de renseignements n&#8217;h\u00e9sitez pas \u00e0 nous contacter par email. &nbsp; Objectifs Mon \u00e9levage de cochons d&#8217;inde de race est une passion, il n&#8217;est en aucun cas \u00e0 but lucratif. La vente des b\u00e9b\u00e9s ne m&#8217;apporte aucun [&hellip;]<\/p>\n","protected":false},"author":1,"featured_media":0,"parent":56,"menu_order":0,"comment_status":"closed","ping_status":"open","template":"","meta":{"footnotes":""},"class_list":["post-744","page","type-page","status-publish","hentry"],"_links":{"self":[{"href":"https:\/\/cobayesdelazinsel.fr\/index.php\/wp-json\/wp\/v2\/pages\/744","targetHints":{"allow":["GET"]}}],"collection":[{"href":"https:\/\/cobayesdelazinsel.fr\/index.php\/wp-json\/wp\/v2\/pages"}],"about":[{"href":"https:\/\/cobayesdelazinsel.fr\/index.php\/wp-json\/wp\/v2\/types\/page"}],"author":[{"embeddable":true,"href":"https:\/\/cobayesdelazinsel.fr\/index.php\/wp-json\/wp\/v2\/users\/1"}],"replies":[{"embeddable":true,"href":"https:\/\/cobayesdelazinsel.fr\/index.php\/wp-json\/wp\/v2\/comments?post=744"}],"version-history":[{"count":8,"href":"https:\/\/cobayesdelazinsel.fr\/index.php\/wp-json\/wp\/v2\/pages\/744\/revisions"}],"predecessor-version":[{"id":8392,"href":"https:\/\/cobayesdelazinsel.fr\/index.php\/wp-json\/wp\/v2\/pages\/744\/revisions\/8392"}],"up":[{"embeddable":true,"href":"https:\/\/cobayesdelazinsel.fr\/index.php\/wp-json\/wp\/v2\/pages\/56"}],"wp:attachment":[{"href":"https:\/\/cobayesdelazinsel.fr\/index.php\/wp-json\/wp\/v2\/media?parent=744"}],"curies":[{"name":"wp","href":"https:\/\/api.w.org\/{rel}","templated":true}]}}