{"id":8681,"date":"2026-05-13T10:37:56","date_gmt":"2026-05-13T08:37:56","guid":{"rendered":"https:\/\/cobayesdelazinsel.fr\/?page_id=8681"},"modified":"2026-05-13T11:46:27","modified_gmt":"2026-05-13T09:46:27","slug":"agoutis","status":"publish","type":"page","link":"https:\/\/cobayesdelazinsel.fr\/index.php\/agoutis\/","title":{"rendered":"Agoutis"},"content":{"rendered":"<p>En projet depuis 2023 j&#8217;ai d\u00e9cid\u00e9 d&#8217;\u00e9lever un petit groupe d&#8217;Us-Teddies dans la gamme agouti, principalement en agouti argent\u00e9. Partie d&#8217;un bicolore agouti dor\u00e9 et blanc et de mes dapples en passant par les californiens, et voil\u00e0 qu&#8217;on y est.<\/p>\n<p>En 2024 les 1ers b\u00e9b\u00e9s agouti argent\u00e9s naissent : Silverstar et Crystal, puis les 1ers agouti canelle (variante havane) Cheyenne.<br \/>\nNous avons aussi un petit chouchou en bicolore notre Youpi.<\/p>\n<p>&nbsp;<\/p>\n<h2 style=\"text-align: center;\">M\u00e2les<\/h2>\n<p>&nbsp;<\/p>\n<p style=\"text-align: center;\"><strong>Sylverstar de la Zinsel<\/strong><br \/>\nUs-Teddy californien agouti argent\u00e9<br \/>\n18.09.2024<\/p>\n<p style=\"text-align: center;\"><strong>Pepito de la Zinsel<\/strong><br \/>\nUs-Teddy havane<br \/>\n20.09.2024<\/p>\n<p style=\"text-align: center;\"><strong>Youpi de la Zinsel<\/strong><br \/>\nUs-Teddy agouti argent\u00e9 et blanc<br \/>\n03.06.2025<\/p>\n<p>&nbsp;<\/p>\n<p style=\"text-align: center;\"><a href=\"https:\/\/cobayesdelazinsel.fr\/wp-content\/uploads\/2026\/05\/IMG_20260513_105617.jpg\"><img loading=\"lazy\" decoding=\"async\" class=\"size-large wp-image-8685 aligncenter\" src=\"https:\/\/cobayesdelazinsel.fr\/wp-content\/uploads\/2026\/05\/IMG_20260513_105617-1024x790.jpg\" alt=\"\" width=\"648\" height=\"500\" srcset=\"https:\/\/cobayesdelazinsel.fr\/wp-content\/uploads\/2026\/05\/IMG_20260513_105617-1024x790.jpg 1024w, https:\/\/cobayesdelazinsel.fr\/wp-content\/uploads\/2026\/05\/IMG_20260513_105617-300x231.jpg 300w, https:\/\/cobayesdelazinsel.fr\/wp-content\/uploads\/2026\/05\/IMG_20260513_105617-768x593.jpg 768w, https:\/\/cobayesdelazinsel.fr\/wp-content\/uploads\/2026\/05\/IMG_20260513_105617-1536x1185.jpg 1536w, https:\/\/cobayesdelazinsel.fr\/wp-content\/uploads\/2026\/05\/IMG_20260513_105617.jpg 1996w\" sizes=\"auto, (max-width: 648px) 100vw, 648px\" \/><\/a><\/p>\n<p style=\"text-align: center;\"><strong>Picasso de la Zinsel<\/strong><br \/>\nUs-Teddy Californien agouti cannelle<br \/>\n30.03.2026<\/p>\n<p>&nbsp;<\/p>\n<p>&nbsp;<\/p>\n<h2 style=\"text-align: center;\">Femelles<\/h2>\n<p style=\"text-align: center;\"><strong>Crystal de la Zinsel<\/strong><br \/>\nUs-Teddy californien agouti argent\u00e9<br \/>\n18.09.2024<\/p>\n<p style=\"text-align: center;\"><strong>Brenda de la Zinsel<\/strong><br \/>\nUs-Teddy agouti dor\u00e9<br \/>\n05.09.2024<\/p>\n<p style=\"text-align: center;\"><strong>Belette de la Zinsel<\/strong><br \/>\nUs-Teddy agouti havane<br \/>\n22.01.2025<\/p>\n<p style=\"text-align: center;\"><a href=\"https:\/\/cobayesdelazinsel.fr\/wp-content\/uploads\/2026\/05\/IMG_20260513_105416.jpg\"><img loading=\"lazy\" decoding=\"async\" class=\"size-large wp-image-8693 aligncenter\" src=\"https:\/\/cobayesdelazinsel.fr\/wp-content\/uploads\/2026\/05\/IMG_20260513_105416-1024x766.jpg\" alt=\"\" width=\"648\" height=\"485\" srcset=\"https:\/\/cobayesdelazinsel.fr\/wp-content\/uploads\/2026\/05\/IMG_20260513_105416-1024x766.jpg 1024w, https:\/\/cobayesdelazinsel.fr\/wp-content\/uploads\/2026\/05\/IMG_20260513_105416-300x224.jpg 300w, https:\/\/cobayesdelazinsel.fr\/wp-content\/uploads\/2026\/05\/IMG_20260513_105416-768x574.jpg 768w, https:\/\/cobayesdelazinsel.fr\/wp-content\/uploads\/2026\/05\/IMG_20260513_105416-1536x1149.jpg 1536w, https:\/\/cobayesdelazinsel.fr\/wp-content\/uploads\/2026\/05\/IMG_20260513_105416-2048x1531.jpg 2048w\" sizes=\"auto, (max-width: 648px) 100vw, 648px\" \/><\/a><strong>Cheyenne de la Zinsel<br \/>\n<\/strong>Us-Teddy<br \/>\nCalifornien agouti cannelle<br \/>\n15.06.2025<\/p>\n<p>&nbsp;<\/p>\n<p><a href=\"https:\/\/cobayesdelazinsel.fr\/wp-content\/uploads\/2026\/05\/IMG_20260513_105504.jpg\"><img loading=\"lazy\" decoding=\"async\" class=\"size-large wp-image-8687 aligncenter\" src=\"https:\/\/cobayesdelazinsel.fr\/wp-content\/uploads\/2026\/05\/IMG_20260513_105504-1024x837.jpg\" alt=\"\" width=\"648\" height=\"530\" srcset=\"https:\/\/cobayesdelazinsel.fr\/wp-content\/uploads\/2026\/05\/IMG_20260513_105504-1024x837.jpg 1024w, https:\/\/cobayesdelazinsel.fr\/wp-content\/uploads\/2026\/05\/IMG_20260513_105504-300x245.jpg 300w, https:\/\/cobayesdelazinsel.fr\/wp-content\/uploads\/2026\/05\/IMG_20260513_105504-768x628.jpg 768w, https:\/\/cobayesdelazinsel.fr\/wp-content\/uploads\/2026\/05\/IMG_20260513_105504-1536x1256.jpg 1536w, https:\/\/cobayesdelazinsel.fr\/wp-content\/uploads\/2026\/05\/IMG_20260513_105504.jpg 1948w\" sizes=\"auto, (max-width: 648px) 100vw, 648px\" \/><\/a><\/p>\n<p style=\"text-align: center;\"><strong>Cannelle de la Zinsel<\/strong><br \/>\nUs-Teddy agouti canelle<br \/>\n30.03.2026<\/p>\n<p>&nbsp;<\/p>\n<p style=\"text-align: center;\"><strong>Froufrou des Chons d&#8217;Emeraude<\/strong><br \/>\nUs-Teddy agouti argent\u00e9 et blanc<br \/>\n????<\/p>\n<p>&nbsp;<\/p>\n","protected":false},"excerpt":{"rendered":"<p>En projet depuis 2023 j&#8217;ai d\u00e9cid\u00e9 d&#8217;\u00e9lever un petit groupe d&#8217;Us-Teddies dans la gamme agouti, principalement en agouti argent\u00e9. Partie d&#8217;un bicolore agouti dor\u00e9 et blanc et de mes dapples en passant par les californiens, et voil\u00e0 qu&#8217;on y est. En 2024 les 1ers b\u00e9b\u00e9s agouti argent\u00e9s naissent : Silverstar et Crystal, puis les 1ers [&hellip;]<\/p>\n","protected":false},"author":1,"featured_media":0,"parent":0,"menu_order":0,"comment_status":"closed","ping_status":"closed","template":"","meta":{"footnotes":""},"class_list":["post-8681","page","type-page","status-publish","hentry"],"_links":{"self":[{"href":"https:\/\/cobayesdelazinsel.fr\/index.php\/wp-json\/wp\/v2\/pages\/8681","targetHints":{"allow":["GET"]}}],"collection":[{"href":"https:\/\/cobayesdelazinsel.fr\/index.php\/wp-json\/wp\/v2\/pages"}],"about":[{"href":"https:\/\/cobayesdelazinsel.fr\/index.php\/wp-json\/wp\/v2\/types\/page"}],"author":[{"embeddable":true,"href":"https:\/\/cobayesdelazinsel.fr\/index.php\/wp-json\/wp\/v2\/users\/1"}],"replies":[{"embeddable":true,"href":"https:\/\/cobayesdelazinsel.fr\/index.php\/wp-json\/wp\/v2\/comments?post=8681"}],"version-history":[{"count":6,"href":"https:\/\/cobayesdelazinsel.fr\/index.php\/wp-json\/wp\/v2\/pages\/8681\/revisions"}],"predecessor-version":[{"id":8695,"href":"https:\/\/cobayesdelazinsel.fr\/index.php\/wp-json\/wp\/v2\/pages\/8681\/revisions\/8695"}],"wp:attachment":[{"href":"https:\/\/cobayesdelazinsel.fr\/index.php\/wp-json\/wp\/v2\/media?parent=8681"}],"curies":[{"name":"wp","href":"https:\/\/api.w.org\/{rel}","templated":true}]}}